{"id":1588,"date":"2020-06-25T09:50:08","date_gmt":"2020-06-25T09:50:08","guid":{"rendered":"https:\/\/mardeespecias.com\/politica-de-privacidad\/"},"modified":"2023-05-12T09:42:34","modified_gmt":"2023-05-12T07:42:34","slug":"politica-de-privacidad","status":"publish","type":"page","link":"https:\/\/mardeespecias.com\/en\/politica-de-privacidad\/","title":{"rendered":"Privacy policy"},"content":{"rendered":"<div data-elementor-type=\"wp-page\" data-elementor-id=\"1588\" class=\"elementor elementor-1588\">\n\t\t\t\t\t\t<section class=\"elementor-section elementor-top-section elementor-element elementor-element-532e91cd elementor-section-boxed elementor-section-height-default elementor-section-height-default\" data-id=\"532e91cd\" data-element_type=\"section\" data-e-type=\"section\">\n\t\t\t\t\t\t<div class=\"elementor-container elementor-column-gap-default\">\n\t\t\t\t\t<div class=\"elementor-column elementor-col-100 elementor-top-column elementor-element elementor-element-6daeb62d\" data-id=\"6daeb62d\" data-element_type=\"column\" data-e-type=\"column\">\n\t\t\t<div class=\"elementor-widget-wrap elementor-element-populated\">\n\t\t\t\t\t\t<div class=\"elementor-element elementor-element-37a2b669 elementor-widget elementor-widget-text-editor\" data-id=\"37a2b669\" data-element_type=\"widget\" data-e-type=\"widget\" data-widget_type=\"text-editor.default\">\n\t\t\t\t<div class=\"elementor-widget-container\">\n\t\t\t\t\t\t\t\t\t<div id=\"clickdatos\">\n<h2>PRIVACY AND DATA PROTECTION POLICY<\/h2>\n<p>In compliance with Regulation (EU) 2016\/679 of the European Parliament and of the Council of 27 April 2016 on the protection of natural persons with regard to the processing of personal data, repealing Directive 95\/46\/EC (hereinafter, RGPD), Law 34\/2002 of 11 July, on information society services and electronic commerce (hereinafter, LSSI-CE) and the Organic Law 3\/2018, on Personal Data Protection and guarantee of digital rights (hereinafter, LOPDGDD), Mar de Especias guarantees the protection and confidentiality of personal data of any kind provided by our customers, in accordance with the provisions of the General Regulation on the Protection of Personal Data.<\/p>\n<p>The data provided will be treated in accordance with the terms established in the RGPD, in this sense Mar de Especias has adopted the legally required levels of protection, and has installed all the technical measures available to prevent the loss, misuse, alteration, unauthorised access by third parties, as described below. However, the user must be aware that Internet security measures are not impregnable.<\/p>\n<p><strong>Responsible for the treatment<\/strong><br>Name: Mar de Especias S.L.<br>CIF: B24732398<br>Direcci\u00f3n: c\/ Joaqu\u00edn Soler Serrano N\u00ba6 5\u00baA, 24404 Ponferrada Le\u00f3n.<br>Telephone: 717138443<br>E-mail: manuelblanco@mardeespecias.com<\/p>\n<p><strong>Purpose of the treatment<\/strong><br>All data provided by our customers and\/or visitors to the Mar de Especias website or its staff will be included in the register of personal data processing activities, created and maintained under the responsibility of Mar de Especias, essential to provide the services requested by users, or to resolve doubts or questions raised by our visitors. Our policy is not to elaborate profiles on the users of our services.<\/p>\n<p><strong>Legitimacy of the treatment<\/strong><\/p>\n<ol type=\"a\">\n<li>Contractual relationship: This is the one that applies when you purchase one of our products or contract one of our services.<\/li>\n<li>Legitimate interest: To deal with the queries and complaints that you make to us and to manage the collection of the amounts owed.<\/li>\n<li>Your consent: If you are a user of our website, by ticking the box on the contact form, you authorise us to send you the necessary communications to respond to your query or request for information.<\/li>\n<\/ol>\n<p><strong>Recipients<\/strong><br>We do not pass on your personal data to anyone, with the exception of those public or private entities to which we are obliged to provide your personal data in order to comply with any law. For example, the Tax Law obliges us to provide the Tax Agency with certain information on financial transactions exceeding a certain amount.<\/p>\n<p>In the event that, apart from the aforementioned cases, we need to disclose your personal information to other entities, we will request your prior permission through clear options that will allow you to decide in this regard.<\/p>\n<p><strong>Communication<\/strong><br>We will not carry out international transfers of your personal data for any of the above purposes.<br><strong>Retention<\/strong><br>We will only keep your personal data for as long as is necessary to achieve the purposes for which it was collected. In determining the appropriate retention period, we consider the risks involved in the processing, as well as our contractual, legal and regulatory obligations, internal data retention policies and our legitimate business interests as described in this Privacy Notice and Cookie Policy.<\/p>\n<p>In this sense, Mar de Especias will keep the personal data once its relationship with you has ended, duly blocked, during the period of prescription of the actions that could derive from the relationship maintained with the interested party.<\/p>\n<p>Once blocked, your data will be inaccessible to Mar de Especias, and will not be processed except to make them available to the Public Administrations, Judges and Courts, for the attention of possible responsibilities arising from the processing, as well as for the exercise and defence of claims before the Spanish Data Protection Agency.<\/p>\n<p><strong>Security<\/strong><br>We use reasonable efforts to maintain the confidentiality of personal information processed on our systems. We maintain strict levels of security to protect the personal data we process against accidental loss and against unauthorised access, processing or disclosure, taking into account the state of technology and the nature and risks to which the data is exposed. However, we cannot be responsible for your use of the data (including your username and password) you use on our website. Our staff follow strict privacy rules and where we employ third parties to provide support services, we require them to abide by the same rules and allow us to audit them for compliance.<\/p>\n<p><strong>Your rights<\/strong><br>Please note that you may exercise the following rights:<\/p>\n<ol type=\"a\">\n<li>The right of access to your personal data, to know which personal data is being processed and the processing operations carried out on it.<\/li>\n<li>The right to rectify any inaccurate personal data.<\/li>\n<li>The right to erasure of your personal data, where this is possible (e.g. by law).<\/li>\n<li>The right to restrict the processing of your personal data where the accuracy, lawfulness or necessity of the data processing is in doubt, in which case we may retain the data for the purpose of asserting or defending claims.<\/li>\n<li>The right to object to the processing of your personal data, when the legal basis that enables us to process them is our legitimate interest. Mar de Especias will stop processing your data unless it has a legitimate interest or it is necessary for the defence of claims.<\/li>\n<li>Right to portability of your data, when the legal basis that enables us to process it is the existence of a contractual relationship or your consent.<\/li>\n<li>Right to revoke the consent given to Mar de Especias S.L.<\/li>\n<\/ol>\n<p>To exercise your rights, you can do so free of charge and at any time by contacting us at the address c\/ Joaqu\u00edn Soler Serrano N\u00ba6 5\u00baA, attaching a copy of your ID card.<\/p>\n<p><strong>Protection of rights<\/strong><br>If you believe that your rights have been disregarded by our entity, you may file a complaint with the Spanish Data Protection Agency, by any of the following means:<\/p>\n<ul>\n<li>Electronic site: <a href=\"https:\/\/www.aepd.es\">https:\/\/www.aepd.es<\/a><\/li>\n<li>Postal mail: Agencia Espa\u00f1ola de Protecci\u00f3n de Datos, C\/ Jorge Juan, 6, 28001, Madrid<\/li>\n<li>Telephone: 901.100.099 and 912.663.517<\/li>\n<\/ul>\n<p>Making a complaint to the Spanish Data Protection Agency does not entail any cost and the assistance of a lawyer or solicitor is not necessary.<\/p>\n<p><strong>Updates<\/strong><br>Mar de Especias S.L. reserves the right to modify this policy to adapt it to new legislation or jurisprudence that may affect its compliance.<\/p>\n<\/div>\t\t\t\t\t\t\t\t<\/div>\n\t\t\t\t<\/div>\n\t\t\t\t\t<\/div>\n\t\t<\/div>\n\t\t\t\t\t<\/div>\n\t\t<\/section>\n\t\t\t\t<\/div>","protected":false},"excerpt":{"rendered":"<p>POL\u00cdTICA DE PRIVACIDAD Y PROTECCI\u00d3N DE DATOS En cumplimiento del Reglamento (UE) 2016\/679 del Parlamento Europeo y del Consejo, de 27 de abril de 2016, relativo a la protecci\u00f3n de las personas f\u00edsicas en lo que respecta al tratamiento de datos personales, por el que se deroga la directiva 95\/46\/CE (en adelante, RGPD), de la [&hellip;]<\/p>\n","protected":false},"author":1,"featured_media":0,"parent":0,"menu_order":0,"comment_status":"closed","ping_status":"closed","template":"","meta":{"ocean_post_layout":"","ocean_both_sidebars_style":"","ocean_both_sidebars_content_width":0,"ocean_both_sidebars_sidebars_width":0,"ocean_sidebar":"0","ocean_second_sidebar":"0","ocean_disable_margins":"enable","ocean_add_body_class":"","ocean_shortcode_before_top_bar":"","ocean_shortcode_after_top_bar":"","ocean_shortcode_before_header":"","ocean_shortcode_after_header":"","ocean_has_shortcode":"","ocean_shortcode_after_title":"","ocean_shortcode_before_footer_widgets":"","ocean_shortcode_after_footer_widgets":"","ocean_shortcode_before_footer_bottom":"","ocean_shortcode_after_footer_bottom":"","ocean_display_top_bar":"default","ocean_display_header":"default","ocean_header_style":"","ocean_center_header_left_menu":"0","ocean_custom_header_template":"0","ocean_custom_logo":0,"ocean_custom_retina_logo":0,"ocean_custom_logo_max_width":0,"ocean_custom_logo_tablet_max_width":0,"ocean_custom_logo_mobile_max_width":0,"ocean_custom_logo_max_height":0,"ocean_custom_logo_tablet_max_height":0,"ocean_custom_logo_mobile_max_height":0,"ocean_header_custom_menu":"0","ocean_menu_typo_font_family":"0","ocean_menu_typo_font_subset":"","ocean_menu_typo_font_size":0,"ocean_menu_typo_font_size_tablet":0,"ocean_menu_typo_font_size_mobile":0,"ocean_menu_typo_font_size_unit":"px","ocean_menu_typo_font_weight":"","ocean_menu_typo_font_weight_tablet":"","ocean_menu_typo_font_weight_mobile":"","ocean_menu_typo_transform":"","ocean_menu_typo_transform_tablet":"","ocean_menu_typo_transform_mobile":"","ocean_menu_typo_line_height":0,"ocean_menu_typo_line_height_tablet":0,"ocean_menu_typo_line_height_mobile":0,"ocean_menu_typo_line_height_unit":"","ocean_menu_typo_spacing":0,"ocean_menu_typo_spacing_tablet":0,"ocean_menu_typo_spacing_mobile":0,"ocean_menu_typo_spacing_unit":"","ocean_menu_link_color":"","ocean_menu_link_color_hover":"","ocean_menu_link_color_active":"","ocean_menu_link_background":"","ocean_menu_link_hover_background":"","ocean_menu_link_active_background":"","ocean_menu_social_links_bg":"","ocean_menu_social_hover_links_bg":"","ocean_menu_social_links_color":"","ocean_menu_social_hover_links_color":"","ocean_disable_title":"default","ocean_disable_heading":"default","ocean_post_title":"","ocean_post_subheading":"","ocean_post_title_style":"","ocean_post_title_background_color":"","ocean_post_title_background":0,"ocean_post_title_bg_image_position":"","ocean_post_title_bg_image_attachment":"","ocean_post_title_bg_image_repeat":"","ocean_post_title_bg_image_size":"","ocean_post_title_height":0,"ocean_post_title_bg_overlay":0.5,"ocean_post_title_bg_overlay_color":"","ocean_disable_breadcrumbs":"default","ocean_breadcrumbs_color":"","ocean_breadcrumbs_separator_color":"","ocean_breadcrumbs_links_color":"","ocean_breadcrumbs_links_hover_color":"","ocean_display_footer_widgets":"default","ocean_display_footer_bottom":"default","ocean_custom_footer_template":"0","footnotes":""},"class_list":["post-1588","page","type-page","status-publish","hentry","entry","owp-thumbs-layout-horizontal","owp-btn-very-big","owp-tabs-layout-vertical","has-no-thumbnails","has-product-nav"],"acf":[],"yoast_head":"<!-- This site is optimized with the Yoast SEO plugin v27.3 - https:\/\/yoast.com\/product\/yoast-seo-wordpress\/ -->\n<title>Pol\u00edtica de Privacidad - Mar de Especias<\/title>\n<meta name=\"robots\" content=\"index, follow, max-snippet:-1, max-image-preview:large, max-video-preview:-1\" \/>\n<link rel=\"canonical\" href=\"https:\/\/mardeespecias.com\/en\/politica-de-privacidad\/\" \/>\n<meta property=\"og:locale\" content=\"en_GB\" \/>\n<meta property=\"og:type\" content=\"article\" \/>\n<meta property=\"og:title\" content=\"Pol\u00edtica de Privacidad - Mar de Especias\" \/>\n<meta property=\"og:description\" content=\"POL\u00cdTICA DE PRIVACIDAD Y PROTECCI\u00d3N DE DATOS En cumplimiento del Reglamento (UE) 2016\/679 del Parlamento Europeo y del Consejo, de 27 de abril de 2016, relativo a la protecci\u00f3n de las personas f\u00edsicas en lo que respecta al tratamiento de datos personales, por el que se deroga la directiva 95\/46\/CE (en adelante, RGPD), de la [&hellip;]\" \/>\n<meta property=\"og:url\" content=\"https:\/\/mardeespecias.com\/en\/politica-de-privacidad\/\" \/>\n<meta property=\"og:site_name\" content=\"Mar de Especias\" \/>\n<meta property=\"article:publisher\" content=\"https:\/\/www.facebook.com\/mardeespeciasoficial\/\" \/>\n<meta property=\"article:modified_time\" content=\"2023-05-12T07:42:34+00:00\" \/>\n<meta property=\"og:image\" content=\"https:\/\/mardeespecias.com\/wp-content\/uploads\/2020\/10\/LOGO-MAR-DE-ESPECIAS-RRSS-1.png\" \/>\n\t<meta property=\"og:image:width\" content=\"400\" \/>\n\t<meta property=\"og:image:height\" content=\"400\" \/>\n\t<meta property=\"og:image:type\" content=\"image\/png\" \/>\n<meta name=\"twitter:card\" content=\"summary_large_image\" \/>\n<meta name=\"twitter:site\" content=\"@MardeEspecias\" \/>\n<meta name=\"twitter:label1\" content=\"Estimated reading time\" \/>\n\t<meta name=\"twitter:data1\" content=\"5 minutes\" \/>\n<script type=\"application\/ld+json\" class=\"yoast-schema-graph\">{\"@context\":\"https:\\\/\\\/schema.org\",\"@graph\":[{\"@type\":\"WebPage\",\"@id\":\"https:\\\/\\\/mardeespecias.com\\\/politica-de-privacidad\\\/\",\"url\":\"https:\\\/\\\/mardeespecias.com\\\/politica-de-privacidad\\\/\",\"name\":\"Pol\u00edtica de Privacidad - Mar de Especias\",\"isPartOf\":{\"@id\":\"https:\\\/\\\/mardeespecias.com\\\/#website\"},\"datePublished\":\"2020-06-25T09:50:08+00:00\",\"dateModified\":\"2023-05-12T07:42:34+00:00\",\"breadcrumb\":{\"@id\":\"https:\\\/\\\/mardeespecias.com\\\/politica-de-privacidad\\\/#breadcrumb\"},\"inLanguage\":\"en-GB\",\"potentialAction\":[{\"@type\":\"ReadAction\",\"target\":[\"https:\\\/\\\/mardeespecias.com\\\/politica-de-privacidad\\\/\"]}]},{\"@type\":\"BreadcrumbList\",\"@id\":\"https:\\\/\\\/mardeespecias.com\\\/politica-de-privacidad\\\/#breadcrumb\",\"itemListElement\":[{\"@type\":\"ListItem\",\"position\":1,\"name\":\"INICIO\",\"item\":\"https:\\\/\\\/mardeespecias.com\\\/\"},{\"@type\":\"ListItem\",\"position\":2,\"name\":\"Pol\u00edtica de Privacidad\"}]},{\"@type\":\"WebSite\",\"@id\":\"https:\\\/\\\/mardeespecias.com\\\/#website\",\"url\":\"https:\\\/\\\/mardeespecias.com\\\/\",\"name\":\"Mar de Especias\",\"description\":\"Sal y bot\u00e1nicos para cocteler\u00eda, cocina y reposter\u00eda\",\"publisher\":{\"@id\":\"https:\\\/\\\/mardeespecias.com\\\/#organization\"},\"potentialAction\":[{\"@type\":\"SearchAction\",\"target\":{\"@type\":\"EntryPoint\",\"urlTemplate\":\"https:\\\/\\\/mardeespecias.com\\\/?s={search_term_string}\"},\"query-input\":{\"@type\":\"PropertyValueSpecification\",\"valueRequired\":true,\"valueName\":\"search_term_string\"}}],\"inLanguage\":\"en-GB\"},{\"@type\":\"Organization\",\"@id\":\"https:\\\/\\\/mardeespecias.com\\\/#organization\",\"name\":\"Mar de Especias\",\"url\":\"https:\\\/\\\/mardeespecias.com\\\/\",\"logo\":{\"@type\":\"ImageObject\",\"inLanguage\":\"en-GB\",\"@id\":\"https:\\\/\\\/mardeespecias.com\\\/#\\\/schema\\\/logo\\\/image\\\/\",\"url\":\"https:\\\/\\\/mardeespecias.com\\\/wp-content\\\/uploads\\\/2018\\\/05\\\/LOGO_MDE-TRANSP.png\",\"contentUrl\":\"https:\\\/\\\/mardeespecias.com\\\/wp-content\\\/uploads\\\/2018\\\/05\\\/LOGO_MDE-TRANSP.png\",\"width\":244,\"height\":115,\"caption\":\"Mar de Especias\"},\"image\":{\"@id\":\"https:\\\/\\\/mardeespecias.com\\\/#\\\/schema\\\/logo\\\/image\\\/\"},\"sameAs\":[\"https:\\\/\\\/www.facebook.com\\\/mardeespeciasoficial\\\/\",\"https:\\\/\\\/x.com\\\/MardeEspecias\",\"https:\\\/\\\/www.instagram.com\\\/mardeespeciasoficial\\\/\"]}]}<\/script>\n<!-- \/ Yoast SEO plugin. -->","yoast_head_json":{"title":"Pol\u00edtica de Privacidad - Mar de Especias","robots":{"index":"index","follow":"follow","max-snippet":"max-snippet:-1","max-image-preview":"max-image-preview:large","max-video-preview":"max-video-preview:-1"},"canonical":"https:\/\/mardeespecias.com\/en\/politica-de-privacidad\/","og_locale":"en_GB","og_type":"article","og_title":"Pol\u00edtica de Privacidad - Mar de Especias","og_description":"POL\u00cdTICA DE PRIVACIDAD Y PROTECCI\u00d3N DE DATOS En cumplimiento del Reglamento (UE) 2016\/679 del Parlamento Europeo y del Consejo, de 27 de abril de 2016, relativo a la protecci\u00f3n de las personas f\u00edsicas en lo que respecta al tratamiento de datos personales, por el que se deroga la directiva 95\/46\/CE (en adelante, RGPD), de la [&hellip;]","og_url":"https:\/\/mardeespecias.com\/en\/politica-de-privacidad\/","og_site_name":"Mar de Especias","article_publisher":"https:\/\/www.facebook.com\/mardeespeciasoficial\/","article_modified_time":"2023-05-12T07:42:34+00:00","og_image":[{"width":400,"height":400,"url":"https:\/\/mardeespecias.com\/wp-content\/uploads\/2020\/10\/LOGO-MAR-DE-ESPECIAS-RRSS-1.png","type":"image\/png"}],"twitter_card":"summary_large_image","twitter_site":"@MardeEspecias","twitter_misc":{"Estimated reading time":"5 minutes"},"schema":{"@context":"https:\/\/schema.org","@graph":[{"@type":"WebPage","@id":"https:\/\/mardeespecias.com\/politica-de-privacidad\/","url":"https:\/\/mardeespecias.com\/politica-de-privacidad\/","name":"Pol\u00edtica de Privacidad - Mar de Especias","isPartOf":{"@id":"https:\/\/mardeespecias.com\/#website"},"datePublished":"2020-06-25T09:50:08+00:00","dateModified":"2023-05-12T07:42:34+00:00","breadcrumb":{"@id":"https:\/\/mardeespecias.com\/politica-de-privacidad\/#breadcrumb"},"inLanguage":"en-GB","potentialAction":[{"@type":"ReadAction","target":["https:\/\/mardeespecias.com\/politica-de-privacidad\/"]}]},{"@type":"BreadcrumbList","@id":"https:\/\/mardeespecias.com\/politica-de-privacidad\/#breadcrumb","itemListElement":[{"@type":"ListItem","position":1,"name":"INICIO","item":"https:\/\/mardeespecias.com\/"},{"@type":"ListItem","position":2,"name":"Pol\u00edtica de Privacidad"}]},{"@type":"WebSite","@id":"https:\/\/mardeespecias.com\/#website","url":"https:\/\/mardeespecias.com\/","name":"Mar de Especias","description":"Sal y bot\u00e1nicos para cocteler\u00eda, cocina y reposter\u00eda","publisher":{"@id":"https:\/\/mardeespecias.com\/#organization"},"potentialAction":[{"@type":"SearchAction","target":{"@type":"EntryPoint","urlTemplate":"https:\/\/mardeespecias.com\/?s={search_term_string}"},"query-input":{"@type":"PropertyValueSpecification","valueRequired":true,"valueName":"search_term_string"}}],"inLanguage":"en-GB"},{"@type":"Organization","@id":"https:\/\/mardeespecias.com\/#organization","name":"Mar de Especias","url":"https:\/\/mardeespecias.com\/","logo":{"@type":"ImageObject","inLanguage":"en-GB","@id":"https:\/\/mardeespecias.com\/#\/schema\/logo\/image\/","url":"https:\/\/mardeespecias.com\/wp-content\/uploads\/2018\/05\/LOGO_MDE-TRANSP.png","contentUrl":"https:\/\/mardeespecias.com\/wp-content\/uploads\/2018\/05\/LOGO_MDE-TRANSP.png","width":244,"height":115,"caption":"Mar de Especias"},"image":{"@id":"https:\/\/mardeespecias.com\/#\/schema\/logo\/image\/"},"sameAs":["https:\/\/www.facebook.com\/mardeespeciasoficial\/","https:\/\/x.com\/MardeEspecias","https:\/\/www.instagram.com\/mardeespeciasoficial\/"]}]}},"_links":{"self":[{"href":"https:\/\/mardeespecias.com\/en\/wp-json\/wp\/v2\/pages\/1588","targetHints":{"allow":["GET"]}}],"collection":[{"href":"https:\/\/mardeespecias.com\/en\/wp-json\/wp\/v2\/pages"}],"about":[{"href":"https:\/\/mardeespecias.com\/en\/wp-json\/wp\/v2\/types\/page"}],"author":[{"embeddable":true,"href":"https:\/\/mardeespecias.com\/en\/wp-json\/wp\/v2\/users\/1"}],"replies":[{"embeddable":true,"href":"https:\/\/mardeespecias.com\/en\/wp-json\/wp\/v2\/comments?post=1588"}],"version-history":[{"count":0,"href":"https:\/\/mardeespecias.com\/en\/wp-json\/wp\/v2\/pages\/1588\/revisions"}],"wp:attachment":[{"href":"https:\/\/mardeespecias.com\/en\/wp-json\/wp\/v2\/media?parent=1588"}],"curies":[{"name":"wp","href":"https:\/\/api.w.org\/{rel}","templated":true}]}}