{"id":1679,"date":"2020-07-18T21:51:57","date_gmt":"2020-07-18T21:51:57","guid":{"rendered":"https:\/\/mardeespecias.com\/?page_id=1679"},"modified":"2020-08-21T08:08:05","modified_gmt":"2020-08-21T08:08:05","slug":"politica-de-devoluciones-y-derecho-de-desistimiento","status":"publish","type":"page","link":"https:\/\/mardeespecias.com\/en\/politica-de-devoluciones-y-derecho-de-desistimiento\/","title":{"rendered":"Return and Cancellation Policy"},"content":{"rendered":"<div data-elementor-type=\"wp-page\" data-elementor-id=\"1679\" class=\"elementor elementor-1679\">\n\t\t\t\t\t\t<section class=\"elementor-section elementor-top-section elementor-element elementor-element-b704d20 elementor-section-boxed elementor-section-height-default elementor-section-height-default\" data-id=\"b704d20\" data-element_type=\"section\" data-e-type=\"section\">\n\t\t\t\t\t\t<div class=\"elementor-container elementor-column-gap-default\">\n\t\t\t\t\t<div class=\"elementor-column elementor-col-100 elementor-top-column elementor-element elementor-element-d19575a\" data-id=\"d19575a\" data-element_type=\"column\" data-e-type=\"column\">\n\t\t\t<div class=\"elementor-widget-wrap elementor-element-populated\">\n\t\t\t\t\t\t<div class=\"elementor-element elementor-element-3a0878c elementor-widget elementor-widget-heading\" data-id=\"3a0878c\" data-element_type=\"widget\" data-e-type=\"widget\" data-widget_type=\"heading.default\">\n\t\t\t\t<div class=\"elementor-widget-container\">\n\t\t\t\t\t<h2 class=\"elementor-heading-title elementor-size-default\"><h1 style=\"font-family: Nunito;font-style: normal;white-space: normal\">Return and Cancellation Policy<\/h1><\/h2>\t\t\t\t<\/div>\n\t\t\t\t<\/div>\n\t\t\t\t<div class=\"elementor-element elementor-element-6476700 elementor-widget elementor-widget-text-editor\" data-id=\"6476700\" data-element_type=\"widget\" data-e-type=\"widget\" data-widget_type=\"text-editor.default\">\n\t\t\t\t<div class=\"elementor-widget-container\">\n\t\t\t\t\t\t\t\t\t<p style=\"line-height: 15pt; margin: 0cm 0cm 15pt; text-align: left;\"><strong><span style=\"font-family: 'Segoe UI',sans-serif; color: #4f4437;\">Return Policy<\/span><\/strong><\/p>\n<p style=\"line-height: 15pt; margin: 0cm 0cm 15pt; text-align: left;\"><span style=\"font-family: 'Segoe UI',sans-serif; color: #4f4437;\">Right of withdrawal: You have the right to withdraw from this contract within 14 calendar days without giving any reason. The withdrawal period will expire 14 calendar days from the day you or a third party indicated by you, other than the carrier, acquired the material possession of the goods. To exercise the right of withdrawal, you must notify MAR DE ESPECIAS S.L., with address at C\/ Joaqu\u00edn Soler Serrano N\u00ba6 5\u00baA CP 24404 Ponferrada Le\u00f3n, telephone: 717 138 433, email: atcliente@mardeespecias.com, of your decision to withdraw from the contract by means of an unequivocal statement (for example, a letter sent by post, fax or email). You may use the model withdrawal form at&nbsp;<\/span><a href=\"https:\/\/mardeespecias.com\/wp-content\/uploads\/2020\/08\/formulario-desistimiento.pdf\">THIS LINK<\/a><b>,<\/b><span style=\"font-family: 'Segoe UI',sans-serif; color: #4f4437;\">&nbsp;, although its use is not compulsory. In order to meet the withdrawal deadline, it is sufficient that the communication concerning your exercise of this right is sent before the expiry of the withdrawal period.&nbsp;<\/span><\/p>\n<p style=\"line-height: 15pt; margin: 0cm 0cm 15pt; text-align: left;\"><span style=\"font-family: 'Segoe UI',sans-serif; color: #4f4437;\">Consequences of withdrawal: In the event of withdrawal by you, we will reimburse to you all payments received from you, including the costs of delivery (with the exception of the additional costs resulting from your choice of a mode of delivery other than the least expensive mode of standard delivery offered by us) without undue delay and in any event not later than 14 calendar days from the date on which we are informed of your decision to withdraw from this contract. We will carry out such reimbursement using the same means of payment used by you for the initial transaction, unless you have expressly agreed otherwise; in any event, you will not incur any charges as a result of the reimbursement. We may withhold reimbursement until we have received the goods back, or until you have provided proof of return of the goods, whichever is the earliest. You must return or deliver the goods directly to MAR DE ESPECIAS S.L., with address at C\/ Joaqu\u00edn Soler Serrano N\u00ba6 5\u00baA CP 24404 Ponferrada Le\u00f3n, without any undue delay and, in any case, no later than 14 calendar days from the date on which you communicate us your decision to withdraw from the contract. The deadline shall be deemed to have been met if you return the goods before this period has expired. You shall bear the direct cost of returning the goods. You shall only be liable for any diminished value of the goods resulting from handling other than what is necessary to establish the nature, characteristics and functioning of the goods.<\/span><\/p>\n<p style=\"line-height: 15pt; margin: 0cm 0cm 15pt; text-align: left;\"><strong><span style=\"font-family: 'Segoe UI',sans-serif; color: #4f4437;\">Order processing and delivery time<\/span><\/strong><\/p>\n<p style=\"line-height: 15pt; margin: 0cm 0cm 15pt; text-align: left;\"><span style=\"font-family: 'Segoe UI',sans-serif; color: #4f4437;\">The confirmation of your order will be made once the payment has been confirmed. The processing and delivery time is approximately one week depending on the type of product and its destination (delivery times may be extended for deliveries to the Balearic and Canary Islands for other logistical reasons).<em><span style=\"font-family: 'Segoe UI',sans-serif;\">Los plazos se pueden ver ampliados&nbsp;para entregas en las Islas Baleares y Canarias por motivos log\u00edsticos ajenos<\/span><\/em>).<\/span><\/p>\n<p style=\"line-height: 15pt; margin: 0cm 0cm 15pt; text-align: left;\"><span style=\"font-family: 'Segoe UI',sans-serif; color: #4f4437;\">The products will be sent to the delivery address provided by the user when making the purchase. This information may be provided to third parties responsible for delivering the products. We shall not be liable for any delivery errors caused when the delivery address entered by the user on the order form is incorrect or has been omitted.<\/span><\/p>\n<p style=\"line-height: 15pt; margin: 0cm 0cm 15pt; text-align: left;\"><span style=\"font-family: 'Segoe UI',sans-serif; color: #4f4437;\">The delivery times indicated for each product may vary for logistical reasons or due to force majeure. In the event of a delay, users will be informed as soon as this becomes known.<\/span><\/p>\n<p style=\"line-height: 15pt; text-align: left;\"><span style=\"font-family: 'Segoe UI',sans-serif; color: #4f4437;\">We remind you of the legal obligation of the recipient (Article 366 - Commercial Code), to check the goods at the time of delivery, and in the event of observing any type of alteration in the seal and\/or observing knocks on the box that may affect the contents, never sign the goods as compliant at the time of delivery; in this case, it is necessary to make an immediate complaint to the carrier by means of a written reservation on the carrier's delivery note. If the goods have deteriorated during transport to such an extent that they are unusable, the recipient is not obliged to accept them, and if he refuses to accept them, he must inform us immediately.<\/span><\/p>\n<p style=\"line-height: 15pt; margin: 0cm 0cm 15pt; text-align: left;\"><span style=\"font-family: 'Segoe UI',sans-serif; color: #4f4437;\">If, once the package has been delivered, the customer notices damage to the products ordered, he\/she must inform us and send us photos within 24 hours of receiving the goods to atcliente@mardeespecias.com in order to proceed with the claim for damages.&nbsp;<\/span><span style=\"color: #4f4437; font-family: 'Segoe UI', sans-serif; font-size: 17px;\"><span style=\"font-size: 12pt;\">para proceder a la reclamaci\u00f3n de da\u00f1os<\/span>.<\/span><\/p>\n<p style=\"line-height: 15pt; margin: 0cm 0cm 15pt; text-align: left;\"><strong><span style=\"font-family: 'Segoe UI',sans-serif; color: #4f4437;\">Transport costs<\/span><\/strong><\/p>\n<p style=\"line-height: 15pt; margin: 0cm 0cm 15pt; text-align: left;\"><span style=\"font-family: 'Segoe UI',sans-serif; color: #4f4437;\">The price of the product will be increased by the amount of delivery costs for transport depending on the destination of the shipment. Once you have indicated the delivery address during the checkout process, the online shop will specify the exact amount of the shipping costs for your order.<\/span><\/p>\n<p><span style=\"font-family: 'Segoe UI',sans-serif; color: #4f4437;\">Reverse shipments and returns are subject to a shipping surcharge of 0.50 EUR (domestic) and 1 EUR (international) on top of the paid shipping value.<\/span><\/p>\n<p style=\"line-height: 15pt; margin: 0cm 0cm 15pt; text-align: left;\"><strong><span style=\"font-family: 'Segoe UI',sans-serif; color: #4f4437;\">Order cancellation policy<\/span><\/strong><\/p>\n<p style=\"line-height: 15pt; margin: 0cm 0cm 15pt; text-align: left;\"><span style=\"font-family: 'Segoe UI',sans-serif; color: #4f4437;\">Make sure that the product you are buying is the one you want, once the purchase has been made it will not be possible to cancel the order. In the event that the product or service is not available after the order has been placed, the user will be informed by e-mail of the total or partial cancellation of the order, causing the total or partial refund of the charge generated in your current account or PayPal account. Partial cancellation of the order due to unavailability does not entitle the user to cancellation of the entire order.<\/span><\/p>\n<p style=\"line-height: 15pt; margin: 0cm 0cm 15pt; text-align: left;\"><strong style=\"font-size: 17px;\"><span style=\"font-family: 'Segoe UI',sans-serif; color: #4f4437;\">Other enquiries<\/span><\/strong><\/p>\n<p style=\"line-height: 15pt; margin: 0cm 0cm 15pt; text-align: left;\"><span style=\"font-family: 'Segoe UI',sans-serif; color: #4f4437;\">For any other enquiries, please contact our Customer Service Department on 717 138 443 or send an email to<br>atcliente@mardeespecias.com<\/span><\/p>\t\t\t\t\t\t\t\t<\/div>\n\t\t\t\t<\/div>\n\t\t\t\t\t<\/div>\n\t\t<\/div>\n\t\t\t\t\t<\/div>\n\t\t<\/section>\n\t\t\t\t<\/div>","protected":false},"excerpt":{"rendered":"<p>Pol\u00edtica de Devoluciones y Derecho de Desistimiento Pol\u00edtica de devoluciones Derecho de desistimiento: Tiene usted derecho a desistir del presente contrato en un plazo de 14 d\u00edas naturales sin necesidad de justificaci\u00f3n. El plazo de desistimiento expirar\u00e1 a los 14 d\u00edas naturales del d\u00eda que usted o un tercero por usted indicado, distinto del transportista, [&hellip;]<\/p>\n","protected":false},"author":1,"featured_media":0,"parent":0,"menu_order":0,"comment_status":"closed","ping_status":"closed","template":"","meta":{"ocean_post_layout":"","ocean_both_sidebars_style":"","ocean_both_sidebars_content_width":0,"ocean_both_sidebars_sidebars_width":0,"ocean_sidebar":"0","ocean_second_sidebar":"0","ocean_disable_margins":"enable","ocean_add_body_class":"","ocean_shortcode_before_top_bar":"","ocean_shortcode_after_top_bar":"","ocean_shortcode_before_header":"","ocean_shortcode_after_header":"","ocean_has_shortcode":"","ocean_shortcode_after_title":"","ocean_shortcode_before_footer_widgets":"","ocean_shortcode_after_footer_widgets":"","ocean_shortcode_before_footer_bottom":"","ocean_shortcode_after_footer_bottom":"","ocean_display_top_bar":"default","ocean_display_header":"default","ocean_header_style":"","ocean_center_header_left_menu":"0","ocean_custom_header_template":"0","ocean_custom_logo":0,"ocean_custom_retina_logo":0,"ocean_custom_logo_max_width":0,"ocean_custom_logo_tablet_max_width":0,"ocean_custom_logo_mobile_max_width":0,"ocean_custom_logo_max_height":0,"ocean_custom_logo_tablet_max_height":0,"ocean_custom_logo_mobile_max_height":0,"ocean_header_custom_menu":"0","ocean_menu_typo_font_family":"0","ocean_menu_typo_font_subset":"","ocean_menu_typo_font_size":0,"ocean_menu_typo_font_size_tablet":0,"ocean_menu_typo_font_size_mobile":0,"ocean_menu_typo_font_size_unit":"px","ocean_menu_typo_font_weight":"","ocean_menu_typo_font_weight_tablet":"","ocean_menu_typo_font_weight_mobile":"","ocean_menu_typo_transform":"","ocean_menu_typo_transform_tablet":"","ocean_menu_typo_transform_mobile":"","ocean_menu_typo_line_height":0,"ocean_menu_typo_line_height_tablet":0,"ocean_menu_typo_line_height_mobile":0,"ocean_menu_typo_line_height_unit":"","ocean_menu_typo_spacing":0,"ocean_menu_typo_spacing_tablet":0,"ocean_menu_typo_spacing_mobile":0,"ocean_menu_typo_spacing_unit":"","ocean_menu_link_color":"","ocean_menu_link_color_hover":"","ocean_menu_link_color_active":"","ocean_menu_link_background":"","ocean_menu_link_hover_background":"","ocean_menu_link_active_background":"","ocean_menu_social_links_bg":"","ocean_menu_social_hover_links_bg":"","ocean_menu_social_links_color":"","ocean_menu_social_hover_links_color":"","ocean_disable_title":"default","ocean_disable_heading":"default","ocean_post_title":"","ocean_post_subheading":"","ocean_post_title_style":"","ocean_post_title_background_color":"","ocean_post_title_background":0,"ocean_post_title_bg_image_position":"","ocean_post_title_bg_image_attachment":"","ocean_post_title_bg_image_repeat":"","ocean_post_title_bg_image_size":"","ocean_post_title_height":0,"ocean_post_title_bg_overlay":0.5,"ocean_post_title_bg_overlay_color":"","ocean_disable_breadcrumbs":"default","ocean_breadcrumbs_color":"","ocean_breadcrumbs_separator_color":"","ocean_breadcrumbs_links_color":"","ocean_breadcrumbs_links_hover_color":"","ocean_display_footer_widgets":"default","ocean_display_footer_bottom":"default","ocean_custom_footer_template":"0","footnotes":""},"class_list":["post-1679","page","type-page","status-publish","hentry","entry","owp-thumbs-layout-horizontal","owp-btn-very-big","owp-tabs-layout-vertical","has-no-thumbnails","has-product-nav"],"acf":[],"yoast_head":"<!-- This site is optimized with the Yoast SEO plugin v27.3 - https:\/\/yoast.com\/product\/yoast-seo-wordpress\/ -->\n<title>Pol\u00edtica de Devoluciones y Derecho de Desistimiento - Mar de Especias<\/title>\n<meta name=\"robots\" content=\"index, follow, max-snippet:-1, max-image-preview:large, max-video-preview:-1\" \/>\n<link rel=\"canonical\" href=\"https:\/\/mardeespecias.com\/en\/politica-de-devoluciones-y-derecho-de-desistimiento\/\" \/>\n<meta property=\"og:locale\" content=\"en_GB\" \/>\n<meta property=\"og:type\" content=\"article\" \/>\n<meta property=\"og:title\" content=\"Pol\u00edtica de Devoluciones y Derecho de Desistimiento - Mar de Especias\" \/>\n<meta property=\"og:description\" content=\"Pol\u00edtica de Devoluciones y Derecho de Desistimiento Pol\u00edtica de devoluciones Derecho de desistimiento: Tiene usted derecho a desistir del presente contrato en un plazo de 14 d\u00edas naturales sin necesidad de justificaci\u00f3n. El plazo de desistimiento expirar\u00e1 a los 14 d\u00edas naturales del d\u00eda que usted o un tercero por usted indicado, distinto del transportista, [&hellip;]\" \/>\n<meta property=\"og:url\" content=\"https:\/\/mardeespecias.com\/en\/politica-de-devoluciones-y-derecho-de-desistimiento\/\" \/>\n<meta property=\"og:site_name\" content=\"Mar de Especias\" \/>\n<meta property=\"article:publisher\" content=\"https:\/\/www.facebook.com\/mardeespeciasoficial\/\" \/>\n<meta property=\"article:modified_time\" content=\"2020-08-21T08:08:05+00:00\" \/>\n<meta property=\"og:image\" content=\"https:\/\/mardeespecias.com\/wp-content\/uploads\/2020\/10\/LOGO-MAR-DE-ESPECIAS-RRSS-1.png\" \/>\n\t<meta property=\"og:image:width\" content=\"400\" \/>\n\t<meta property=\"og:image:height\" content=\"400\" \/>\n\t<meta property=\"og:image:type\" content=\"image\/png\" \/>\n<meta name=\"twitter:card\" content=\"summary_large_image\" \/>\n<meta name=\"twitter:site\" content=\"@MardeEspecias\" \/>\n<meta name=\"twitter:label1\" content=\"Estimated reading time\" \/>\n\t<meta name=\"twitter:data1\" content=\"5 minutes\" \/>\n<script type=\"application\/ld+json\" class=\"yoast-schema-graph\">{\"@context\":\"https:\\\/\\\/schema.org\",\"@graph\":[{\"@type\":\"WebPage\",\"@id\":\"https:\\\/\\\/mardeespecias.com\\\/politica-de-devoluciones-y-derecho-de-desistimiento\\\/\",\"url\":\"https:\\\/\\\/mardeespecias.com\\\/politica-de-devoluciones-y-derecho-de-desistimiento\\\/\",\"name\":\"Pol\u00edtica de Devoluciones y Derecho de Desistimiento - Mar de Especias\",\"isPartOf\":{\"@id\":\"https:\\\/\\\/mardeespecias.com\\\/#website\"},\"datePublished\":\"2020-07-18T21:51:57+00:00\",\"dateModified\":\"2020-08-21T08:08:05+00:00\",\"breadcrumb\":{\"@id\":\"https:\\\/\\\/mardeespecias.com\\\/politica-de-devoluciones-y-derecho-de-desistimiento\\\/#breadcrumb\"},\"inLanguage\":\"en-GB\",\"potentialAction\":[{\"@type\":\"ReadAction\",\"target\":[\"https:\\\/\\\/mardeespecias.com\\\/politica-de-devoluciones-y-derecho-de-desistimiento\\\/\"]}]},{\"@type\":\"BreadcrumbList\",\"@id\":\"https:\\\/\\\/mardeespecias.com\\\/politica-de-devoluciones-y-derecho-de-desistimiento\\\/#breadcrumb\",\"itemListElement\":[{\"@type\":\"ListItem\",\"position\":1,\"name\":\"INICIO\",\"item\":\"https:\\\/\\\/mardeespecias.com\\\/\"},{\"@type\":\"ListItem\",\"position\":2,\"name\":\"Pol\u00edtica de Devoluciones y Derecho de Desistimiento\"}]},{\"@type\":\"WebSite\",\"@id\":\"https:\\\/\\\/mardeespecias.com\\\/#website\",\"url\":\"https:\\\/\\\/mardeespecias.com\\\/\",\"name\":\"Mar de Especias\",\"description\":\"Sal y bot\u00e1nicos para cocteler\u00eda, cocina y reposter\u00eda\",\"publisher\":{\"@id\":\"https:\\\/\\\/mardeespecias.com\\\/#organization\"},\"potentialAction\":[{\"@type\":\"SearchAction\",\"target\":{\"@type\":\"EntryPoint\",\"urlTemplate\":\"https:\\\/\\\/mardeespecias.com\\\/?s={search_term_string}\"},\"query-input\":{\"@type\":\"PropertyValueSpecification\",\"valueRequired\":true,\"valueName\":\"search_term_string\"}}],\"inLanguage\":\"en-GB\"},{\"@type\":\"Organization\",\"@id\":\"https:\\\/\\\/mardeespecias.com\\\/#organization\",\"name\":\"Mar de Especias\",\"url\":\"https:\\\/\\\/mardeespecias.com\\\/\",\"logo\":{\"@type\":\"ImageObject\",\"inLanguage\":\"en-GB\",\"@id\":\"https:\\\/\\\/mardeespecias.com\\\/#\\\/schema\\\/logo\\\/image\\\/\",\"url\":\"https:\\\/\\\/mardeespecias.com\\\/wp-content\\\/uploads\\\/2018\\\/05\\\/LOGO_MDE-TRANSP.png\",\"contentUrl\":\"https:\\\/\\\/mardeespecias.com\\\/wp-content\\\/uploads\\\/2018\\\/05\\\/LOGO_MDE-TRANSP.png\",\"width\":244,\"height\":115,\"caption\":\"Mar de Especias\"},\"image\":{\"@id\":\"https:\\\/\\\/mardeespecias.com\\\/#\\\/schema\\\/logo\\\/image\\\/\"},\"sameAs\":[\"https:\\\/\\\/www.facebook.com\\\/mardeespeciasoficial\\\/\",\"https:\\\/\\\/x.com\\\/MardeEspecias\",\"https:\\\/\\\/www.instagram.com\\\/mardeespeciasoficial\\\/\"]}]}<\/script>\n<!-- \/ Yoast SEO plugin. -->","yoast_head_json":{"title":"Pol\u00edtica de Devoluciones y Derecho de Desistimiento - Mar de Especias","robots":{"index":"index","follow":"follow","max-snippet":"max-snippet:-1","max-image-preview":"max-image-preview:large","max-video-preview":"max-video-preview:-1"},"canonical":"https:\/\/mardeespecias.com\/en\/politica-de-devoluciones-y-derecho-de-desistimiento\/","og_locale":"en_GB","og_type":"article","og_title":"Pol\u00edtica de Devoluciones y Derecho de Desistimiento - Mar de Especias","og_description":"Pol\u00edtica de Devoluciones y Derecho de Desistimiento Pol\u00edtica de devoluciones Derecho de desistimiento: Tiene usted derecho a desistir del presente contrato en un plazo de 14 d\u00edas naturales sin necesidad de justificaci\u00f3n. El plazo de desistimiento expirar\u00e1 a los 14 d\u00edas naturales del d\u00eda que usted o un tercero por usted indicado, distinto del transportista, [&hellip;]","og_url":"https:\/\/mardeespecias.com\/en\/politica-de-devoluciones-y-derecho-de-desistimiento\/","og_site_name":"Mar de Especias","article_publisher":"https:\/\/www.facebook.com\/mardeespeciasoficial\/","article_modified_time":"2020-08-21T08:08:05+00:00","og_image":[{"width":400,"height":400,"url":"https:\/\/mardeespecias.com\/wp-content\/uploads\/2020\/10\/LOGO-MAR-DE-ESPECIAS-RRSS-1.png","type":"image\/png"}],"twitter_card":"summary_large_image","twitter_site":"@MardeEspecias","twitter_misc":{"Estimated reading time":"5 minutes"},"schema":{"@context":"https:\/\/schema.org","@graph":[{"@type":"WebPage","@id":"https:\/\/mardeespecias.com\/politica-de-devoluciones-y-derecho-de-desistimiento\/","url":"https:\/\/mardeespecias.com\/politica-de-devoluciones-y-derecho-de-desistimiento\/","name":"Pol\u00edtica de Devoluciones y Derecho de Desistimiento - Mar de Especias","isPartOf":{"@id":"https:\/\/mardeespecias.com\/#website"},"datePublished":"2020-07-18T21:51:57+00:00","dateModified":"2020-08-21T08:08:05+00:00","breadcrumb":{"@id":"https:\/\/mardeespecias.com\/politica-de-devoluciones-y-derecho-de-desistimiento\/#breadcrumb"},"inLanguage":"en-GB","potentialAction":[{"@type":"ReadAction","target":["https:\/\/mardeespecias.com\/politica-de-devoluciones-y-derecho-de-desistimiento\/"]}]},{"@type":"BreadcrumbList","@id":"https:\/\/mardeespecias.com\/politica-de-devoluciones-y-derecho-de-desistimiento\/#breadcrumb","itemListElement":[{"@type":"ListItem","position":1,"name":"INICIO","item":"https:\/\/mardeespecias.com\/"},{"@type":"ListItem","position":2,"name":"Pol\u00edtica de Devoluciones y Derecho de Desistimiento"}]},{"@type":"WebSite","@id":"https:\/\/mardeespecias.com\/#website","url":"https:\/\/mardeespecias.com\/","name":"Mar de Especias","description":"Sal y bot\u00e1nicos para cocteler\u00eda, cocina y reposter\u00eda","publisher":{"@id":"https:\/\/mardeespecias.com\/#organization"},"potentialAction":[{"@type":"SearchAction","target":{"@type":"EntryPoint","urlTemplate":"https:\/\/mardeespecias.com\/?s={search_term_string}"},"query-input":{"@type":"PropertyValueSpecification","valueRequired":true,"valueName":"search_term_string"}}],"inLanguage":"en-GB"},{"@type":"Organization","@id":"https:\/\/mardeespecias.com\/#organization","name":"Mar de Especias","url":"https:\/\/mardeespecias.com\/","logo":{"@type":"ImageObject","inLanguage":"en-GB","@id":"https:\/\/mardeespecias.com\/#\/schema\/logo\/image\/","url":"https:\/\/mardeespecias.com\/wp-content\/uploads\/2018\/05\/LOGO_MDE-TRANSP.png","contentUrl":"https:\/\/mardeespecias.com\/wp-content\/uploads\/2018\/05\/LOGO_MDE-TRANSP.png","width":244,"height":115,"caption":"Mar de Especias"},"image":{"@id":"https:\/\/mardeespecias.com\/#\/schema\/logo\/image\/"},"sameAs":["https:\/\/www.facebook.com\/mardeespeciasoficial\/","https:\/\/x.com\/MardeEspecias","https:\/\/www.instagram.com\/mardeespeciasoficial\/"]}]}},"_links":{"self":[{"href":"https:\/\/mardeespecias.com\/en\/wp-json\/wp\/v2\/pages\/1679","targetHints":{"allow":["GET"]}}],"collection":[{"href":"https:\/\/mardeespecias.com\/en\/wp-json\/wp\/v2\/pages"}],"about":[{"href":"https:\/\/mardeespecias.com\/en\/wp-json\/wp\/v2\/types\/page"}],"author":[{"embeddable":true,"href":"https:\/\/mardeespecias.com\/en\/wp-json\/wp\/v2\/users\/1"}],"replies":[{"embeddable":true,"href":"https:\/\/mardeespecias.com\/en\/wp-json\/wp\/v2\/comments?post=1679"}],"version-history":[{"count":0,"href":"https:\/\/mardeespecias.com\/en\/wp-json\/wp\/v2\/pages\/1679\/revisions"}],"wp:attachment":[{"href":"https:\/\/mardeespecias.com\/en\/wp-json\/wp\/v2\/media?parent=1679"}],"curies":[{"name":"wp","href":"https:\/\/api.w.org\/{rel}","templated":true}]}}