{"id":2901,"date":"2021-05-11T22:58:51","date_gmt":"2021-05-11T20:58:51","guid":{"rendered":"https:\/\/mardeespecias.com\/?page_id=2901"},"modified":"2021-07-18T12:40:53","modified_gmt":"2021-07-18T10:40:53","slug":"politica-de-envios","status":"publish","type":"page","link":"https:\/\/mardeespecias.com\/en\/politica-de-envios\/","title":{"rendered":"Delivery Policy"},"content":{"rendered":"\t\t<div data-elementor-type=\"wp-page\" data-elementor-id=\"2901\" class=\"elementor elementor-2901\">\n\t\t\t\t\t\t<section class=\"elementor-section elementor-top-section elementor-element elementor-element-1857ad2 elementor-section-boxed elementor-section-height-default elementor-section-height-default\" data-id=\"1857ad2\" data-element_type=\"section\" data-e-type=\"section\">\n\t\t\t\t\t\t<div class=\"elementor-container elementor-column-gap-default\">\n\t\t\t\t\t<div class=\"elementor-column elementor-col-100 elementor-top-column elementor-element elementor-element-02060cd\" data-id=\"02060cd\" data-element_type=\"column\" data-e-type=\"column\">\n\t\t\t<div class=\"elementor-widget-wrap elementor-element-populated\">\n\t\t\t\t\t\t<div class=\"elementor-element elementor-element-0fb00c5 elementor-widget elementor-widget-heading\" data-id=\"0fb00c5\" data-element_type=\"widget\" data-e-type=\"widget\" data-widget_type=\"heading.default\">\n\t\t\t\t<div class=\"elementor-widget-container\">\n\t\t\t\t\t<h2 class=\"elementor-heading-title elementor-size-default\">Pol\u00edtica de Env\u00edos<\/h2>\t\t\t\t<\/div>\n\t\t\t\t<\/div>\n\t\t\t\t<div class=\"elementor-element elementor-element-9c1446f elementor-widget elementor-widget-text-editor\" data-id=\"9c1446f\" data-element_type=\"widget\" data-e-type=\"widget\" data-widget_type=\"text-editor.default\">\n\t\t\t\t<div class=\"elementor-widget-container\">\n\t\t\t\t\t\t\t\t\t<p style=\"line-height: 15.0pt; margin: 0cm 0cm 15.0pt 0cm;\"><span style=\"font-family: 'Segoe UI',sans-serif; color: #4f4437;\">Mar de Especias S.L. pone a disposici\u00f3n de sus clientes web varias opciones de env\u00edo, que se realizan a trav\u00e9s de empresas de mensajer\u00eda. El cliente podr\u00e1 seleccionar la forma de env\u00edo de entre las posibles para su zona. Deber\u00e1 tener en cuenta que los plazos de entrega y el coste ser\u00e1n diferentes para cada forma de env\u00edo. Los costes de las distintas formas de env\u00edo dependen de varios factores: el destino, el plazo de entrega seleccionado, el importe de la compra, unidades de compra y el peso del env\u00edo.<\/span><\/p><p style=\"line-height: 15.0pt; margin: 0cm 0cm 15.0pt 0cm;\"><span style=\"font-family: 'Segoe UI',sans-serif; color: #4f4437;\">Antes de confirmar su pedido se le informar\u00e1 al cliente sobre las distintas opciones gastos de env\u00edo y plazos de transporte que se aplican a su pedido en concreto. No obstante, ambos podr\u00e1n variar en funci\u00f3n de las circunstancias concretas de cada pedido.<\/span><\/p><p style=\"line-height: 15.0pt; margin: 0cm 0cm 15.0pt 0cm;\"><span style=\"font-family: 'Segoe UI',sans-serif; color: #4f4437;\">Mar de Especias no se hace responsable de las consecuencias debidas a un retraso de env\u00edo o a una p\u00e9rdida del paquete por parte de personas ajenas al contrato de transporte. Los plazos de transporte se pueden ver alterados por incidencias extraordinarias en el transportista y por dificultades en la entrega de la mercanc\u00eda.<\/span><\/p><p style=\"line-height: 15.0pt; margin: 0cm 0cm 15.0pt 0cm;\"><strong><span style=\"font-family: 'Segoe UI',sans-serif; color: #4f4437;\">Condiciones de los env\u00edos Nacionales:<\/span><\/strong><\/p><p style=\"line-height: 15.0pt; margin: 0cm 0cm 15.0pt 0cm;\"><strong><span style=\"font-family: 'Segoe UI',sans-serif; color: #4f4437; font-weight: normal;\">Mar de Especias S.L. no realiza env\u00edos a <span style=\"text-decoration: underline;\"><strong>Canarias, Ceuta y Melilla.<\/strong><\/span><\/span><\/strong><\/p><p style=\"line-height: 15.0pt; margin: 0cm 0cm 15.0pt 0cm;\"><strong><span style=\"font-family: 'Segoe UI',sans-serif; color: #4f4437; font-weight: normal;\">El cliente tiene que tener presente que para que los tiempos de entrega se cumplan se debe realizar el pedido antes de la hora de corte. Pasada dicha hora de corte, el pedido se tramitar\u00e1 al d\u00eda siguiente, la hora de corte son las 16 hrs.<\/span><\/strong><\/p><p><strong>Mar de Especias pone a disposici\u00f3n de sus clientes 3 tipos de env\u00edos:<\/strong><\/p><ul><li><strong>Env\u00edo Est\u00e1ndar, el m\u00e1s econ\u00f3mico y con un tiempo de transito de 48 a 72 hrs.<\/strong><\/li><li><strong>Env\u00edo Express con un tiempo de transito de 24 a 48 hrs.<\/strong><\/li><li><strong>Recogida en tienda, solo disponible para c\u00f3digos postales circundantes a Ponferrada Le\u00f3n. <\/strong><strong>La recogida se realizar\u00e1 al d\u00eda siguiente de la formalizaci\u00f3n del pedido en: HABAS CONTADAS Calle Ancha, 19, 24401 Ponferrada Le\u00f3n.<\/strong><\/li><\/ul><p style=\"line-height: 15.0pt; margin: 0cm 0cm 15.0pt 0cm;\"><strong><span style=\"font-family: 'Segoe UI', sans-serif; color: #4f4437;\">Gastos de Env\u00edo Gratuitos:<\/span><\/strong><\/p><p style=\"line-height: 15.0pt; margin: 0cm 0cm 15.0pt 0cm;\"><strong><span style=\"font-family: 'Segoe UI',sans-serif; color: #4f4437; font-weight: normal;\">Pen\u00ednsula:<\/span><\/strong><\/p><p style=\"margin-left: 36.0pt; text-indent: -18.0pt; line-height: 15.0pt; mso-list: l0 level1 lfo1;\"><!-- [if !supportLists]--><strong><span style=\"font-family: Symbol; mso-fareast-font-family: Symbol; mso-bidi-font-family: Symbol; color: #4f4437; font-weight: normal;\">\u00b7<span style=\"font: 7.0pt 'Times New Roman';\">\u00a0\u00a0\u00a0\u00a0\u00a0\u00a0\u00a0\u00a0 <\/span><\/span><\/strong><!--[endif]--><strong><span style=\"font-family: 'Segoe UI',sans-serif; color: #4f4437; font-weight: normal;\">Env\u00edos gratis en pedidos superiores a 50\u20ac, <span style=\"font-family: 'Segoe UI', sans-serif; color: #4f4437;\">las Colaboraciones Especiales, los Packs Mar de Especias y los Cubos Grandes (IML 5L) quedan Excluidas.<\/span><\/span><\/strong><\/p><p style=\"margin-left: 36.0pt; text-indent: -18.0pt; line-height: 15.0pt; mso-list: l0 level1 lfo1;\"><!-- [if !supportLists]--><strong><span style=\"font-family: Symbol; mso-fareast-font-family: Symbol; mso-bidi-font-family: Symbol; color: #4f4437; font-weight: normal;\">\u00b7<span style=\"font: 7.0pt 'Times New Roman';\">\u00a0\u00a0\u00a0\u00a0\u00a0\u00a0\u00a0\u00a0 <\/span><\/span><\/strong><!--[endif]--><strong><span style=\"font-family: 'Segoe UI',sans-serif; color: #4f4437; font-weight: normal;\">Env\u00edos gratis por la compra de 8 unidades de IML.<\/span><\/strong><\/p><p style=\"margin-left: 36.0pt; text-indent: -18.0pt; line-height: 15.0pt; mso-list: l0 level1 lfo1;\"><!-- [if !supportLists]--><strong><span style=\"font-family: Symbol; mso-fareast-font-family: Symbol; mso-bidi-font-family: Symbol; color: #4f4437; font-weight: normal;\">\u00b7<span style=\"font: 7.0pt 'Times New Roman';\">\u00a0\u00a0\u00a0\u00a0\u00a0\u00a0\u00a0\u00a0 <\/span><\/span><\/strong><!--[endif]--><strong><span style=\"font-family: 'Segoe UI',sans-serif; color: #4f4437; font-weight: normal;\">Env\u00edos gratis por la compra de 8 unidades de PET HOSTELERO.<\/span><\/strong><\/p><p style=\"margin-left: 36.0pt; text-indent: -18.0pt; line-height: 15.0pt; mso-list: l0 level1 lfo1;\"><!-- [if !supportLists]--><strong><span style=\"font-family: Symbol; mso-fareast-font-family: Symbol; mso-bidi-font-family: Symbol; color: #4f4437; font-weight: normal;\">\u00b7<span style=\"font: 7.0pt 'Times New Roman';\">\u00a0\u00a0\u00a0\u00a0\u00a0\u00a0\u00a0\u00a0 <\/span><\/span><\/strong><!--[endif]--><strong><span style=\"font-family: 'Segoe UI',sans-serif; color: #4f4437; font-weight: normal;\">Env\u00edos gratis por la compra de 12 unidades de CRISTAL.<\/span><\/strong><\/p><p style=\"margin-left: 36.0pt; text-indent: -18.0pt; line-height: 15.0pt; mso-list: l0 level1 lfo1;\"><!-- [if !supportLists]--><strong><span style=\"font-family: Symbol; mso-fareast-font-family: Symbol; mso-bidi-font-family: Symbol; color: #4f4437; font-weight: normal;\">\u00b7<span style=\"font: 7.0pt 'Times New Roman';\">\u00a0\u00a0\u00a0\u00a0\u00a0\u00a0\u00a0\u00a0 <\/span><\/span><\/strong><!--[endif]--><strong><span style=\"font-family: 'Segoe UI',sans-serif; color: #4f4437; font-weight: normal;\">Env\u00edos gratis por la compra de 20 unidades de Cebolla Frita Crujiente 200 grs.<\/span><\/strong><\/p><p style=\"text-indent: -18.0pt; line-height: 15.0pt; mso-list: l0 level1 lfo1; margin: 0cm 0cm 15.0pt 36.0pt;\"><!-- [if !supportLists]--><strong><span style=\"font-family: Symbol; mso-fareast-font-family: Symbol; mso-bidi-font-family: Symbol; color: #4f4437; font-weight: normal;\">\u00b7<span style=\"font: 7.0pt 'Times New Roman';\">\u00a0\u00a0\u00a0\u00a0\u00a0\u00a0\u00a0\u00a0 <\/span><\/span><\/strong><!--[endif]--><strong><span style=\"font-family: 'Segoe UI',sans-serif; color: #4f4437; font-weight: normal;\">Env\u00edos gratis por la compra de 4 unidades de Cebolla Frita Crujiente 1,5 kg \u00f3 4 unidades de Escamas de Sal Natural 2,4 kg \u00f3 4 unidades de Escamas de Sal Negra 2,4 kg.<\/span><\/strong><\/p><p style=\"line-height: 15.0pt; margin: 0cm 0cm 15.0pt 0cm;\"><strong><span style=\"font-family: 'Segoe UI',sans-serif; color: #4f4437; font-weight: normal;\">Baleares:<\/span><\/strong><\/p><p style=\"text-indent: -18.0pt; line-height: 15.0pt; mso-list: l1 level1 lfo2; margin: 0cm 0cm 15.0pt 36.0pt;\"><!-- [if !supportLists]--><strong><span style=\"font-family: Symbol; mso-fareast-font-family: Symbol; mso-bidi-font-family: Symbol; color: #4f4437; font-weight: normal;\">\u00b7<span style=\"font: 7.0pt 'Times New Roman';\">\u00a0\u00a0\u00a0\u00a0\u00a0\u00a0\u00a0\u00a0 <\/span><\/span><\/strong><!--[endif]--><strong><span style=\"font-family: 'Segoe UI',sans-serif; color: #4f4437; font-weight: normal;\">Env\u00edos gratis para pedidos superiores a 60\u20ac, <span style=\"font-family: 'Segoe UI', sans-serif; color: #4f4437;\">las Colaboraciones Especiales, los Packs Mar de Especias y los Cubos Grandes (IML 5L) quedan Excluidas.<\/span><\/span><\/strong><\/p><p style=\"line-height: 15.0pt; margin: 0cm 0cm 15.0pt 0cm;\"><strong><span style=\"font-family: 'Segoe UI',sans-serif; color: #4f4437; font-weight: normal;\">Todos los precios de env\u00edo indicados en la p\u00e1gina web incluyen el 21% de IVA.<\/span><\/strong><\/p><p><strong>Condiciones de los env\u00edos Internacionales:<\/strong><\/p><p>El cliente tiene que tener presente que para que los tiempos de entrega se cumplan se debe realizar el pedido antes de la hora de corte. Pasada dicha hora de corte, el pedido se tramitar\u00e1 al d\u00eda siguiente, la hora de corte son las 16 hrs.<\/p><p><strong>Mar de Especias pone a disposici\u00f3n de sus clientes 2 tipos de env\u00edos:<\/strong><\/p><ul><li><strong>Env\u00edo Est\u00e1ndar, el m\u00e1s econ\u00f3mico y con un tiempo de transito de 5 a 7 d\u00edas, dependiendo del pa\u00eds destino.<\/strong><\/li><li><strong>Express con un tiempo de transito de 2 a 4 d\u00edas, dependiendo del pa\u00eds destino.<\/strong><\/li><\/ul><p style=\"margin: 0cm; line-height: 15pt; background-image: initial; background-position: initial; background-size: initial; background-repeat: initial; background-attachment: initial; background-origin: initial; background-clip: initial;\"><strong><span style=\"font-family: 'Segoe UI', sans-serif; color: #4f4437; padding: 0cm; border: 1pt none windowtext;\">Otras consultas<\/span><\/strong><\/p><p style=\"margin: 0cm; line-height: 15pt; background-image: initial; background-position: initial; background-size: initial; background-repeat: initial; background-attachment: initial; background-origin: initial; background-clip: initial;\"><span style=\"font-family: Nunito;\">\u00a0<\/span><\/p><p style=\"margin: 0cm; line-height: 15pt; background-image: initial; background-position: initial; background-size: initial; background-repeat: initial; background-attachment: initial; background-origin: initial; background-clip: initial; font-variant-ligatures: normal; font-variant-caps: normal;\"><span style=\"font-family: 'Segoe UI', sans-serif; color: #4f4437; padding: 0cm; border: 1pt none windowtext;\">Para cualquier otra consulta, contacte con nuestro servicio de\u00a0Atenci\u00f3n al Cliente en el n\u00famero de tel\u00e9fono 717 138 443 o enviando un email a<br \/>atcliente@mardeespecias.com.<\/span><\/p>\t\t\t\t\t\t\t\t<\/div>\n\t\t\t\t<\/div>\n\t\t\t\t\t<\/div>\n\t\t<\/div>\n\t\t\t\t\t<\/div>\n\t\t<\/section>\n\t\t\t\t<\/div>\n\t\t","protected":false},"excerpt":{"rendered":"<p>Pol\u00edtica de Env\u00edos Mar de Especias S.L. pone a disposici\u00f3n de sus clientes web varias opciones de env\u00edo, que se realizan a trav\u00e9s de empresas de mensajer\u00eda. El cliente podr\u00e1 seleccionar la forma de env\u00edo de entre las posibles para su zona. Deber\u00e1 tener en cuenta que los plazos de entrega y el coste ser\u00e1n [&hellip;]<\/p>\n","protected":false},"author":2,"featured_media":0,"parent":0,"menu_order":0,"comment_status":"closed","ping_status":"closed","template":"","meta":{"ocean_post_layout":"","ocean_both_sidebars_style":"","ocean_both_sidebars_content_width":0,"ocean_both_sidebars_sidebars_width":0,"ocean_sidebar":"0","ocean_second_sidebar":"0","ocean_disable_margins":"enable","ocean_add_body_class":"","ocean_shortcode_before_top_bar":"","ocean_shortcode_after_top_bar":"","ocean_shortcode_before_header":"","ocean_shortcode_after_header":"","ocean_has_shortcode":"","ocean_shortcode_after_title":"","ocean_shortcode_before_footer_widgets":"","ocean_shortcode_after_footer_widgets":"","ocean_shortcode_before_footer_bottom":"","ocean_shortcode_after_footer_bottom":"","ocean_display_top_bar":"default","ocean_display_header":"default","ocean_header_style":"","ocean_center_header_left_menu":"0","ocean_custom_header_template":"0","ocean_custom_logo":0,"ocean_custom_retina_logo":0,"ocean_custom_logo_max_width":0,"ocean_custom_logo_tablet_max_width":0,"ocean_custom_logo_mobile_max_width":0,"ocean_custom_logo_max_height":0,"ocean_custom_logo_tablet_max_height":0,"ocean_custom_logo_mobile_max_height":0,"ocean_header_custom_menu":"0","ocean_menu_typo_font_family":"0","ocean_menu_typo_font_subset":"","ocean_menu_typo_font_size":0,"ocean_menu_typo_font_size_tablet":0,"ocean_menu_typo_font_size_mobile":0,"ocean_menu_typo_font_size_unit":"px","ocean_menu_typo_font_weight":"","ocean_menu_typo_font_weight_tablet":"","ocean_menu_typo_font_weight_mobile":"","ocean_menu_typo_transform":"","ocean_menu_typo_transform_tablet":"","ocean_menu_typo_transform_mobile":"","ocean_menu_typo_line_height":0,"ocean_menu_typo_line_height_tablet":0,"ocean_menu_typo_line_height_mobile":0,"ocean_menu_typo_line_height_unit":"","ocean_menu_typo_spacing":0,"ocean_menu_typo_spacing_tablet":0,"ocean_menu_typo_spacing_mobile":0,"ocean_menu_typo_spacing_unit":"","ocean_menu_link_color":"","ocean_menu_link_color_hover":"","ocean_menu_link_color_active":"","ocean_menu_link_background":"","ocean_menu_link_hover_background":"","ocean_menu_link_active_background":"","ocean_menu_social_links_bg":"","ocean_menu_social_hover_links_bg":"","ocean_menu_social_links_color":"","ocean_menu_social_hover_links_color":"","ocean_disable_title":"default","ocean_disable_heading":"default","ocean_post_title":"","ocean_post_subheading":"","ocean_post_title_style":"","ocean_post_title_background_color":"","ocean_post_title_background":0,"ocean_post_title_bg_image_position":"","ocean_post_title_bg_image_attachment":"","ocean_post_title_bg_image_repeat":"","ocean_post_title_bg_image_size":"","ocean_post_title_height":0,"ocean_post_title_bg_overlay":0.5,"ocean_post_title_bg_overlay_color":"","ocean_disable_breadcrumbs":"default","ocean_breadcrumbs_color":"","ocean_breadcrumbs_separator_color":"","ocean_breadcrumbs_links_color":"","ocean_breadcrumbs_links_hover_color":"","ocean_display_footer_widgets":"default","ocean_display_footer_bottom":"default","ocean_custom_footer_template":"0","footnotes":""},"class_list":["post-2901","page","type-page","status-publish","hentry","entry","owp-thumbs-layout-horizontal","owp-btn-very-big","owp-tabs-layout-vertical","has-no-thumbnails","has-product-nav"],"acf":[],"yoast_head":"<!-- This site is optimized with the Yoast SEO plugin v27.4 - https:\/\/yoast.com\/product\/yoast-seo-wordpress\/ -->\n<title>Pol\u00edtica de Env\u00edos - Mar de Especias<\/title>\n<meta name=\"robots\" content=\"index, follow, max-snippet:-1, max-image-preview:large, max-video-preview:-1\" \/>\n<link rel=\"canonical\" href=\"https:\/\/mardeespecias.com\/en\/politica-de-envios\/\" \/>\n<meta property=\"og:locale\" content=\"en_GB\" \/>\n<meta property=\"og:type\" content=\"article\" \/>\n<meta property=\"og:title\" content=\"Pol\u00edtica de Env\u00edos - Mar de Especias\" \/>\n<meta property=\"og:description\" content=\"Pol\u00edtica de Env\u00edos Mar de Especias S.L. pone a disposici\u00f3n de sus clientes web varias opciones de env\u00edo, que se realizan a trav\u00e9s de empresas de mensajer\u00eda. El cliente podr\u00e1 seleccionar la forma de env\u00edo de entre las posibles para su zona. Deber\u00e1 tener en cuenta que los plazos de entrega y el coste ser\u00e1n [&hellip;]\" \/>\n<meta property=\"og:url\" content=\"https:\/\/mardeespecias.com\/en\/politica-de-envios\/\" \/>\n<meta property=\"og:site_name\" content=\"Mar de Especias\" \/>\n<meta property=\"article:publisher\" content=\"https:\/\/www.facebook.com\/mardeespeciasoficial\/\" \/>\n<meta property=\"article:modified_time\" content=\"2021-07-18T10:40:53+00:00\" \/>\n<meta property=\"og:image\" content=\"https:\/\/mardeespecias.com\/wp-content\/uploads\/2020\/10\/LOGO-MAR-DE-ESPECIAS-RRSS-1.png\" \/>\n\t<meta property=\"og:image:width\" content=\"400\" \/>\n\t<meta property=\"og:image:height\" content=\"400\" \/>\n\t<meta property=\"og:image:type\" content=\"image\/png\" \/>\n<meta name=\"twitter:card\" content=\"summary_large_image\" \/>\n<meta name=\"twitter:site\" content=\"@MardeEspecias\" \/>\n<meta name=\"twitter:label1\" content=\"Estimated reading time\" \/>\n\t<meta name=\"twitter:data1\" content=\"3 minutes\" \/>\n<script type=\"application\/ld+json\" class=\"yoast-schema-graph\">{\"@context\":\"https:\\\/\\\/schema.org\",\"@graph\":[{\"@type\":\"WebPage\",\"@id\":\"https:\\\/\\\/mardeespecias.com\\\/en\\\/politica-de-envios\\\/\",\"url\":\"https:\\\/\\\/mardeespecias.com\\\/en\\\/politica-de-envios\\\/\",\"name\":\"Pol\u00edtica de Env\u00edos - Mar de Especias\",\"isPartOf\":{\"@id\":\"https:\\\/\\\/mardeespecias.com\\\/#website\"},\"datePublished\":\"2021-05-11T20:58:51+00:00\",\"dateModified\":\"2021-07-18T10:40:53+00:00\",\"breadcrumb\":{\"@id\":\"https:\\\/\\\/mardeespecias.com\\\/en\\\/politica-de-envios\\\/#breadcrumb\"},\"inLanguage\":\"en-GB\",\"potentialAction\":[{\"@type\":\"ReadAction\",\"target\":[\"https:\\\/\\\/mardeespecias.com\\\/en\\\/politica-de-envios\\\/\"]}]},{\"@type\":\"BreadcrumbList\",\"@id\":\"https:\\\/\\\/mardeespecias.com\\\/en\\\/politica-de-envios\\\/#breadcrumb\",\"itemListElement\":[{\"@type\":\"ListItem\",\"position\":1,\"name\":\"INICIO\",\"item\":\"https:\\\/\\\/mardeespecias.com\\\/\"},{\"@type\":\"ListItem\",\"position\":2,\"name\":\"Pol\u00edtica de Env\u00edos\"}]},{\"@type\":\"WebSite\",\"@id\":\"https:\\\/\\\/mardeespecias.com\\\/#website\",\"url\":\"https:\\\/\\\/mardeespecias.com\\\/\",\"name\":\"Mar de Especias\",\"description\":\"Sal y bot\u00e1nicos para cocteler\u00eda, cocina y reposter\u00eda\",\"publisher\":{\"@id\":\"https:\\\/\\\/mardeespecias.com\\\/#organization\"},\"potentialAction\":[{\"@type\":\"SearchAction\",\"target\":{\"@type\":\"EntryPoint\",\"urlTemplate\":\"https:\\\/\\\/mardeespecias.com\\\/?s={search_term_string}\"},\"query-input\":{\"@type\":\"PropertyValueSpecification\",\"valueRequired\":true,\"valueName\":\"search_term_string\"}}],\"inLanguage\":\"en-GB\"},{\"@type\":\"Organization\",\"@id\":\"https:\\\/\\\/mardeespecias.com\\\/#organization\",\"name\":\"Mar de Especias\",\"url\":\"https:\\\/\\\/mardeespecias.com\\\/\",\"logo\":{\"@type\":\"ImageObject\",\"inLanguage\":\"en-GB\",\"@id\":\"https:\\\/\\\/mardeespecias.com\\\/#\\\/schema\\\/logo\\\/image\\\/\",\"url\":\"https:\\\/\\\/mardeespecias.com\\\/wp-content\\\/uploads\\\/2018\\\/05\\\/LOGO_MDE-TRANSP.png\",\"contentUrl\":\"https:\\\/\\\/mardeespecias.com\\\/wp-content\\\/uploads\\\/2018\\\/05\\\/LOGO_MDE-TRANSP.png\",\"width\":244,\"height\":115,\"caption\":\"Mar de Especias\"},\"image\":{\"@id\":\"https:\\\/\\\/mardeespecias.com\\\/#\\\/schema\\\/logo\\\/image\\\/\"},\"sameAs\":[\"https:\\\/\\\/www.facebook.com\\\/mardeespeciasoficial\\\/\",\"https:\\\/\\\/x.com\\\/MardeEspecias\",\"https:\\\/\\\/www.instagram.com\\\/mardeespeciasoficial\\\/\"]}]}<\/script>\n<!-- \/ Yoast SEO plugin. -->","yoast_head_json":{"title":"Pol\u00edtica de Env\u00edos - Mar de Especias","robots":{"index":"index","follow":"follow","max-snippet":"max-snippet:-1","max-image-preview":"max-image-preview:large","max-video-preview":"max-video-preview:-1"},"canonical":"https:\/\/mardeespecias.com\/en\/politica-de-envios\/","og_locale":"en_GB","og_type":"article","og_title":"Pol\u00edtica de Env\u00edos - Mar de Especias","og_description":"Pol\u00edtica de Env\u00edos Mar de Especias S.L. pone a disposici\u00f3n de sus clientes web varias opciones de env\u00edo, que se realizan a trav\u00e9s de empresas de mensajer\u00eda. El cliente podr\u00e1 seleccionar la forma de env\u00edo de entre las posibles para su zona. Deber\u00e1 tener en cuenta que los plazos de entrega y el coste ser\u00e1n [&hellip;]","og_url":"https:\/\/mardeespecias.com\/en\/politica-de-envios\/","og_site_name":"Mar de Especias","article_publisher":"https:\/\/www.facebook.com\/mardeespeciasoficial\/","article_modified_time":"2021-07-18T10:40:53+00:00","og_image":[{"width":400,"height":400,"url":"https:\/\/mardeespecias.com\/wp-content\/uploads\/2020\/10\/LOGO-MAR-DE-ESPECIAS-RRSS-1.png","type":"image\/png"}],"twitter_card":"summary_large_image","twitter_site":"@MardeEspecias","twitter_misc":{"Estimated reading time":"3 minutes"},"schema":{"@context":"https:\/\/schema.org","@graph":[{"@type":"WebPage","@id":"https:\/\/mardeespecias.com\/en\/politica-de-envios\/","url":"https:\/\/mardeespecias.com\/en\/politica-de-envios\/","name":"Pol\u00edtica de Env\u00edos - Mar de Especias","isPartOf":{"@id":"https:\/\/mardeespecias.com\/#website"},"datePublished":"2021-05-11T20:58:51+00:00","dateModified":"2021-07-18T10:40:53+00:00","breadcrumb":{"@id":"https:\/\/mardeespecias.com\/en\/politica-de-envios\/#breadcrumb"},"inLanguage":"en-GB","potentialAction":[{"@type":"ReadAction","target":["https:\/\/mardeespecias.com\/en\/politica-de-envios\/"]}]},{"@type":"BreadcrumbList","@id":"https:\/\/mardeespecias.com\/en\/politica-de-envios\/#breadcrumb","itemListElement":[{"@type":"ListItem","position":1,"name":"INICIO","item":"https:\/\/mardeespecias.com\/"},{"@type":"ListItem","position":2,"name":"Pol\u00edtica de Env\u00edos"}]},{"@type":"WebSite","@id":"https:\/\/mardeespecias.com\/#website","url":"https:\/\/mardeespecias.com\/","name":"Mar de Especias","description":"Sal y bot\u00e1nicos para cocteler\u00eda, cocina y reposter\u00eda","publisher":{"@id":"https:\/\/mardeespecias.com\/#organization"},"potentialAction":[{"@type":"SearchAction","target":{"@type":"EntryPoint","urlTemplate":"https:\/\/mardeespecias.com\/?s={search_term_string}"},"query-input":{"@type":"PropertyValueSpecification","valueRequired":true,"valueName":"search_term_string"}}],"inLanguage":"en-GB"},{"@type":"Organization","@id":"https:\/\/mardeespecias.com\/#organization","name":"Mar de Especias","url":"https:\/\/mardeespecias.com\/","logo":{"@type":"ImageObject","inLanguage":"en-GB","@id":"https:\/\/mardeespecias.com\/#\/schema\/logo\/image\/","url":"https:\/\/mardeespecias.com\/wp-content\/uploads\/2018\/05\/LOGO_MDE-TRANSP.png","contentUrl":"https:\/\/mardeespecias.com\/wp-content\/uploads\/2018\/05\/LOGO_MDE-TRANSP.png","width":244,"height":115,"caption":"Mar de Especias"},"image":{"@id":"https:\/\/mardeespecias.com\/#\/schema\/logo\/image\/"},"sameAs":["https:\/\/www.facebook.com\/mardeespeciasoficial\/","https:\/\/x.com\/MardeEspecias","https:\/\/www.instagram.com\/mardeespeciasoficial\/"]}]}},"_links":{"self":[{"href":"https:\/\/mardeespecias.com\/en\/wp-json\/wp\/v2\/pages\/2901","targetHints":{"allow":["GET"]}}],"collection":[{"href":"https:\/\/mardeespecias.com\/en\/wp-json\/wp\/v2\/pages"}],"about":[{"href":"https:\/\/mardeespecias.com\/en\/wp-json\/wp\/v2\/types\/page"}],"author":[{"embeddable":true,"href":"https:\/\/mardeespecias.com\/en\/wp-json\/wp\/v2\/users\/2"}],"replies":[{"embeddable":true,"href":"https:\/\/mardeespecias.com\/en\/wp-json\/wp\/v2\/comments?post=2901"}],"version-history":[{"count":0,"href":"https:\/\/mardeespecias.com\/en\/wp-json\/wp\/v2\/pages\/2901\/revisions"}],"wp:attachment":[{"href":"https:\/\/mardeespecias.com\/en\/wp-json\/wp\/v2\/media?parent=2901"}],"curies":[{"name":"wp","href":"https:\/\/api.w.org\/{rel}","templated":true}]}}