{"id":1117,"date":"2020-04-03T17:45:25","date_gmt":"2020-04-03T17:45:25","guid":{"rendered":"https:\/\/mardeespecias.com\/?post_type=product&#038;p=1117"},"modified":"2024-12-01T20:55:52","modified_gmt":"2024-12-01T19:55:52","slug":"escamas-de-sal-umami","status":"publish","type":"product","link":"https:\/\/mardeespecias.com\/en\/product\/escamas-de-sal-umami\/","title":{"rendered":"Umami Salt Flakes"},"content":{"rendered":"<p>Umami Salt Flakes, one of the exclusive salts of Mar de Especias. This salt enhances your food regardless of its origin. Only natural products are used for its formulation. The natural salt flakes combine perfectly with the so-called \"fifth taste\" of Umami, which in Japanese means \"delicious or tasty.<\/p>\n<p class=\"p1\"><b>IDEAL FOR:<\/b> <i>All kinds of meals.<\/i><\/p>\n<p><strong>How to use it: <\/strong>Mainly for cooking with it and for the presentation of the meals.<\/p>\n<p class=\"p1\"><b>Ingredients:<\/b> Natural Salt Flakes, Umami 1961 (3.5%)<\/p>\n<p><strong>Al\u00e9rgenos (RD 126\/2015):\u00a0<\/strong>No contiene Al\u00e9rgenos.<\/p>\n<p><img fetchpriority=\"high\" decoding=\"async\" class=\"alignnone size-full wp-image-4814\" src=\"https:\/\/mardeespecias.com\/wp-content\/uploads\/2020\/04\/FICHA-TECNICA-sal-en-escamas-limon-rev-1.jpg\" alt=\"\" width=\"600\" height=\"229\" srcset=\"https:\/\/mardeespecias.com\/wp-content\/uploads\/2020\/04\/FICHA-TECNICA-sal-en-escamas-limon-rev-1.jpg 600w, https:\/\/mardeespecias.com\/wp-content\/uploads\/2020\/04\/FICHA-TECNICA-sal-en-escamas-limon-rev-1-18x7.jpg 18w\" sizes=\"(max-width: 600px) 100vw, 600px\" \/><\/p>\n<p><strong>Valores Nutricionales:<\/strong><\/p>\n<table style=\"height: 270px; width: 26.1036%; border-collapse: collapse; border-color: #000000; background-color: #ffffff; border-style: solid;\">\n<tbody>\n<tr>\n<td style=\"width: 24.5546%; text-align: center; border-style: solid; border-color: #000000;\"><strong>PAR\u00c1METRO<\/strong><\/td>\n<td style=\"width: 15.8916%; text-align: center; border-style: solid; border-color: #000000;\"><strong>RESULTADO<\/strong><\/td>\n<td style=\"width: 17.986%; text-align: center; border-style: solid; border-color: #000000;\"><strong>UNIDADES<\/strong><\/td>\n<\/tr>\n<tr>\n<td style=\"width: 24.5546%; border-style: solid; border-color: #000000;\" rowspan=\"2\">Valor nutricional<\/td>\n<td style=\"width: 15.8916%; text-align: center; border-style: solid; border-color: #000000;\">227,5<\/td>\n<td style=\"width: 17.986%; text-align: center; border-style: solid; border-color: #000000;\">kj\/100gr<\/td>\n<\/tr>\n<tr>\n<td style=\"width: 15.8916%; text-align: center; border-style: solid; border-color: #000000;\">954,2<\/td>\n<td style=\"width: 17.986%; text-align: center; border-style: solid; border-color: #000000;\">kcal\/100gr<\/td>\n<\/tr>\n<tr>\n<td style=\"width: 24.5546%; border-style: solid; border-color: #000000;\">Hidratos de carbono<\/td>\n<td style=\"width: 15.8916%; text-align: center; border-style: solid; border-color: #000000;\">37<\/td>\n<td style=\"width: 17.986%; text-align: center; border-style: solid; border-color: #000000;\">gr\/100gr<\/td>\n<\/tr>\n<tr>\n<td style=\"width: 24.5546%; border-style: solid; border-color: #000000;\">De los cuales az\u00facares<\/td>\n<td style=\"width: 15.8916%; text-align: center; border-style: solid; border-color: #000000;\">152,4<\/td>\n<td style=\"width: 17.986%; text-align: center; border-style: solid; border-color: #000000;\">gr\/100gr<\/td>\n<\/tr>\n<tr>\n<td style=\"width: 24.5546%; border-style: solid; border-color: #000000;\">Prote\u00ednas<\/td>\n<td style=\"width: 15.8916%; text-align: center; border-style: solid; border-color: #000000;\">14,3<\/td>\n<td style=\"width: 17.986%; text-align: center; border-style: solid; border-color: #000000;\">gr\/100gr<\/td>\n<\/tr>\n<tr>\n<td style=\"width: 24.5546%; border-style: solid; border-color: #000000;\">Grasas<\/td>\n<td style=\"width: 15.8916%; text-align: center; border-style: solid; border-color: #000000;\">10,8<\/td>\n<td style=\"width: 17.986%; text-align: center; border-style: solid; border-color: #000000;\">gr\/100gr<\/td>\n<\/tr>\n<tr>\n<td style=\"width: 24.5546%; border-style: solid; border-color: #000000;\">Grasas saturadas<\/td>\n<td style=\"width: 15.8916%; text-align: center; border-style: solid; border-color: #000000;\">3,2<\/td>\n<td style=\"width: 17.986%; text-align: center; border-style: solid; border-color: #000000;\">gr\/100gr<\/td>\n<\/tr>\n<tr>\n<td style=\"width: 24.5546%; border-style: solid; border-color: #000000;\">Fibra total<\/td>\n<td style=\"width: 15.8916%; text-align: center; border-style: solid; border-color: #000000;\">18,9<\/td>\n<td style=\"width: 17.986%; text-align: center; border-style: solid; border-color: #000000;\">gr\/100gr<\/td>\n<\/tr>\n<tr>\n<td style=\"width: 24.5546%; border-style: solid; border-color: #000000;\">Sal (sodio)<\/td>\n<td style=\"width: 15.8916%; text-align: center; border-style: solid; border-color: #000000;\">15,8<\/td>\n<td style=\"width: 17.986%; text-align: center; border-style: solid; border-color: #000000;\">gr\/100gr<\/td>\n<\/tr>\n<\/tbody>\n<\/table>\n<p>Conservar en lugar fresco y seco.<\/p>\n<p>Producto de Espa\u00f1a.<\/p>\n<p><a href=\"https:\/\/mardeespecias.com\/wp-content\/uploads\/2023\/05\/FICHA-TECNICA-escamas-de-sal-Umami.pdf\" target=\"_blank\" rel=\"noopener\"><strong><img decoding=\"async\" class=\"wp-image-4835 alignnone lazyload\" data-src=\"https:\/\/mardeespecias.com\/wp-content\/uploads\/2023\/05\/descarga-pdf.jpg\" alt=\"\" width=\"45\" height=\"47\" data-srcset=\"https:\/\/mardeespecias.com\/wp-content\/uploads\/2023\/05\/descarga-pdf.jpg 220w, https:\/\/mardeespecias.com\/wp-content\/uploads\/2023\/05\/descarga-pdf-12x12.jpg 12w\" data-sizes=\"(max-width: 45px) 100vw, 45px\" src=\"data:image\/svg+xml;base64,PHN2ZyB3aWR0aD0iMSIgaGVpZ2h0PSIxIiB4bWxucz0iaHR0cDovL3d3dy53My5vcmcvMjAwMC9zdmciPjwvc3ZnPg==\" style=\"--smush-placeholder-width: 45px; --smush-placeholder-aspect-ratio: 45\/47;\" \/><\/strong><strong>\u00a0 D<\/strong><strong>escarga Ficha T\u00e9cnica<\/strong><\/a><\/p>","protected":false},"excerpt":{"rendered":"<h2><strong>NEW 2020<\/strong><\/h2>\n<p class=\"p1\">Natural salt flakes combine very well with the so-called \"fifth taste\" of Umami, which in Japanese means \"delicious or tasty\". They enhance the flavour of the meal we are seasoning.<\/p>\n<p class=\"p1\"><b>IDEAL FOR:<\/b> <i>All kinds of meals.<\/i><\/p>\n<p><strong>How to use it: <\/strong>Mainly for cooking with it and for the presentation of the meals.<\/p>\n<p class=\"p1\"><b>Ingredients:<\/b> Natural Salt Flakes, Umami 1961 (3.5%)<\/p>\n<p class=\"p1\">Product from Spain<\/p>","protected":false},"featured_media":1096,"template":"","meta":{"ocean_post_layout":"","ocean_both_sidebars_style":"","ocean_both_sidebars_content_width":0,"ocean_both_sidebars_sidebars_width":0,"ocean_sidebar":"0","ocean_second_sidebar":"0","ocean_disable_margins":"enable","ocean_add_body_class":"","ocean_shortcode_before_top_bar":"","ocean_shortcode_after_top_bar":"","ocean_shortcode_before_header":"","ocean_shortcode_after_header":"","ocean_has_shortcode":"","ocean_shortcode_after_title":"","ocean_shortcode_before_footer_widgets":"","ocean_shortcode_after_footer_widgets":"","ocean_shortcode_before_footer_bottom":"","ocean_shortcode_after_footer_bottom":"","ocean_display_top_bar":"default","ocean_display_header":"default","ocean_header_style":"","ocean_center_header_left_menu":"0","ocean_custom_header_template":"0","ocean_custom_logo":0,"ocean_custom_retina_logo":0,"ocean_custom_logo_max_width":0,"ocean_custom_logo_tablet_max_width":0,"ocean_custom_logo_mobile_max_width":0,"ocean_custom_logo_max_height":0,"ocean_custom_logo_tablet_max_height":0,"ocean_custom_logo_mobile_max_height":0,"ocean_header_custom_menu":"0","ocean_menu_typo_font_family":"0","ocean_menu_typo_font_subset":"","ocean_menu_typo_font_size":0,"ocean_menu_typo_font_size_tablet":0,"ocean_menu_typo_font_size_mobile":0,"ocean_menu_typo_font_size_unit":"px","ocean_menu_typo_font_weight":"","ocean_menu_typo_font_weight_tablet":"","ocean_menu_typo_font_weight_mobile":"","ocean_menu_typo_transform":"","ocean_menu_typo_transform_tablet":"","ocean_menu_typo_transform_mobile":"","ocean_menu_typo_line_height":0,"ocean_menu_typo_line_height_tablet":0,"ocean_menu_typo_line_height_mobile":0,"ocean_menu_typo_line_height_unit":"","ocean_menu_typo_spacing":0,"ocean_menu_typo_spacing_tablet":0,"ocean_menu_typo_spacing_mobile":0,"ocean_menu_typo_spacing_unit":"","ocean_menu_link_color":"","ocean_menu_link_color_hover":"","ocean_menu_link_color_active":"","ocean_menu_link_background":"","ocean_menu_link_hover_background":"","ocean_menu_link_active_background":"","ocean_menu_social_links_bg":"","ocean_menu_social_hover_links_bg":"","ocean_menu_social_links_color":"","ocean_menu_social_hover_links_color":"","ocean_disable_title":"default","ocean_disable_heading":"default","ocean_post_title":"","ocean_post_subheading":"","ocean_post_title_style":"","ocean_post_title_background_color":"","ocean_post_title_background":0,"ocean_post_title_bg_image_position":"","ocean_post_title_bg_image_attachment":"","ocean_post_title_bg_image_repeat":"","ocean_post_title_bg_image_size":"","ocean_post_title_height":0,"ocean_post_title_bg_overlay":0.5,"ocean_post_title_bg_overlay_color":"","ocean_disable_breadcrumbs":"default","ocean_breadcrumbs_color":"","ocean_breadcrumbs_separator_color":"","ocean_breadcrumbs_links_color":"","ocean_breadcrumbs_links_hover_color":"","ocean_display_footer_widgets":"default","ocean_display_footer_bottom":"default","ocean_custom_footer_template":"0"},"product_brand":[],"product_cat":[81,261,25],"product_tag":[85,100,79,101],"class_list":{"0":"post-1117","1":"product","2":"type-product","3":"status-publish","4":"has-post-thumbnail","6":"product_cat-sal-en-escamas","7":"product_cat-escamas-de-sal-sabores","8":"product_cat-sal-calidad-premium","9":"product_tag-escamas-de-sal","10":"product_tag-escamas-de-sal-umami","11":"product_tag-sal","12":"product_tag-umami","14":"entry","15":"has-media","17":"first","18":"outofstock","19":"featured","20":"taxable","21":"shipping-taxable","22":"purchasable","23":"product-type-variable","24":"has-product-nav","25":"col","26":"span_1_of_4","27":"owp-content-center","28":"item-entry","29":"owp-thumbs-layout-horizontal","30":"owp-btn-very-big","31":"owp-tabs-layout-vertical"},"acf":[],"yoast_head":"<!-- This site is optimized with the Yoast SEO plugin v27.3 - https:\/\/yoast.com\/product\/yoast-seo-wordpress\/ -->\n<title>Escamas de Sal Umami - Mar de Especias<\/title>\n<meta name=\"description\" content=\"Escamas de Sal umami, una de las sales exclusivas de Mar de Especias. Esta sal potencia sus alimentos sin importar el origen de los mismos\" \/>\n<meta name=\"robots\" content=\"index, follow, max-snippet:-1, max-image-preview:large, max-video-preview:-1\" \/>\n<link rel=\"canonical\" href=\"https:\/\/mardeespecias.com\/en\/product\/escamas-de-sal-umami\/\" \/>\n<meta property=\"og:locale\" content=\"en_GB\" \/>\n<meta property=\"og:type\" content=\"article\" \/>\n<meta property=\"og:title\" content=\"Escamas de Sal Umami - Mar de Especias\" \/>\n<meta property=\"og:description\" content=\"Escamas de Sal umami, una de las sales exclusivas de Mar de Especias. Esta sal potencia sus alimentos sin importar el origen de los mismos\" \/>\n<meta property=\"og:url\" content=\"https:\/\/mardeespecias.com\/en\/product\/escamas-de-sal-umami\/\" \/>\n<meta property=\"og:site_name\" content=\"Mar de Especias\" \/>\n<meta property=\"article:publisher\" content=\"https:\/\/www.facebook.com\/mardeespeciasoficial\/\" \/>\n<meta property=\"article:modified_time\" content=\"2024-12-01T19:55:52+00:00\" \/>\n<meta property=\"og:image\" content=\"https:\/\/mardeespecias.com\/wp-content\/uploads\/2020\/04\/ESCAMAS-UMAMI.jpg\" \/>\n\t<meta property=\"og:image:width\" content=\"600\" \/>\n\t<meta property=\"og:image:height\" content=\"600\" \/>\n\t<meta property=\"og:image:type\" content=\"image\/jpeg\" \/>\n<meta name=\"twitter:card\" content=\"summary_large_image\" \/>\n<meta name=\"twitter:site\" content=\"@MardeEspecias\" \/>\n<meta name=\"twitter:label1\" content=\"Estimated reading time\" \/>\n\t<meta name=\"twitter:data1\" content=\"1 minute\" \/>\n<script type=\"application\/ld+json\" class=\"yoast-schema-graph\">{\"@context\":\"https:\\\/\\\/schema.org\",\"@graph\":[{\"@type\":\"WebPage\",\"@id\":\"https:\\\/\\\/mardeespecias.com\\\/producto\\\/escamas-de-sal-umami\\\/\",\"url\":\"https:\\\/\\\/mardeespecias.com\\\/producto\\\/escamas-de-sal-umami\\\/\",\"name\":\"Escamas de Sal Umami - Mar de Especias\",\"isPartOf\":{\"@id\":\"https:\\\/\\\/mardeespecias.com\\\/#website\"},\"primaryImageOfPage\":{\"@id\":\"https:\\\/\\\/mardeespecias.com\\\/producto\\\/escamas-de-sal-umami\\\/#primaryimage\"},\"image\":{\"@id\":\"https:\\\/\\\/mardeespecias.com\\\/producto\\\/escamas-de-sal-umami\\\/#primaryimage\"},\"thumbnailUrl\":\"https:\\\/\\\/mardeespecias.com\\\/wp-content\\\/uploads\\\/2020\\\/04\\\/ESCAMAS-UMAMI.jpg\",\"datePublished\":\"2020-04-03T17:45:25+00:00\",\"dateModified\":\"2024-12-01T19:55:52+00:00\",\"description\":\"Escamas de Sal umami, una de las sales exclusivas de Mar de Especias. Esta sal potencia sus alimentos sin importar el origen de los mismos\",\"breadcrumb\":{\"@id\":\"https:\\\/\\\/mardeespecias.com\\\/producto\\\/escamas-de-sal-umami\\\/#breadcrumb\"},\"inLanguage\":\"en-GB\",\"potentialAction\":[{\"@type\":\"ReadAction\",\"target\":[\"https:\\\/\\\/mardeespecias.com\\\/producto\\\/escamas-de-sal-umami\\\/\"]}]},{\"@type\":\"ImageObject\",\"inLanguage\":\"en-GB\",\"@id\":\"https:\\\/\\\/mardeespecias.com\\\/producto\\\/escamas-de-sal-umami\\\/#primaryimage\",\"url\":\"https:\\\/\\\/mardeespecias.com\\\/wp-content\\\/uploads\\\/2020\\\/04\\\/ESCAMAS-UMAMI.jpg\",\"contentUrl\":\"https:\\\/\\\/mardeespecias.com\\\/wp-content\\\/uploads\\\/2020\\\/04\\\/ESCAMAS-UMAMI.jpg\",\"width\":600,\"height\":600,\"caption\":\"Escamas de sal Umami\"},{\"@type\":\"BreadcrumbList\",\"@id\":\"https:\\\/\\\/mardeespecias.com\\\/producto\\\/escamas-de-sal-umami\\\/#breadcrumb\",\"itemListElement\":[{\"@type\":\"ListItem\",\"position\":1,\"name\":\"INICIO\",\"item\":\"https:\\\/\\\/mardeespecias.com\\\/\"},{\"@type\":\"ListItem\",\"position\":2,\"name\":\"Tienda\",\"item\":\"https:\\\/\\\/mardeespecias.com\\\/tienda\\\/\"},{\"@type\":\"ListItem\",\"position\":3,\"name\":\"Escamas de Sal Umami\"}]},{\"@type\":\"WebSite\",\"@id\":\"https:\\\/\\\/mardeespecias.com\\\/#website\",\"url\":\"https:\\\/\\\/mardeespecias.com\\\/\",\"name\":\"Mar de Especias\",\"description\":\"Sal y bot\u00e1nicos para cocteler\u00eda, cocina y reposter\u00eda\",\"publisher\":{\"@id\":\"https:\\\/\\\/mardeespecias.com\\\/#organization\"},\"potentialAction\":[{\"@type\":\"SearchAction\",\"target\":{\"@type\":\"EntryPoint\",\"urlTemplate\":\"https:\\\/\\\/mardeespecias.com\\\/?s={search_term_string}\"},\"query-input\":{\"@type\":\"PropertyValueSpecification\",\"valueRequired\":true,\"valueName\":\"search_term_string\"}}],\"inLanguage\":\"en-GB\"},{\"@type\":\"Organization\",\"@id\":\"https:\\\/\\\/mardeespecias.com\\\/#organization\",\"name\":\"Mar de Especias\",\"url\":\"https:\\\/\\\/mardeespecias.com\\\/\",\"logo\":{\"@type\":\"ImageObject\",\"inLanguage\":\"en-GB\",\"@id\":\"https:\\\/\\\/mardeespecias.com\\\/#\\\/schema\\\/logo\\\/image\\\/\",\"url\":\"https:\\\/\\\/mardeespecias.com\\\/wp-content\\\/uploads\\\/2018\\\/05\\\/LOGO_MDE-TRANSP.png\",\"contentUrl\":\"https:\\\/\\\/mardeespecias.com\\\/wp-content\\\/uploads\\\/2018\\\/05\\\/LOGO_MDE-TRANSP.png\",\"width\":244,\"height\":115,\"caption\":\"Mar de Especias\"},\"image\":{\"@id\":\"https:\\\/\\\/mardeespecias.com\\\/#\\\/schema\\\/logo\\\/image\\\/\"},\"sameAs\":[\"https:\\\/\\\/www.facebook.com\\\/mardeespeciasoficial\\\/\",\"https:\\\/\\\/x.com\\\/MardeEspecias\",\"https:\\\/\\\/www.instagram.com\\\/mardeespeciasoficial\\\/\"]}]}<\/script>\n<!-- \/ Yoast SEO plugin. -->","yoast_head_json":{"title":"Escamas de Sal Umami - Mar de Especias","description":"Escamas de Sal umami, una de las sales exclusivas de Mar de Especias. Esta sal potencia sus alimentos sin importar el origen de los mismos","robots":{"index":"index","follow":"follow","max-snippet":"max-snippet:-1","max-image-preview":"max-image-preview:large","max-video-preview":"max-video-preview:-1"},"canonical":"https:\/\/mardeespecias.com\/en\/product\/escamas-de-sal-umami\/","og_locale":"en_GB","og_type":"article","og_title":"Escamas de Sal Umami - Mar de Especias","og_description":"Escamas de Sal umami, una de las sales exclusivas de Mar de Especias. Esta sal potencia sus alimentos sin importar el origen de los mismos","og_url":"https:\/\/mardeespecias.com\/en\/product\/escamas-de-sal-umami\/","og_site_name":"Mar de Especias","article_publisher":"https:\/\/www.facebook.com\/mardeespeciasoficial\/","article_modified_time":"2024-12-01T19:55:52+00:00","og_image":[{"width":600,"height":600,"url":"https:\/\/mardeespecias.com\/wp-content\/uploads\/2020\/04\/ESCAMAS-UMAMI.jpg","type":"image\/jpeg"}],"twitter_card":"summary_large_image","twitter_site":"@MardeEspecias","twitter_misc":{"Estimated reading time":"1 minute"},"schema":{"@context":"https:\/\/schema.org","@graph":[{"@type":"WebPage","@id":"https:\/\/mardeespecias.com\/producto\/escamas-de-sal-umami\/","url":"https:\/\/mardeespecias.com\/producto\/escamas-de-sal-umami\/","name":"Escamas de Sal Umami - Mar de Especias","isPartOf":{"@id":"https:\/\/mardeespecias.com\/#website"},"primaryImageOfPage":{"@id":"https:\/\/mardeespecias.com\/producto\/escamas-de-sal-umami\/#primaryimage"},"image":{"@id":"https:\/\/mardeespecias.com\/producto\/escamas-de-sal-umami\/#primaryimage"},"thumbnailUrl":"https:\/\/mardeespecias.com\/wp-content\/uploads\/2020\/04\/ESCAMAS-UMAMI.jpg","datePublished":"2020-04-03T17:45:25+00:00","dateModified":"2024-12-01T19:55:52+00:00","description":"Escamas de Sal umami, una de las sales exclusivas de Mar de Especias. Esta sal potencia sus alimentos sin importar el origen de los mismos","breadcrumb":{"@id":"https:\/\/mardeespecias.com\/producto\/escamas-de-sal-umami\/#breadcrumb"},"inLanguage":"en-GB","potentialAction":[{"@type":"ReadAction","target":["https:\/\/mardeespecias.com\/producto\/escamas-de-sal-umami\/"]}]},{"@type":"ImageObject","inLanguage":"en-GB","@id":"https:\/\/mardeespecias.com\/producto\/escamas-de-sal-umami\/#primaryimage","url":"https:\/\/mardeespecias.com\/wp-content\/uploads\/2020\/04\/ESCAMAS-UMAMI.jpg","contentUrl":"https:\/\/mardeespecias.com\/wp-content\/uploads\/2020\/04\/ESCAMAS-UMAMI.jpg","width":600,"height":600,"caption":"Escamas de sal Umami"},{"@type":"BreadcrumbList","@id":"https:\/\/mardeespecias.com\/producto\/escamas-de-sal-umami\/#breadcrumb","itemListElement":[{"@type":"ListItem","position":1,"name":"INICIO","item":"https:\/\/mardeespecias.com\/"},{"@type":"ListItem","position":2,"name":"Tienda","item":"https:\/\/mardeespecias.com\/tienda\/"},{"@type":"ListItem","position":3,"name":"Escamas de Sal Umami"}]},{"@type":"WebSite","@id":"https:\/\/mardeespecias.com\/#website","url":"https:\/\/mardeespecias.com\/","name":"Mar de Especias","description":"Sal y bot\u00e1nicos para cocteler\u00eda, cocina y reposter\u00eda","publisher":{"@id":"https:\/\/mardeespecias.com\/#organization"},"potentialAction":[{"@type":"SearchAction","target":{"@type":"EntryPoint","urlTemplate":"https:\/\/mardeespecias.com\/?s={search_term_string}"},"query-input":{"@type":"PropertyValueSpecification","valueRequired":true,"valueName":"search_term_string"}}],"inLanguage":"en-GB"},{"@type":"Organization","@id":"https:\/\/mardeespecias.com\/#organization","name":"Mar de Especias","url":"https:\/\/mardeespecias.com\/","logo":{"@type":"ImageObject","inLanguage":"en-GB","@id":"https:\/\/mardeespecias.com\/#\/schema\/logo\/image\/","url":"https:\/\/mardeespecias.com\/wp-content\/uploads\/2018\/05\/LOGO_MDE-TRANSP.png","contentUrl":"https:\/\/mardeespecias.com\/wp-content\/uploads\/2018\/05\/LOGO_MDE-TRANSP.png","width":244,"height":115,"caption":"Mar de Especias"},"image":{"@id":"https:\/\/mardeespecias.com\/#\/schema\/logo\/image\/"},"sameAs":["https:\/\/www.facebook.com\/mardeespeciasoficial\/","https:\/\/x.com\/MardeEspecias","https:\/\/www.instagram.com\/mardeespeciasoficial\/"]}]}},"_links":{"self":[{"href":"https:\/\/mardeespecias.com\/en\/wp-json\/wp\/v2\/product\/1117","targetHints":{"allow":["GET"]}}],"collection":[{"href":"https:\/\/mardeespecias.com\/en\/wp-json\/wp\/v2\/product"}],"about":[{"href":"https:\/\/mardeespecias.com\/en\/wp-json\/wp\/v2\/types\/product"}],"version-history":[{"count":1,"href":"https:\/\/mardeespecias.com\/en\/wp-json\/wp\/v2\/product\/1117\/revisions"}],"predecessor-version":[{"id":5463,"href":"https:\/\/mardeespecias.com\/en\/wp-json\/wp\/v2\/product\/1117\/revisions\/5463"}],"wp:featuredmedia":[{"embeddable":true,"href":"https:\/\/mardeespecias.com\/en\/wp-json\/wp\/v2\/media\/1096"}],"wp:attachment":[{"href":"https:\/\/mardeespecias.com\/en\/wp-json\/wp\/v2\/media?parent=1117"}],"wp:term":[{"taxonomy":"product_brand","embeddable":true,"href":"https:\/\/mardeespecias.com\/en\/wp-json\/wp\/v2\/product_brand?post=1117"},{"taxonomy":"product_cat","embeddable":true,"href":"https:\/\/mardeespecias.com\/en\/wp-json\/wp\/v2\/product_cat?post=1117"},{"taxonomy":"product_tag","embeddable":true,"href":"https:\/\/mardeespecias.com\/en\/wp-json\/wp\/v2\/product_tag?post=1117"}],"curies":[{"name":"wp","href":"https:\/\/api.w.org\/{rel}","templated":true}]}}