{"id":1125,"date":"2020-04-06T11:00:48","date_gmt":"2020-04-06T11:00:48","guid":{"rendered":"https:\/\/mardeespecias.com\/?post_type=product&#038;p=1125"},"modified":"2025-01-02T17:06:37","modified_gmt":"2025-01-02T16:06:37","slug":"flor-de-sal-boletus","status":"publish","type":"product","link":"https:\/\/mardeespecias.com\/en\/product\/flor-de-sal-boletus\/","title":{"rendered":"Boletus Fleur de Sel"},"content":{"rendered":"<p>Mar de Especias Boletus Fleur de Sel. The exotic combination of our natural Flower of Sea Salt and dehydrated Boletus. Our Fleur de sel with Boletus adds to your meals that point of distinction that will make them irresistible, providing a unique aroma and flavour.<\/p>\n<p class=\"p1\"><b>IDEAL FOR:<\/b> <i>Salads, risottos, pasta and grilled meats<\/i><\/p>\n<p><strong>How to use it: <\/strong>Mainly for cooking, as a garnish and accompaniment.<\/p>\n<p class=\"p1\"><b>Ingredients:<\/b> Natural Fleur de Sel, Boletus Dehydrated (2%).<\/p>\n<p><strong>Al\u00e9rgenos (RD 126\/2015):\u00a0<\/strong>No contiene Al\u00e9rgenos.<\/p>\n<p><img fetchpriority=\"high\" decoding=\"async\" class=\"alignnone size-full wp-image-4814\" src=\"https:\/\/mardeespecias.com\/wp-content\/uploads\/2020\/04\/FICHA-TECNICA-sal-en-escamas-limon-rev-1.jpg\" alt=\"\" width=\"600\" height=\"229\" srcset=\"https:\/\/mardeespecias.com\/wp-content\/uploads\/2020\/04\/FICHA-TECNICA-sal-en-escamas-limon-rev-1.jpg 600w, https:\/\/mardeespecias.com\/wp-content\/uploads\/2020\/04\/FICHA-TECNICA-sal-en-escamas-limon-rev-1-18x7.jpg 18w\" sizes=\"(max-width: 600px) 100vw, 600px\" \/><\/p>\n<p>Conservar en lugar fresco y seco.<\/p>\n<p>Producto de Espa\u00f1a.<\/p>","protected":false},"excerpt":{"rendered":"<p class=\"p1\">All the flavour and aroma of the dehydrated boletus, combined with the thin crystallised layer that forms on the surface of the sea salt.<\/p>\n<p class=\"p1\"><b>IDEAL FOR:<\/b> <i>Salads, risottos, pasta and grilled meats<\/i><\/p>\n<p><strong>How to use it: <\/strong>Mainly for cooking, as a garnish and accompaniment.<\/p>\n<p class=\"p1\"><b>Ingredients:<\/b> Natural Fleur de Sel, Boletus Dehydrated (2%).<\/p>\n<p class=\"p1\">Product from Spain<\/p>","protected":false},"featured_media":1097,"template":"","meta":{"ocean_post_layout":"","ocean_both_sidebars_style":"","ocean_both_sidebars_content_width":0,"ocean_both_sidebars_sidebars_width":0,"ocean_sidebar":"0","ocean_second_sidebar":"0","ocean_disable_margins":"enable","ocean_add_body_class":"","ocean_shortcode_before_top_bar":"","ocean_shortcode_after_top_bar":"","ocean_shortcode_before_header":"","ocean_shortcode_after_header":"","ocean_has_shortcode":"","ocean_shortcode_after_title":"","ocean_shortcode_before_footer_widgets":"","ocean_shortcode_after_footer_widgets":"","ocean_shortcode_before_footer_bottom":"","ocean_shortcode_after_footer_bottom":"","ocean_display_top_bar":"default","ocean_display_header":"default","ocean_header_style":"","ocean_center_header_left_menu":"0","ocean_custom_header_template":"0","ocean_custom_logo":0,"ocean_custom_retina_logo":0,"ocean_custom_logo_max_width":0,"ocean_custom_logo_tablet_max_width":0,"ocean_custom_logo_mobile_max_width":0,"ocean_custom_logo_max_height":0,"ocean_custom_logo_tablet_max_height":0,"ocean_custom_logo_mobile_max_height":0,"ocean_header_custom_menu":"0","ocean_menu_typo_font_family":"0","ocean_menu_typo_font_subset":"","ocean_menu_typo_font_size":0,"ocean_menu_typo_font_size_tablet":0,"ocean_menu_typo_font_size_mobile":0,"ocean_menu_typo_font_size_unit":"px","ocean_menu_typo_font_weight":"","ocean_menu_typo_font_weight_tablet":"","ocean_menu_typo_font_weight_mobile":"","ocean_menu_typo_transform":"","ocean_menu_typo_transform_tablet":"","ocean_menu_typo_transform_mobile":"","ocean_menu_typo_line_height":0,"ocean_menu_typo_line_height_tablet":0,"ocean_menu_typo_line_height_mobile":0,"ocean_menu_typo_line_height_unit":"","ocean_menu_typo_spacing":0,"ocean_menu_typo_spacing_tablet":0,"ocean_menu_typo_spacing_mobile":0,"ocean_menu_typo_spacing_unit":"","ocean_menu_link_color":"","ocean_menu_link_color_hover":"","ocean_menu_link_color_active":"","ocean_menu_link_background":"","ocean_menu_link_hover_background":"","ocean_menu_link_active_background":"","ocean_menu_social_links_bg":"","ocean_menu_social_hover_links_bg":"","ocean_menu_social_links_color":"","ocean_menu_social_hover_links_color":"","ocean_disable_title":"default","ocean_disable_heading":"default","ocean_post_title":"","ocean_post_subheading":"","ocean_post_title_style":"","ocean_post_title_background_color":"","ocean_post_title_background":0,"ocean_post_title_bg_image_position":"","ocean_post_title_bg_image_attachment":"","ocean_post_title_bg_image_repeat":"","ocean_post_title_bg_image_size":"","ocean_post_title_height":0,"ocean_post_title_bg_overlay":0.5,"ocean_post_title_bg_overlay_color":"","ocean_disable_breadcrumbs":"default","ocean_breadcrumbs_color":"","ocean_breadcrumbs_separator_color":"","ocean_breadcrumbs_links_color":"","ocean_breadcrumbs_links_hover_color":"","ocean_display_footer_widgets":"default","ocean_display_footer_bottom":"default","ocean_custom_footer_template":"0"},"product_brand":[],"product_cat":[82,25],"product_tag":[102,104,79],"class_list":{"0":"post-1125","1":"product","2":"type-product","3":"status-publish","4":"has-post-thumbnail","6":"product_cat-flor-de-sal","7":"product_cat-sal-calidad-premium","8":"product_tag-flor-de-sal","9":"product_tag-flor-de-sal-boletus","10":"product_tag-sal","12":"entry","13":"has-media","15":"first","16":"instock","17":"taxable","18":"shipping-taxable","19":"purchasable","20":"product-type-variable","21":"has-product-nav","22":"col","23":"span_1_of_4","24":"owp-content-center","25":"item-entry","26":"owp-thumbs-layout-horizontal","27":"owp-btn-very-big","28":"owp-tabs-layout-vertical"},"acf":[],"yoast_head":"<!-- This site is optimized with the Yoast SEO plugin v27.4 - https:\/\/yoast.com\/product\/yoast-seo-wordpress\/ -->\n<title>Flor de Sal Boletus - Mar de Especias<\/title>\n<meta name=\"description\" content=\"Todo el sabor y el aroma del boletus deshidratado, unido a la Flor de Sal (la fina capa cristalizada que se forma en la superficie de las salinas marinas).\" \/>\n<meta name=\"robots\" content=\"index, follow, max-snippet:-1, max-image-preview:large, max-video-preview:-1\" \/>\n<link rel=\"canonical\" href=\"https:\/\/mardeespecias.com\/en\/product\/flor-de-sal-boletus\/\" \/>\n<meta property=\"og:locale\" content=\"en_GB\" \/>\n<meta property=\"og:type\" content=\"article\" \/>\n<meta property=\"og:title\" content=\"Flor de Sal Boletus - Mar de Especias\" \/>\n<meta property=\"og:description\" content=\"Todo el sabor y el aroma del boletus deshidratado, unido a la Flor de Sal (la fina capa cristalizada que se forma en la superficie de las salinas marinas).\" \/>\n<meta property=\"og:url\" content=\"https:\/\/mardeespecias.com\/en\/product\/flor-de-sal-boletus\/\" \/>\n<meta property=\"og:site_name\" content=\"Mar de Especias\" \/>\n<meta property=\"article:publisher\" content=\"https:\/\/www.facebook.com\/mardeespeciasoficial\/\" \/>\n<meta property=\"article:modified_time\" content=\"2025-01-02T16:06:37+00:00\" \/>\n<meta property=\"og:image\" content=\"https:\/\/mardeespecias.com\/wp-content\/uploads\/2020\/04\/FLOR-BLETUS.jpg\" \/>\n\t<meta property=\"og:image:width\" content=\"600\" \/>\n\t<meta property=\"og:image:height\" content=\"600\" \/>\n\t<meta property=\"og:image:type\" content=\"image\/jpeg\" \/>\n<meta name=\"twitter:card\" content=\"summary_large_image\" \/>\n<meta name=\"twitter:site\" content=\"@MardeEspecias\" \/>\n<meta name=\"twitter:label1\" content=\"Estimated reading time\" \/>\n\t<meta name=\"twitter:data1\" content=\"1 minute\" \/>\n<script type=\"application\/ld+json\" class=\"yoast-schema-graph\">{\"@context\":\"https:\\\/\\\/schema.org\",\"@graph\":[{\"@type\":\"WebPage\",\"@id\":\"https:\\\/\\\/mardeespecias.com\\\/producto\\\/flor-de-sal-boletus\\\/\",\"url\":\"https:\\\/\\\/mardeespecias.com\\\/producto\\\/flor-de-sal-boletus\\\/\",\"name\":\"Flor de Sal Boletus - Mar de Especias\",\"isPartOf\":{\"@id\":\"https:\\\/\\\/mardeespecias.com\\\/#website\"},\"primaryImageOfPage\":{\"@id\":\"https:\\\/\\\/mardeespecias.com\\\/producto\\\/flor-de-sal-boletus\\\/#primaryimage\"},\"image\":{\"@id\":\"https:\\\/\\\/mardeespecias.com\\\/producto\\\/flor-de-sal-boletus\\\/#primaryimage\"},\"thumbnailUrl\":\"https:\\\/\\\/mardeespecias.com\\\/wp-content\\\/uploads\\\/2020\\\/04\\\/FLOR-BLETUS.jpg\",\"datePublished\":\"2020-04-06T11:00:48+00:00\",\"dateModified\":\"2025-01-02T16:06:37+00:00\",\"description\":\"Todo el sabor y el aroma del boletus deshidratado, unido a la Flor de Sal (la fina capa cristalizada que se forma en la superficie de las salinas marinas).\",\"breadcrumb\":{\"@id\":\"https:\\\/\\\/mardeespecias.com\\\/producto\\\/flor-de-sal-boletus\\\/#breadcrumb\"},\"inLanguage\":\"en-GB\",\"potentialAction\":[{\"@type\":\"ReadAction\",\"target\":[\"https:\\\/\\\/mardeespecias.com\\\/producto\\\/flor-de-sal-boletus\\\/\"]}]},{\"@type\":\"ImageObject\",\"inLanguage\":\"en-GB\",\"@id\":\"https:\\\/\\\/mardeespecias.com\\\/producto\\\/flor-de-sal-boletus\\\/#primaryimage\",\"url\":\"https:\\\/\\\/mardeespecias.com\\\/wp-content\\\/uploads\\\/2020\\\/04\\\/FLOR-BLETUS.jpg\",\"contentUrl\":\"https:\\\/\\\/mardeespecias.com\\\/wp-content\\\/uploads\\\/2020\\\/04\\\/FLOR-BLETUS.jpg\",\"width\":600,\"height\":600,\"caption\":\"Flor de Sal Boletus\"},{\"@type\":\"BreadcrumbList\",\"@id\":\"https:\\\/\\\/mardeespecias.com\\\/producto\\\/flor-de-sal-boletus\\\/#breadcrumb\",\"itemListElement\":[{\"@type\":\"ListItem\",\"position\":1,\"name\":\"INICIO\",\"item\":\"https:\\\/\\\/mardeespecias.com\\\/\"},{\"@type\":\"ListItem\",\"position\":2,\"name\":\"Tienda\",\"item\":\"https:\\\/\\\/mardeespecias.com\\\/tienda\\\/\"},{\"@type\":\"ListItem\",\"position\":3,\"name\":\"Flor de Sal Boletus\"}]},{\"@type\":\"WebSite\",\"@id\":\"https:\\\/\\\/mardeespecias.com\\\/#website\",\"url\":\"https:\\\/\\\/mardeespecias.com\\\/\",\"name\":\"Mar de Especias\",\"description\":\"Sal y bot\u00e1nicos para cocteler\u00eda, cocina y reposter\u00eda\",\"publisher\":{\"@id\":\"https:\\\/\\\/mardeespecias.com\\\/#organization\"},\"potentialAction\":[{\"@type\":\"SearchAction\",\"target\":{\"@type\":\"EntryPoint\",\"urlTemplate\":\"https:\\\/\\\/mardeespecias.com\\\/?s={search_term_string}\"},\"query-input\":{\"@type\":\"PropertyValueSpecification\",\"valueRequired\":true,\"valueName\":\"search_term_string\"}}],\"inLanguage\":\"en-GB\"},{\"@type\":\"Organization\",\"@id\":\"https:\\\/\\\/mardeespecias.com\\\/#organization\",\"name\":\"Mar de Especias\",\"url\":\"https:\\\/\\\/mardeespecias.com\\\/\",\"logo\":{\"@type\":\"ImageObject\",\"inLanguage\":\"en-GB\",\"@id\":\"https:\\\/\\\/mardeespecias.com\\\/#\\\/schema\\\/logo\\\/image\\\/\",\"url\":\"https:\\\/\\\/mardeespecias.com\\\/wp-content\\\/uploads\\\/2018\\\/05\\\/LOGO_MDE-TRANSP.png\",\"contentUrl\":\"https:\\\/\\\/mardeespecias.com\\\/wp-content\\\/uploads\\\/2018\\\/05\\\/LOGO_MDE-TRANSP.png\",\"width\":244,\"height\":115,\"caption\":\"Mar de Especias\"},\"image\":{\"@id\":\"https:\\\/\\\/mardeespecias.com\\\/#\\\/schema\\\/logo\\\/image\\\/\"},\"sameAs\":[\"https:\\\/\\\/www.facebook.com\\\/mardeespeciasoficial\\\/\",\"https:\\\/\\\/x.com\\\/MardeEspecias\",\"https:\\\/\\\/www.instagram.com\\\/mardeespeciasoficial\\\/\"]}]}<\/script>\n<!-- \/ Yoast SEO plugin. -->","yoast_head_json":{"title":"Flor de Sal Boletus - Mar de Especias","description":"Todo el sabor y el aroma del boletus deshidratado, unido a la Flor de Sal (la fina capa cristalizada que se forma en la superficie de las salinas marinas).","robots":{"index":"index","follow":"follow","max-snippet":"max-snippet:-1","max-image-preview":"max-image-preview:large","max-video-preview":"max-video-preview:-1"},"canonical":"https:\/\/mardeespecias.com\/en\/product\/flor-de-sal-boletus\/","og_locale":"en_GB","og_type":"article","og_title":"Flor de Sal Boletus - Mar de Especias","og_description":"Todo el sabor y el aroma del boletus deshidratado, unido a la Flor de Sal (la fina capa cristalizada que se forma en la superficie de las salinas marinas).","og_url":"https:\/\/mardeespecias.com\/en\/product\/flor-de-sal-boletus\/","og_site_name":"Mar de Especias","article_publisher":"https:\/\/www.facebook.com\/mardeespeciasoficial\/","article_modified_time":"2025-01-02T16:06:37+00:00","og_image":[{"width":600,"height":600,"url":"https:\/\/mardeespecias.com\/wp-content\/uploads\/2020\/04\/FLOR-BLETUS.jpg","type":"image\/jpeg"}],"twitter_card":"summary_large_image","twitter_site":"@MardeEspecias","twitter_misc":{"Estimated reading time":"1 minute"},"schema":{"@context":"https:\/\/schema.org","@graph":[{"@type":"WebPage","@id":"https:\/\/mardeespecias.com\/producto\/flor-de-sal-boletus\/","url":"https:\/\/mardeespecias.com\/producto\/flor-de-sal-boletus\/","name":"Flor de Sal Boletus - Mar de Especias","isPartOf":{"@id":"https:\/\/mardeespecias.com\/#website"},"primaryImageOfPage":{"@id":"https:\/\/mardeespecias.com\/producto\/flor-de-sal-boletus\/#primaryimage"},"image":{"@id":"https:\/\/mardeespecias.com\/producto\/flor-de-sal-boletus\/#primaryimage"},"thumbnailUrl":"https:\/\/mardeespecias.com\/wp-content\/uploads\/2020\/04\/FLOR-BLETUS.jpg","datePublished":"2020-04-06T11:00:48+00:00","dateModified":"2025-01-02T16:06:37+00:00","description":"Todo el sabor y el aroma del boletus deshidratado, unido a la Flor de Sal (la fina capa cristalizada que se forma en la superficie de las salinas marinas).","breadcrumb":{"@id":"https:\/\/mardeespecias.com\/producto\/flor-de-sal-boletus\/#breadcrumb"},"inLanguage":"en-GB","potentialAction":[{"@type":"ReadAction","target":["https:\/\/mardeespecias.com\/producto\/flor-de-sal-boletus\/"]}]},{"@type":"ImageObject","inLanguage":"en-GB","@id":"https:\/\/mardeespecias.com\/producto\/flor-de-sal-boletus\/#primaryimage","url":"https:\/\/mardeespecias.com\/wp-content\/uploads\/2020\/04\/FLOR-BLETUS.jpg","contentUrl":"https:\/\/mardeespecias.com\/wp-content\/uploads\/2020\/04\/FLOR-BLETUS.jpg","width":600,"height":600,"caption":"Flor de Sal Boletus"},{"@type":"BreadcrumbList","@id":"https:\/\/mardeespecias.com\/producto\/flor-de-sal-boletus\/#breadcrumb","itemListElement":[{"@type":"ListItem","position":1,"name":"INICIO","item":"https:\/\/mardeespecias.com\/"},{"@type":"ListItem","position":2,"name":"Tienda","item":"https:\/\/mardeespecias.com\/tienda\/"},{"@type":"ListItem","position":3,"name":"Flor de Sal Boletus"}]},{"@type":"WebSite","@id":"https:\/\/mardeespecias.com\/#website","url":"https:\/\/mardeespecias.com\/","name":"Mar de Especias","description":"Sal y bot\u00e1nicos para cocteler\u00eda, cocina y reposter\u00eda","publisher":{"@id":"https:\/\/mardeespecias.com\/#organization"},"potentialAction":[{"@type":"SearchAction","target":{"@type":"EntryPoint","urlTemplate":"https:\/\/mardeespecias.com\/?s={search_term_string}"},"query-input":{"@type":"PropertyValueSpecification","valueRequired":true,"valueName":"search_term_string"}}],"inLanguage":"en-GB"},{"@type":"Organization","@id":"https:\/\/mardeespecias.com\/#organization","name":"Mar de Especias","url":"https:\/\/mardeespecias.com\/","logo":{"@type":"ImageObject","inLanguage":"en-GB","@id":"https:\/\/mardeespecias.com\/#\/schema\/logo\/image\/","url":"https:\/\/mardeespecias.com\/wp-content\/uploads\/2018\/05\/LOGO_MDE-TRANSP.png","contentUrl":"https:\/\/mardeespecias.com\/wp-content\/uploads\/2018\/05\/LOGO_MDE-TRANSP.png","width":244,"height":115,"caption":"Mar de Especias"},"image":{"@id":"https:\/\/mardeespecias.com\/#\/schema\/logo\/image\/"},"sameAs":["https:\/\/www.facebook.com\/mardeespeciasoficial\/","https:\/\/x.com\/MardeEspecias","https:\/\/www.instagram.com\/mardeespeciasoficial\/"]}]}},"_links":{"self":[{"href":"https:\/\/mardeespecias.com\/en\/wp-json\/wp\/v2\/product\/1125","targetHints":{"allow":["GET"]}}],"collection":[{"href":"https:\/\/mardeespecias.com\/en\/wp-json\/wp\/v2\/product"}],"about":[{"href":"https:\/\/mardeespecias.com\/en\/wp-json\/wp\/v2\/types\/product"}],"version-history":[{"count":1,"href":"https:\/\/mardeespecias.com\/en\/wp-json\/wp\/v2\/product\/1125\/revisions"}],"predecessor-version":[{"id":5465,"href":"https:\/\/mardeespecias.com\/en\/wp-json\/wp\/v2\/product\/1125\/revisions\/5465"}],"wp:featuredmedia":[{"embeddable":true,"href":"https:\/\/mardeespecias.com\/en\/wp-json\/wp\/v2\/media\/1097"}],"wp:attachment":[{"href":"https:\/\/mardeespecias.com\/en\/wp-json\/wp\/v2\/media?parent=1125"}],"wp:term":[{"taxonomy":"product_brand","embeddable":true,"href":"https:\/\/mardeespecias.com\/en\/wp-json\/wp\/v2\/product_brand?post=1125"},{"taxonomy":"product_cat","embeddable":true,"href":"https:\/\/mardeespecias.com\/en\/wp-json\/wp\/v2\/product_cat?post=1125"},{"taxonomy":"product_tag","embeddable":true,"href":"https:\/\/mardeespecias.com\/en\/wp-json\/wp\/v2\/product_tag?post=1125"}],"curies":[{"name":"wp","href":"https:\/\/api.w.org\/{rel}","templated":true}]}}