{"id":3350,"date":"2021-06-16T00:07:40","date_gmt":"2021-06-15T22:07:40","guid":{"rendered":"https:\/\/mardeespecias.com\/?post_type=product&#038;p=3350"},"modified":"2024-05-19T16:38:27","modified_gmt":"2024-05-19T14:38:27","slug":"cesta-mini-sales-gourmet","status":"publish","type":"product","link":"https:\/\/mardeespecias.com\/en\/product\/cesta-mini-sales-gourmet\/","title":{"rendered":"Mini Gift Basket Gourmet Salts"},"content":{"rendered":"<p>Mini Cesta Regalo Sales Gourmet, esta compuesto de las sales que toda cocina deber\u00eda tener: <a href=\"https:\/\/mardeespecias.com\/en\/product\/escamas-de-sal-natural\/\"><span style=\"text-decoration: underline;\">Natural salt flakes<\/span><\/a> envase 100 grs, <a href=\"https:\/\/mardeespecias.com\/en\/product\/flor-de-sal-natural\/\"><span style=\"text-decoration: underline;\">Natural fleur de sel<\/span><\/a> envase 150 grs, <a href=\"https:\/\/mardeespecias.com\/en\/product\/sal-rosa-del-himalaya-molida\/\"><span style=\"text-decoration: underline;\">Ground Himalayan Pink Salt<\/span><\/a> envase 200 grs. Todas estas referencias envasadas en el formato Gourmet de Mar de Especias.<\/p>\n<p><strong>Recommended Use:\u00a0<\/strong><em>Cook any meal or decorate your creations.<\/em><\/p>\n<p><strong>IDEAL FOR:<\/strong> Gift.<\/p>\n<p><strong>Ingredients:<\/strong> <a href=\"https:\/\/mardeespecias.com\/en\/product\/escamas-de-sal-natural\/\"><span style=\"text-decoration: underline;\">Natural salt flakes<\/span><\/a>, <a href=\"https:\/\/mardeespecias.com\/en\/product\/flor-de-sal-natural\/\"><span style=\"text-decoration: underline;\">Natural fleur de sel<\/span><\/a>, <a href=\"https:\/\/mardeespecias.com\/en\/product\/sal-rosa-del-himalaya-molida\/\"><span style=\"text-decoration: underline;\">Ground Himalayan Pink Salt<\/span><\/a>.<\/p>","protected":false},"excerpt":{"rendered":"<p>Mini Cesta Regalo Sales Gourmet, esta compuesto de las sales que toda cocina deber\u00eda tener: <a href=\"https:\/\/mardeespecias.com\/en\/product\/escamas-de-sal-natural\/\"><span style=\"text-decoration: underline;\">Natural salt flakes<\/span><\/a> envase 100 grs, <a href=\"https:\/\/mardeespecias.com\/en\/product\/flor-de-sal-natural\/\"><span style=\"text-decoration: underline;\">Natural fleur de sel<\/span><\/a> envase 150 grs, <a href=\"https:\/\/mardeespecias.com\/en\/product\/sal-rosa-del-himalaya-molida\/\"><span style=\"text-decoration: underline;\">Ground Himalayan Pink Salt<\/span><\/a> envase 200 grs. Todas estas referencias envasadas en el formato Gourmet de Mar de Especias.<\/p>\n<p><strong>Recommended Use:\u00a0<\/strong><em>Cook any meal or decorate your creations.<\/em><\/p>\n<p><strong>IDEAL FOR:<\/strong> Gift.<\/p>\n<p><strong>Ingredients:<\/strong> <a href=\"https:\/\/mardeespecias.com\/en\/product\/escamas-de-sal-natural\/\"><span style=\"text-decoration: underline;\">Natural salt flakes<\/span><\/a>, <a href=\"https:\/\/mardeespecias.com\/en\/product\/flor-de-sal-natural\/\"><span style=\"text-decoration: underline;\">Natural fleur de sel<\/span><\/a>, <a href=\"https:\/\/mardeespecias.com\/en\/product\/sal-rosa-del-himalaya-molida\/\"><span style=\"text-decoration: underline;\">Ground Himalayan Pink Salt<\/span><\/a>.<\/p>","protected":false},"featured_media":3739,"template":"","meta":{"ocean_post_layout":"","ocean_both_sidebars_style":"","ocean_both_sidebars_content_width":0,"ocean_both_sidebars_sidebars_width":0,"ocean_sidebar":"0","ocean_second_sidebar":"0","ocean_disable_margins":"enable","ocean_add_body_class":"","ocean_shortcode_before_top_bar":"","ocean_shortcode_after_top_bar":"","ocean_shortcode_before_header":"","ocean_shortcode_after_header":"","ocean_has_shortcode":"","ocean_shortcode_after_title":"","ocean_shortcode_before_footer_widgets":"","ocean_shortcode_after_footer_widgets":"","ocean_shortcode_before_footer_bottom":"","ocean_shortcode_after_footer_bottom":"","ocean_display_top_bar":"default","ocean_display_header":"default","ocean_header_style":"","ocean_center_header_left_menu":"0","ocean_custom_header_template":"0","ocean_custom_logo":0,"ocean_custom_retina_logo":0,"ocean_custom_logo_max_width":0,"ocean_custom_logo_tablet_max_width":0,"ocean_custom_logo_mobile_max_width":0,"ocean_custom_logo_max_height":0,"ocean_custom_logo_tablet_max_height":0,"ocean_custom_logo_mobile_max_height":0,"ocean_header_custom_menu":"0","ocean_menu_typo_font_family":"0","ocean_menu_typo_font_subset":"","ocean_menu_typo_font_size":0,"ocean_menu_typo_font_size_tablet":0,"ocean_menu_typo_font_size_mobile":0,"ocean_menu_typo_font_size_unit":"px","ocean_menu_typo_font_weight":"","ocean_menu_typo_font_weight_tablet":"","ocean_menu_typo_font_weight_mobile":"","ocean_menu_typo_transform":"","ocean_menu_typo_transform_tablet":"","ocean_menu_typo_transform_mobile":"","ocean_menu_typo_line_height":0,"ocean_menu_typo_line_height_tablet":0,"ocean_menu_typo_line_height_mobile":0,"ocean_menu_typo_line_height_unit":"","ocean_menu_typo_spacing":0,"ocean_menu_typo_spacing_tablet":0,"ocean_menu_typo_spacing_mobile":0,"ocean_menu_typo_spacing_unit":"","ocean_menu_link_color":"","ocean_menu_link_color_hover":"","ocean_menu_link_color_active":"","ocean_menu_link_background":"","ocean_menu_link_hover_background":"","ocean_menu_link_active_background":"","ocean_menu_social_links_bg":"","ocean_menu_social_hover_links_bg":"","ocean_menu_social_links_color":"","ocean_menu_social_hover_links_color":"","ocean_disable_title":"default","ocean_disable_heading":"default","ocean_post_title":"","ocean_post_subheading":"","ocean_post_title_style":"","ocean_post_title_background_color":"","ocean_post_title_background":0,"ocean_post_title_bg_image_position":"","ocean_post_title_bg_image_attachment":"","ocean_post_title_bg_image_repeat":"","ocean_post_title_bg_image_size":"","ocean_post_title_height":0,"ocean_post_title_bg_overlay":0.5,"ocean_post_title_bg_overlay_color":"","ocean_disable_breadcrumbs":"default","ocean_breadcrumbs_color":"","ocean_breadcrumbs_separator_color":"","ocean_breadcrumbs_links_color":"","ocean_breadcrumbs_links_hover_color":"","ocean_display_footer_widgets":"default","ocean_display_footer_bottom":"default","ocean_custom_footer_template":"0"},"product_brand":[],"product_cat":[173,174],"product_tag":[127,103,184,180,88],"class_list":{"0":"post-3350","1":"product","2":"type-product","3":"status-publish","4":"has-post-thumbnail","6":"product_cat-cestas-mar-de-especias","7":"product_cat-cesta-3uni-mar-vc","8":"product_tag-escamas-de-sal-natural","9":"product_tag-flor-de-sal-natural","10":"product_tag-pack-mini-sales-gourmet","11":"product_tag-packs-mar-de-especias","12":"product_tag-sal-rosa-del-himalaya","13":"product_shipping_class-familia-packs-3uni-vc","15":"entry","16":"has-media","18":"first","19":"onbackorder","20":"taxable","21":"shipping-taxable","22":"purchasable","23":"product-type-woosb","24":"has-product-nav","25":"col","26":"span_1_of_4","27":"owp-content-center","28":"item-entry","29":"owp-thumbs-layout-horizontal","30":"owp-btn-very-big","31":"owp-tabs-layout-vertical"},"acf":[],"yoast_head":"<!-- This site is optimized with the Yoast SEO plugin v27.3 - https:\/\/yoast.com\/product\/yoast-seo-wordpress\/ -->\n<title>Mini Cesta Regalo Sales Gourmet - Mar de Especias<\/title>\n<meta name=\"description\" content=\"Mini Cesta Regalo Sales Gourmet, esta compuesto de las sales que toda cocina deber\u00eda tener: Escamas de sal Natural, Flor de sal natural, Sal Rosa del Himalaya.\" \/>\n<meta name=\"robots\" content=\"index, follow, max-snippet:-1, max-image-preview:large, max-video-preview:-1\" \/>\n<link rel=\"canonical\" href=\"https:\/\/mardeespecias.com\/en\/product\/cesta-mini-sales-gourmet\/\" \/>\n<meta property=\"og:locale\" content=\"en_GB\" \/>\n<meta property=\"og:type\" content=\"article\" \/>\n<meta property=\"og:title\" content=\"Mini Cesta Regalo Sales Gourmet - Mar de Especias\" \/>\n<meta property=\"og:description\" content=\"Mini Cesta Regalo Sales Gourmet, esta compuesto de las sales que toda cocina deber\u00eda tener: Escamas de sal Natural, Flor de sal natural, Sal Rosa del Himalaya.\" \/>\n<meta property=\"og:url\" content=\"https:\/\/mardeespecias.com\/en\/product\/cesta-mini-sales-gourmet\/\" \/>\n<meta property=\"og:site_name\" content=\"Mar de Especias\" \/>\n<meta property=\"article:publisher\" content=\"https:\/\/www.facebook.com\/mardeespeciasoficial\/\" \/>\n<meta property=\"article:modified_time\" content=\"2024-05-19T14:38:27+00:00\" \/>\n<meta property=\"og:image\" content=\"https:\/\/mardeespecias.com\/wp-content\/uploads\/2021\/06\/PACK-MINI-SAL-GOUR-1.jpg\" \/>\n\t<meta property=\"og:image:width\" content=\"750\" \/>\n\t<meta property=\"og:image:height\" content=\"500\" \/>\n\t<meta property=\"og:image:type\" content=\"image\/jpeg\" \/>\n<meta name=\"twitter:card\" content=\"summary_large_image\" \/>\n<meta name=\"twitter:site\" content=\"@MardeEspecias\" \/>\n<meta name=\"twitter:label1\" content=\"Estimated reading time\" \/>\n\t<meta name=\"twitter:data1\" content=\"1 minute\" \/>\n<script type=\"application\/ld+json\" class=\"yoast-schema-graph\">{\"@context\":\"https:\\\/\\\/schema.org\",\"@graph\":[{\"@type\":\"WebPage\",\"@id\":\"https:\\\/\\\/mardeespecias.com\\\/producto\\\/cesta-mini-sales-gourmet\\\/\",\"url\":\"https:\\\/\\\/mardeespecias.com\\\/producto\\\/cesta-mini-sales-gourmet\\\/\",\"name\":\"Mini Cesta Regalo Sales Gourmet - Mar de Especias\",\"isPartOf\":{\"@id\":\"https:\\\/\\\/mardeespecias.com\\\/#website\"},\"primaryImageOfPage\":{\"@id\":\"https:\\\/\\\/mardeespecias.com\\\/producto\\\/cesta-mini-sales-gourmet\\\/#primaryimage\"},\"image\":{\"@id\":\"https:\\\/\\\/mardeespecias.com\\\/producto\\\/cesta-mini-sales-gourmet\\\/#primaryimage\"},\"thumbnailUrl\":\"https:\\\/\\\/mardeespecias.com\\\/wp-content\\\/uploads\\\/2021\\\/06\\\/PACK-MINI-SAL-GOUR-1.jpg\",\"datePublished\":\"2021-06-15T22:07:40+00:00\",\"dateModified\":\"2024-05-19T14:38:27+00:00\",\"description\":\"Mini Cesta Regalo Sales Gourmet, esta compuesto de las sales que toda cocina deber\u00eda tener: Escamas de sal Natural, Flor de sal natural, Sal Rosa del Himalaya.\",\"breadcrumb\":{\"@id\":\"https:\\\/\\\/mardeespecias.com\\\/producto\\\/cesta-mini-sales-gourmet\\\/#breadcrumb\"},\"inLanguage\":\"en-GB\",\"potentialAction\":[{\"@type\":\"ReadAction\",\"target\":[\"https:\\\/\\\/mardeespecias.com\\\/producto\\\/cesta-mini-sales-gourmet\\\/\"]}]},{\"@type\":\"ImageObject\",\"inLanguage\":\"en-GB\",\"@id\":\"https:\\\/\\\/mardeespecias.com\\\/producto\\\/cesta-mini-sales-gourmet\\\/#primaryimage\",\"url\":\"https:\\\/\\\/mardeespecias.com\\\/wp-content\\\/uploads\\\/2021\\\/06\\\/PACK-MINI-SAL-GOUR-1.jpg\",\"contentUrl\":\"https:\\\/\\\/mardeespecias.com\\\/wp-content\\\/uploads\\\/2021\\\/06\\\/PACK-MINI-SAL-GOUR-1.jpg\",\"width\":750,\"height\":500,\"caption\":\"Escamas de sal Natural, Flor de sal natural, Sal Rosa del Himalaya Molida.\"},{\"@type\":\"BreadcrumbList\",\"@id\":\"https:\\\/\\\/mardeespecias.com\\\/producto\\\/cesta-mini-sales-gourmet\\\/#breadcrumb\",\"itemListElement\":[{\"@type\":\"ListItem\",\"position\":1,\"name\":\"INICIO\",\"item\":\"https:\\\/\\\/mardeespecias.com\\\/\"},{\"@type\":\"ListItem\",\"position\":2,\"name\":\"Tienda\",\"item\":\"https:\\\/\\\/mardeespecias.com\\\/tienda\\\/\"},{\"@type\":\"ListItem\",\"position\":3,\"name\":\"Mini Cesta Regalo Sales Gourmet\"}]},{\"@type\":\"WebSite\",\"@id\":\"https:\\\/\\\/mardeespecias.com\\\/#website\",\"url\":\"https:\\\/\\\/mardeespecias.com\\\/\",\"name\":\"Mar de Especias\",\"description\":\"Sal y bot\u00e1nicos para cocteler\u00eda, cocina y reposter\u00eda\",\"publisher\":{\"@id\":\"https:\\\/\\\/mardeespecias.com\\\/#organization\"},\"potentialAction\":[{\"@type\":\"SearchAction\",\"target\":{\"@type\":\"EntryPoint\",\"urlTemplate\":\"https:\\\/\\\/mardeespecias.com\\\/?s={search_term_string}\"},\"query-input\":{\"@type\":\"PropertyValueSpecification\",\"valueRequired\":true,\"valueName\":\"search_term_string\"}}],\"inLanguage\":\"en-GB\"},{\"@type\":\"Organization\",\"@id\":\"https:\\\/\\\/mardeespecias.com\\\/#organization\",\"name\":\"Mar de Especias\",\"url\":\"https:\\\/\\\/mardeespecias.com\\\/\",\"logo\":{\"@type\":\"ImageObject\",\"inLanguage\":\"en-GB\",\"@id\":\"https:\\\/\\\/mardeespecias.com\\\/#\\\/schema\\\/logo\\\/image\\\/\",\"url\":\"https:\\\/\\\/mardeespecias.com\\\/wp-content\\\/uploads\\\/2018\\\/05\\\/LOGO_MDE-TRANSP.png\",\"contentUrl\":\"https:\\\/\\\/mardeespecias.com\\\/wp-content\\\/uploads\\\/2018\\\/05\\\/LOGO_MDE-TRANSP.png\",\"width\":244,\"height\":115,\"caption\":\"Mar de Especias\"},\"image\":{\"@id\":\"https:\\\/\\\/mardeespecias.com\\\/#\\\/schema\\\/logo\\\/image\\\/\"},\"sameAs\":[\"https:\\\/\\\/www.facebook.com\\\/mardeespeciasoficial\\\/\",\"https:\\\/\\\/x.com\\\/MardeEspecias\",\"https:\\\/\\\/www.instagram.com\\\/mardeespeciasoficial\\\/\"]}]}<\/script>\n<!-- \/ Yoast SEO plugin. -->","yoast_head_json":{"title":"Mini Cesta Regalo Sales Gourmet - Mar de Especias","description":"Mini Cesta Regalo Sales Gourmet, esta compuesto de las sales que toda cocina deber\u00eda tener: Escamas de sal Natural, Flor de sal natural, Sal Rosa del Himalaya.","robots":{"index":"index","follow":"follow","max-snippet":"max-snippet:-1","max-image-preview":"max-image-preview:large","max-video-preview":"max-video-preview:-1"},"canonical":"https:\/\/mardeespecias.com\/en\/product\/cesta-mini-sales-gourmet\/","og_locale":"en_GB","og_type":"article","og_title":"Mini Cesta Regalo Sales Gourmet - Mar de Especias","og_description":"Mini Cesta Regalo Sales Gourmet, esta compuesto de las sales que toda cocina deber\u00eda tener: Escamas de sal Natural, Flor de sal natural, Sal Rosa del Himalaya.","og_url":"https:\/\/mardeespecias.com\/en\/product\/cesta-mini-sales-gourmet\/","og_site_name":"Mar de Especias","article_publisher":"https:\/\/www.facebook.com\/mardeespeciasoficial\/","article_modified_time":"2024-05-19T14:38:27+00:00","og_image":[{"width":750,"height":500,"url":"https:\/\/mardeespecias.com\/wp-content\/uploads\/2021\/06\/PACK-MINI-SAL-GOUR-1.jpg","type":"image\/jpeg"}],"twitter_card":"summary_large_image","twitter_site":"@MardeEspecias","twitter_misc":{"Estimated reading time":"1 minute"},"schema":{"@context":"https:\/\/schema.org","@graph":[{"@type":"WebPage","@id":"https:\/\/mardeespecias.com\/producto\/cesta-mini-sales-gourmet\/","url":"https:\/\/mardeespecias.com\/producto\/cesta-mini-sales-gourmet\/","name":"Mini Cesta Regalo Sales Gourmet - Mar de Especias","isPartOf":{"@id":"https:\/\/mardeespecias.com\/#website"},"primaryImageOfPage":{"@id":"https:\/\/mardeespecias.com\/producto\/cesta-mini-sales-gourmet\/#primaryimage"},"image":{"@id":"https:\/\/mardeespecias.com\/producto\/cesta-mini-sales-gourmet\/#primaryimage"},"thumbnailUrl":"https:\/\/mardeespecias.com\/wp-content\/uploads\/2021\/06\/PACK-MINI-SAL-GOUR-1.jpg","datePublished":"2021-06-15T22:07:40+00:00","dateModified":"2024-05-19T14:38:27+00:00","description":"Mini Cesta Regalo Sales Gourmet, esta compuesto de las sales que toda cocina deber\u00eda tener: Escamas de sal Natural, Flor de sal natural, Sal Rosa del Himalaya.","breadcrumb":{"@id":"https:\/\/mardeespecias.com\/producto\/cesta-mini-sales-gourmet\/#breadcrumb"},"inLanguage":"en-GB","potentialAction":[{"@type":"ReadAction","target":["https:\/\/mardeespecias.com\/producto\/cesta-mini-sales-gourmet\/"]}]},{"@type":"ImageObject","inLanguage":"en-GB","@id":"https:\/\/mardeespecias.com\/producto\/cesta-mini-sales-gourmet\/#primaryimage","url":"https:\/\/mardeespecias.com\/wp-content\/uploads\/2021\/06\/PACK-MINI-SAL-GOUR-1.jpg","contentUrl":"https:\/\/mardeespecias.com\/wp-content\/uploads\/2021\/06\/PACK-MINI-SAL-GOUR-1.jpg","width":750,"height":500,"caption":"Escamas de sal Natural, Flor de sal natural, Sal Rosa del Himalaya Molida."},{"@type":"BreadcrumbList","@id":"https:\/\/mardeespecias.com\/producto\/cesta-mini-sales-gourmet\/#breadcrumb","itemListElement":[{"@type":"ListItem","position":1,"name":"INICIO","item":"https:\/\/mardeespecias.com\/"},{"@type":"ListItem","position":2,"name":"Tienda","item":"https:\/\/mardeespecias.com\/tienda\/"},{"@type":"ListItem","position":3,"name":"Mini Cesta Regalo Sales Gourmet"}]},{"@type":"WebSite","@id":"https:\/\/mardeespecias.com\/#website","url":"https:\/\/mardeespecias.com\/","name":"Mar de Especias","description":"Sal y bot\u00e1nicos para cocteler\u00eda, cocina y reposter\u00eda","publisher":{"@id":"https:\/\/mardeespecias.com\/#organization"},"potentialAction":[{"@type":"SearchAction","target":{"@type":"EntryPoint","urlTemplate":"https:\/\/mardeespecias.com\/?s={search_term_string}"},"query-input":{"@type":"PropertyValueSpecification","valueRequired":true,"valueName":"search_term_string"}}],"inLanguage":"en-GB"},{"@type":"Organization","@id":"https:\/\/mardeespecias.com\/#organization","name":"Mar de Especias","url":"https:\/\/mardeespecias.com\/","logo":{"@type":"ImageObject","inLanguage":"en-GB","@id":"https:\/\/mardeespecias.com\/#\/schema\/logo\/image\/","url":"https:\/\/mardeespecias.com\/wp-content\/uploads\/2018\/05\/LOGO_MDE-TRANSP.png","contentUrl":"https:\/\/mardeespecias.com\/wp-content\/uploads\/2018\/05\/LOGO_MDE-TRANSP.png","width":244,"height":115,"caption":"Mar de Especias"},"image":{"@id":"https:\/\/mardeespecias.com\/#\/schema\/logo\/image\/"},"sameAs":["https:\/\/www.facebook.com\/mardeespeciasoficial\/","https:\/\/x.com\/MardeEspecias","https:\/\/www.instagram.com\/mardeespeciasoficial\/"]}]}},"_links":{"self":[{"href":"https:\/\/mardeespecias.com\/en\/wp-json\/wp\/v2\/product\/3350","targetHints":{"allow":["GET"]}}],"collection":[{"href":"https:\/\/mardeespecias.com\/en\/wp-json\/wp\/v2\/product"}],"about":[{"href":"https:\/\/mardeespecias.com\/en\/wp-json\/wp\/v2\/types\/product"}],"version-history":[{"count":1,"href":"https:\/\/mardeespecias.com\/en\/wp-json\/wp\/v2\/product\/3350\/revisions"}],"predecessor-version":[{"id":5578,"href":"https:\/\/mardeespecias.com\/en\/wp-json\/wp\/v2\/product\/3350\/revisions\/5578"}],"wp:featuredmedia":[{"embeddable":true,"href":"https:\/\/mardeespecias.com\/en\/wp-json\/wp\/v2\/media\/3739"}],"wp:attachment":[{"href":"https:\/\/mardeespecias.com\/en\/wp-json\/wp\/v2\/media?parent=3350"}],"wp:term":[{"taxonomy":"product_brand","embeddable":true,"href":"https:\/\/mardeespecias.com\/en\/wp-json\/wp\/v2\/product_brand?post=3350"},{"taxonomy":"product_cat","embeddable":true,"href":"https:\/\/mardeespecias.com\/en\/wp-json\/wp\/v2\/product_cat?post=3350"},{"taxonomy":"product_tag","embeddable":true,"href":"https:\/\/mardeespecias.com\/en\/wp-json\/wp\/v2\/product_tag?post=3350"}],"curies":[{"name":"wp","href":"https:\/\/api.w.org\/{rel}","templated":true}]}}