{"id":3774,"date":"2021-07-10T18:47:46","date_gmt":"2021-07-10T16:47:46","guid":{"rendered":"https:\/\/mardeespecias.com\/?post_type=product&#038;p=3774"},"modified":"2024-03-29T21:50:22","modified_gmt":"2024-03-29T20:50:22","slug":"la-montesa","status":"publish","type":"product","link":"https:\/\/mardeespecias.com\/en\/product\/la-montesa\/","title":{"rendered":"LA MONTESA"},"content":{"rendered":"<p><strong>The quiet classicism<\/strong><\/p>\n<p>La Montesa culminates the natural process, initiated years ago, by \u00c1lvaro Palacios, in the family winery in Alfaro (eastern Rioja), towards a classic identity. As a fine Garnacha wine always in burgundy format bottle, the new vintage is presented with a spirit of countryside, work, vineyard and passion. With a design that is the reflection of a resolute and honest soul, typical of a traditional family of winegrowers and winemakers who have their feet in the vineyard and their heart in the deep knowledge of the place.<\/p>\n<p>\u2022 <strong>The winery<\/strong>: <a href=\"http:\/\/www.gruporioja.es\/es\/bodegas-palacios-remondo-s-a\"><span style=\"text-decoration: underline;\">Bodegas Palacios Remondo<\/span><\/a>.<br \/>\n<strong>\u2022 Location:<\/strong> Alfaro (Rioja oriental)<br \/>\n<strong>\u2022 Variety: <\/strong>95% Garnacha, 5% otras<br \/>\n<strong>\u2022 Geographical indication:<\/strong> D.O. Rioja<br \/>\n<strong>\u2022 Alcohol:<\/strong> 14 %<br \/>\n<strong>\u2022 Vineyard:<\/strong> The vineyards are cultivated according to the principles of organic viticulture. The vines, with an east-southeast orientation, are located on gently sloping hillsides on the slopes of Mount Yerga, at an altitude of 550 metres above sea level.<br \/>\n<strong>\u2022 Soil type:<\/strong> From the Quaternary Era with a very varied composition: from volcanic rock to slate and sandstone, including silt and sand.<br \/>\n<strong>\u2022 Climate:<\/strong> Continental Mediterranean with Atlantic influence, characterised by extreme temperature differences between winter and summer.<br \/>\n<strong>\u2022 Processing method:<\/strong> Destemmed and crushed. Spontaneous fermentation in stainless steel vats with pumping over and using indigenous yeasts. Maceration for about 35 days. Malolactic fermentation in stainless steel vats. Subsequent ageing for 12 months in French oak. The wine was bottled after clarification and without being stabilised or filtered.<br \/>\n<strong>\u2022 Certification: <\/strong>Certified ecological.<\/p>","protected":false},"excerpt":{"rendered":"<p>\u2022 <strong>The winery<\/strong>: <a href=\"http:\/\/www.gruporioja.es\/es\/bodegas-palacios-remondo-s-a\"><span style=\"text-decoration: underline;\">Bodegas Palacios Remondo<\/span><\/a>.<br \/>\n<strong>\u2022 Location:<\/strong> Alfaro (Rioja oriental)<br \/>\n<strong>\u2022 Variety: <\/strong>95% Garnacha, 5% otras<br \/>\n<strong>\u2022 Geographical indication:<\/strong> D.O. Rioja<br \/>\n<strong>\u2022 Alcohol:<\/strong> 14 %<br \/>\n<strong>\u2022 Vineyard:<\/strong> The vineyards are cultivated according to the principles of organic viticulture. The vines, with an east-southeast orientation, are located on gently sloping hillsides on the slopes of Mount Yerga, at an altitude of 550 metres above sea level.<br \/>\n<strong>\u2022 Soil type:<\/strong> From the Quaternary Era with a very varied composition: from volcanic rock to slate and sandstone, including silt and sand.<br \/>\n<strong>\u2022 Climate:<\/strong> Continental Mediterranean with Atlantic influence, characterised by extreme temperature differences between winter and summer.<br \/>\n<strong>\u2022 Processing method:<\/strong> Destemmed and crushed. Spontaneous fermentation in stainless steel vats with pumping over and using indigenous yeasts. Maceration for about 35 days. Malolactic fermentation in stainless steel vats. Subsequent ageing for 12 months in French oak. The wine was bottled after clarification and without being stabilised or filtered.<br \/>\n<strong>\u2022 Certification: <\/strong>Certified ecological.<\/p>","protected":false},"featured_media":3879,"template":"","meta":{"ocean_post_layout":"","ocean_both_sidebars_style":"","ocean_both_sidebars_content_width":0,"ocean_both_sidebars_sidebars_width":0,"ocean_sidebar":"0","ocean_second_sidebar":"0","ocean_disable_margins":"enable","ocean_add_body_class":"","ocean_shortcode_before_top_bar":"","ocean_shortcode_after_top_bar":"","ocean_shortcode_before_header":"","ocean_shortcode_after_header":"","ocean_has_shortcode":"","ocean_shortcode_after_title":"","ocean_shortcode_before_footer_widgets":"","ocean_shortcode_after_footer_widgets":"","ocean_shortcode_before_footer_bottom":"","ocean_shortcode_after_footer_bottom":"","ocean_display_top_bar":"default","ocean_display_header":"default","ocean_header_style":"","ocean_center_header_left_menu":"0","ocean_custom_header_template":"0","ocean_custom_logo":0,"ocean_custom_retina_logo":0,"ocean_custom_logo_max_width":0,"ocean_custom_logo_tablet_max_width":0,"ocean_custom_logo_mobile_max_width":0,"ocean_custom_logo_max_height":0,"ocean_custom_logo_tablet_max_height":0,"ocean_custom_logo_mobile_max_height":0,"ocean_header_custom_menu":"0","ocean_menu_typo_font_family":"0","ocean_menu_typo_font_subset":"","ocean_menu_typo_font_size":0,"ocean_menu_typo_font_size_tablet":0,"ocean_menu_typo_font_size_mobile":0,"ocean_menu_typo_font_size_unit":"px","ocean_menu_typo_font_weight":"","ocean_menu_typo_font_weight_tablet":"","ocean_menu_typo_font_weight_mobile":"","ocean_menu_typo_transform":"","ocean_menu_typo_transform_tablet":"","ocean_menu_typo_transform_mobile":"","ocean_menu_typo_line_height":0,"ocean_menu_typo_line_height_tablet":0,"ocean_menu_typo_line_height_mobile":0,"ocean_menu_typo_line_height_unit":"","ocean_menu_typo_spacing":0,"ocean_menu_typo_spacing_tablet":0,"ocean_menu_typo_spacing_mobile":0,"ocean_menu_typo_spacing_unit":"","ocean_menu_link_color":"","ocean_menu_link_color_hover":"","ocean_menu_link_color_active":"","ocean_menu_link_background":"","ocean_menu_link_hover_background":"","ocean_menu_link_active_background":"","ocean_menu_social_links_bg":"","ocean_menu_social_hover_links_bg":"","ocean_menu_social_links_color":"","ocean_menu_social_hover_links_color":"","ocean_disable_title":"default","ocean_disable_heading":"default","ocean_post_title":"","ocean_post_subheading":"","ocean_post_title_style":"","ocean_post_title_background_color":"","ocean_post_title_background":0,"ocean_post_title_bg_image_position":"","ocean_post_title_bg_image_attachment":"","ocean_post_title_bg_image_repeat":"","ocean_post_title_bg_image_size":"","ocean_post_title_height":0,"ocean_post_title_bg_overlay":0.5,"ocean_post_title_bg_overlay_color":"","ocean_disable_breadcrumbs":"default","ocean_breadcrumbs_color":"","ocean_breadcrumbs_separator_color":"","ocean_breadcrumbs_links_color":"","ocean_breadcrumbs_links_hover_color":"","ocean_display_footer_widgets":"default","ocean_display_footer_bottom":"default","ocean_custom_footer_template":"0"},"product_brand":[],"product_cat":[176,232,192,194],"product_tag":[234,239,238],"class_list":{"0":"post-3774","1":"product","2":"type-product","3":"status-publish","4":"has-post-thumbnail","6":"product_cat-colaboracion-el-salgueral","7":"product_cat-vinos","8":"product_cat-vinos-tintos","9":"product_cat-vinos-tintos-rioja","10":"product_tag-vino","11":"product_tag-vino-do-rioja","12":"product_tag-vino-tinto","14":"entry","15":"has-media","17":"first","18":"instock","19":"taxable","20":"shipping-taxable","21":"purchasable","22":"product-type-variable","23":"has-product-nav","24":"col","25":"span_1_of_4","26":"owp-content-center","27":"item-entry","28":"owp-thumbs-layout-horizontal","29":"owp-btn-very-big","30":"owp-tabs-layout-vertical"},"acf":[],"yoast_head":"<!-- This site is optimized with the Yoast SEO plugin v27.4 - https:\/\/yoast.com\/product\/yoast-seo-wordpress\/ -->\n<title>LA MONTESA - Mar de Especias<\/title>\n<meta name=\"description\" content=\"La Montesa culmina el proceso natural, iniciado a\u00f1os atr\u00e1s, Por \u00c1lvaro Palacios, en la bodega familiar de Alfaro, hacia una identidad cl\u00e1sica.\" \/>\n<meta name=\"robots\" content=\"index, follow, max-snippet:-1, max-image-preview:large, max-video-preview:-1\" \/>\n<link rel=\"canonical\" href=\"https:\/\/mardeespecias.com\/en\/product\/la-montesa\/\" \/>\n<meta property=\"og:locale\" content=\"en_GB\" \/>\n<meta property=\"og:type\" content=\"article\" \/>\n<meta property=\"og:title\" content=\"LA MONTESA - Mar de Especias\" \/>\n<meta property=\"og:description\" content=\"La Montesa culmina el proceso natural, iniciado a\u00f1os atr\u00e1s, Por \u00c1lvaro Palacios, en la bodega familiar de Alfaro, hacia una identidad cl\u00e1sica.\" \/>\n<meta property=\"og:url\" content=\"https:\/\/mardeespecias.com\/en\/product\/la-montesa\/\" \/>\n<meta property=\"og:site_name\" content=\"Mar de Especias\" \/>\n<meta property=\"article:publisher\" content=\"https:\/\/www.facebook.com\/mardeespeciasoficial\/\" \/>\n<meta property=\"article:modified_time\" content=\"2024-03-29T20:50:22+00:00\" \/>\n<meta property=\"og:image\" content=\"https:\/\/mardeespecias.com\/wp-content\/uploads\/2021\/07\/LA-MONTESA-RECOR.jpg\" \/>\n\t<meta property=\"og:image:width\" content=\"800\" \/>\n\t<meta property=\"og:image:height\" content=\"533\" \/>\n\t<meta property=\"og:image:type\" content=\"image\/jpeg\" \/>\n<meta name=\"twitter:card\" content=\"summary_large_image\" \/>\n<meta name=\"twitter:site\" content=\"@MardeEspecias\" \/>\n<meta name=\"twitter:label1\" content=\"Estimated reading time\" \/>\n\t<meta name=\"twitter:data1\" content=\"2 minutes\" \/>\n<script type=\"application\/ld+json\" class=\"yoast-schema-graph\">{\"@context\":\"https:\\\/\\\/schema.org\",\"@graph\":[{\"@type\":\"WebPage\",\"@id\":\"https:\\\/\\\/mardeespecias.com\\\/producto\\\/la-montesa\\\/\",\"url\":\"https:\\\/\\\/mardeespecias.com\\\/producto\\\/la-montesa\\\/\",\"name\":\"LA MONTESA - Mar de Especias\",\"isPartOf\":{\"@id\":\"https:\\\/\\\/mardeespecias.com\\\/#website\"},\"primaryImageOfPage\":{\"@id\":\"https:\\\/\\\/mardeespecias.com\\\/producto\\\/la-montesa\\\/#primaryimage\"},\"image\":{\"@id\":\"https:\\\/\\\/mardeespecias.com\\\/producto\\\/la-montesa\\\/#primaryimage\"},\"thumbnailUrl\":\"https:\\\/\\\/mardeespecias.com\\\/wp-content\\\/uploads\\\/2021\\\/07\\\/LA-MONTESA-RECOR.jpg\",\"datePublished\":\"2021-07-10T16:47:46+00:00\",\"dateModified\":\"2024-03-29T20:50:22+00:00\",\"description\":\"La Montesa culmina el proceso natural, iniciado a\u00f1os atr\u00e1s, Por \u00c1lvaro Palacios, en la bodega familiar de Alfaro, hacia una identidad cl\u00e1sica.\",\"breadcrumb\":{\"@id\":\"https:\\\/\\\/mardeespecias.com\\\/producto\\\/la-montesa\\\/#breadcrumb\"},\"inLanguage\":\"en-GB\",\"potentialAction\":[{\"@type\":\"ReadAction\",\"target\":[\"https:\\\/\\\/mardeespecias.com\\\/producto\\\/la-montesa\\\/\"]}]},{\"@type\":\"ImageObject\",\"inLanguage\":\"en-GB\",\"@id\":\"https:\\\/\\\/mardeespecias.com\\\/producto\\\/la-montesa\\\/#primaryimage\",\"url\":\"https:\\\/\\\/mardeespecias.com\\\/wp-content\\\/uploads\\\/2021\\\/07\\\/LA-MONTESA-RECOR.jpg\",\"contentUrl\":\"https:\\\/\\\/mardeespecias.com\\\/wp-content\\\/uploads\\\/2021\\\/07\\\/LA-MONTESA-RECOR.jpg\",\"width\":800,\"height\":533,\"caption\":\"La Montesa tinto rioja\"},{\"@type\":\"BreadcrumbList\",\"@id\":\"https:\\\/\\\/mardeespecias.com\\\/producto\\\/la-montesa\\\/#breadcrumb\",\"itemListElement\":[{\"@type\":\"ListItem\",\"position\":1,\"name\":\"INICIO\",\"item\":\"https:\\\/\\\/mardeespecias.com\\\/\"},{\"@type\":\"ListItem\",\"position\":2,\"name\":\"Tienda\",\"item\":\"https:\\\/\\\/mardeespecias.com\\\/tienda\\\/\"},{\"@type\":\"ListItem\",\"position\":3,\"name\":\"LA MONTESA\"}]},{\"@type\":\"WebSite\",\"@id\":\"https:\\\/\\\/mardeespecias.com\\\/#website\",\"url\":\"https:\\\/\\\/mardeespecias.com\\\/\",\"name\":\"Mar de Especias\",\"description\":\"Sal y bot\u00e1nicos para cocteler\u00eda, cocina y reposter\u00eda\",\"publisher\":{\"@id\":\"https:\\\/\\\/mardeespecias.com\\\/#organization\"},\"potentialAction\":[{\"@type\":\"SearchAction\",\"target\":{\"@type\":\"EntryPoint\",\"urlTemplate\":\"https:\\\/\\\/mardeespecias.com\\\/?s={search_term_string}\"},\"query-input\":{\"@type\":\"PropertyValueSpecification\",\"valueRequired\":true,\"valueName\":\"search_term_string\"}}],\"inLanguage\":\"en-GB\"},{\"@type\":\"Organization\",\"@id\":\"https:\\\/\\\/mardeespecias.com\\\/#organization\",\"name\":\"Mar de Especias\",\"url\":\"https:\\\/\\\/mardeespecias.com\\\/\",\"logo\":{\"@type\":\"ImageObject\",\"inLanguage\":\"en-GB\",\"@id\":\"https:\\\/\\\/mardeespecias.com\\\/#\\\/schema\\\/logo\\\/image\\\/\",\"url\":\"https:\\\/\\\/mardeespecias.com\\\/wp-content\\\/uploads\\\/2018\\\/05\\\/LOGO_MDE-TRANSP.png\",\"contentUrl\":\"https:\\\/\\\/mardeespecias.com\\\/wp-content\\\/uploads\\\/2018\\\/05\\\/LOGO_MDE-TRANSP.png\",\"width\":244,\"height\":115,\"caption\":\"Mar de Especias\"},\"image\":{\"@id\":\"https:\\\/\\\/mardeespecias.com\\\/#\\\/schema\\\/logo\\\/image\\\/\"},\"sameAs\":[\"https:\\\/\\\/www.facebook.com\\\/mardeespeciasoficial\\\/\",\"https:\\\/\\\/x.com\\\/MardeEspecias\",\"https:\\\/\\\/www.instagram.com\\\/mardeespeciasoficial\\\/\"]}]}<\/script>\n<!-- \/ Yoast SEO plugin. -->","yoast_head_json":{"title":"LA MONTESA - Mar de Especias","description":"La Montesa culmina el proceso natural, iniciado a\u00f1os atr\u00e1s, Por \u00c1lvaro Palacios, en la bodega familiar de Alfaro, hacia una identidad cl\u00e1sica.","robots":{"index":"index","follow":"follow","max-snippet":"max-snippet:-1","max-image-preview":"max-image-preview:large","max-video-preview":"max-video-preview:-1"},"canonical":"https:\/\/mardeespecias.com\/en\/product\/la-montesa\/","og_locale":"en_GB","og_type":"article","og_title":"LA MONTESA - Mar de Especias","og_description":"La Montesa culmina el proceso natural, iniciado a\u00f1os atr\u00e1s, Por \u00c1lvaro Palacios, en la bodega familiar de Alfaro, hacia una identidad cl\u00e1sica.","og_url":"https:\/\/mardeespecias.com\/en\/product\/la-montesa\/","og_site_name":"Mar de Especias","article_publisher":"https:\/\/www.facebook.com\/mardeespeciasoficial\/","article_modified_time":"2024-03-29T20:50:22+00:00","og_image":[{"width":800,"height":533,"url":"https:\/\/mardeespecias.com\/wp-content\/uploads\/2021\/07\/LA-MONTESA-RECOR.jpg","type":"image\/jpeg"}],"twitter_card":"summary_large_image","twitter_site":"@MardeEspecias","twitter_misc":{"Estimated reading time":"2 minutes"},"schema":{"@context":"https:\/\/schema.org","@graph":[{"@type":"WebPage","@id":"https:\/\/mardeespecias.com\/producto\/la-montesa\/","url":"https:\/\/mardeespecias.com\/producto\/la-montesa\/","name":"LA MONTESA - Mar de Especias","isPartOf":{"@id":"https:\/\/mardeespecias.com\/#website"},"primaryImageOfPage":{"@id":"https:\/\/mardeespecias.com\/producto\/la-montesa\/#primaryimage"},"image":{"@id":"https:\/\/mardeespecias.com\/producto\/la-montesa\/#primaryimage"},"thumbnailUrl":"https:\/\/mardeespecias.com\/wp-content\/uploads\/2021\/07\/LA-MONTESA-RECOR.jpg","datePublished":"2021-07-10T16:47:46+00:00","dateModified":"2024-03-29T20:50:22+00:00","description":"La Montesa culmina el proceso natural, iniciado a\u00f1os atr\u00e1s, Por \u00c1lvaro Palacios, en la bodega familiar de Alfaro, hacia una identidad cl\u00e1sica.","breadcrumb":{"@id":"https:\/\/mardeespecias.com\/producto\/la-montesa\/#breadcrumb"},"inLanguage":"en-GB","potentialAction":[{"@type":"ReadAction","target":["https:\/\/mardeespecias.com\/producto\/la-montesa\/"]}]},{"@type":"ImageObject","inLanguage":"en-GB","@id":"https:\/\/mardeespecias.com\/producto\/la-montesa\/#primaryimage","url":"https:\/\/mardeespecias.com\/wp-content\/uploads\/2021\/07\/LA-MONTESA-RECOR.jpg","contentUrl":"https:\/\/mardeespecias.com\/wp-content\/uploads\/2021\/07\/LA-MONTESA-RECOR.jpg","width":800,"height":533,"caption":"La Montesa tinto rioja"},{"@type":"BreadcrumbList","@id":"https:\/\/mardeespecias.com\/producto\/la-montesa\/#breadcrumb","itemListElement":[{"@type":"ListItem","position":1,"name":"INICIO","item":"https:\/\/mardeespecias.com\/"},{"@type":"ListItem","position":2,"name":"Tienda","item":"https:\/\/mardeespecias.com\/tienda\/"},{"@type":"ListItem","position":3,"name":"LA MONTESA"}]},{"@type":"WebSite","@id":"https:\/\/mardeespecias.com\/#website","url":"https:\/\/mardeespecias.com\/","name":"Mar de Especias","description":"Sal y bot\u00e1nicos para cocteler\u00eda, cocina y reposter\u00eda","publisher":{"@id":"https:\/\/mardeespecias.com\/#organization"},"potentialAction":[{"@type":"SearchAction","target":{"@type":"EntryPoint","urlTemplate":"https:\/\/mardeespecias.com\/?s={search_term_string}"},"query-input":{"@type":"PropertyValueSpecification","valueRequired":true,"valueName":"search_term_string"}}],"inLanguage":"en-GB"},{"@type":"Organization","@id":"https:\/\/mardeespecias.com\/#organization","name":"Mar de Especias","url":"https:\/\/mardeespecias.com\/","logo":{"@type":"ImageObject","inLanguage":"en-GB","@id":"https:\/\/mardeespecias.com\/#\/schema\/logo\/image\/","url":"https:\/\/mardeespecias.com\/wp-content\/uploads\/2018\/05\/LOGO_MDE-TRANSP.png","contentUrl":"https:\/\/mardeespecias.com\/wp-content\/uploads\/2018\/05\/LOGO_MDE-TRANSP.png","width":244,"height":115,"caption":"Mar de Especias"},"image":{"@id":"https:\/\/mardeespecias.com\/#\/schema\/logo\/image\/"},"sameAs":["https:\/\/www.facebook.com\/mardeespeciasoficial\/","https:\/\/x.com\/MardeEspecias","https:\/\/www.instagram.com\/mardeespeciasoficial\/"]}]}},"_links":{"self":[{"href":"https:\/\/mardeespecias.com\/en\/wp-json\/wp\/v2\/product\/3774","targetHints":{"allow":["GET"]}}],"collection":[{"href":"https:\/\/mardeespecias.com\/en\/wp-json\/wp\/v2\/product"}],"about":[{"href":"https:\/\/mardeespecias.com\/en\/wp-json\/wp\/v2\/types\/product"}],"version-history":[{"count":1,"href":"https:\/\/mardeespecias.com\/en\/wp-json\/wp\/v2\/product\/3774\/revisions"}],"predecessor-version":[{"id":5532,"href":"https:\/\/mardeespecias.com\/en\/wp-json\/wp\/v2\/product\/3774\/revisions\/5532"}],"wp:featuredmedia":[{"embeddable":true,"href":"https:\/\/mardeespecias.com\/en\/wp-json\/wp\/v2\/media\/3879"}],"wp:attachment":[{"href":"https:\/\/mardeespecias.com\/en\/wp-json\/wp\/v2\/media?parent=3774"}],"wp:term":[{"taxonomy":"product_brand","embeddable":true,"href":"https:\/\/mardeespecias.com\/en\/wp-json\/wp\/v2\/product_brand?post=3774"},{"taxonomy":"product_cat","embeddable":true,"href":"https:\/\/mardeespecias.com\/en\/wp-json\/wp\/v2\/product_cat?post=3774"},{"taxonomy":"product_tag","embeddable":true,"href":"https:\/\/mardeespecias.com\/en\/wp-json\/wp\/v2\/product_tag?post=3774"}],"curies":[{"name":"wp","href":"https:\/\/api.w.org\/{rel}","templated":true}]}}