{"id":4601,"date":"2023-02-09T09:34:26","date_gmt":"2023-02-09T08:34:26","guid":{"rendered":"https:\/\/mardeespecias.com\/?post_type=product&#038;p=4601"},"modified":"2024-03-29T21:49:35","modified_gmt":"2024-03-29T20:49:35","slug":"la-vendimia","status":"publish","type":"product","link":"https:\/\/mardeespecias.com\/en\/product\/la-vendimia\/","title":{"rendered":"LA VENDIMIA"},"content":{"rendered":"<p><strong>\"A refined and elegant young wine\".<\/strong><br \/>\nLa Vendimia is a fresh, fruity and juicy wine, Palacios Remondo's youngest wine. It is a fresh, fruity and juicy wine, the youngest of Palacios Remondo's youngest wines. A wine that masterfully combines the floral character of Garnacha and the more serious profile of Tempranillo, with both varieties perfectly integrated. A wine made by a great winemaker suitable for all budgets.<\/p>\n<p>\u2022 <strong>The winery<\/strong>: <a href=\"http:\/\/www.gruporioja.es\/es\/bodegas-palacios-remondo-s-a\"><span style=\"text-decoration: underline;\">Bodegas Palacios Remondo<\/span><\/a>.<br \/>\n\u2022 <strong>Location<\/strong>: Alfaro (Rioja oriental)<br \/>\n\u2022 <strong>Variety<\/strong>: 50% Garnacha, 50% Tempranillo<br \/>\n\u2022 <strong>Geographical indication<\/strong>: D.O. Rioja<br \/>\n\u2022 <strong>Alcohol:<\/strong>: 14 %<br \/>\n\u2022 <strong>Vineyard<\/strong>: Grapes from various municipalities in the DOC. Rioja grown under the principles of organic viticulture.<br \/>\n\u2022 <strong>Soil type<\/strong>: From the Quaternary Era with a very varied composition: from volcanic rock to slate and sandstone, including silt and sand.<br \/>\n\u2022 <strong>Climate<\/strong>: Continental Mediterranean with Atlantic influence, characterised by extreme temperature differences between winter and summer.<br \/>\n\u2022 <strong>Processing method<\/strong>: Destemming and crushing. Spontaneous fermentation in stainless steel vats with pumping over and using indigenous yeasts. Maceration for about 20 days. Malolactic fermentation in stainless steel vats. Subsequent ageing for 4 months in French oak. The wine was bottled after clarification and without being stabilised or filtered.<br \/>\n\u2022 <strong>Certification<\/strong>:<\/p>","protected":false},"excerpt":{"rendered":"<p>\u2022 <strong>The winery<\/strong>: <a href=\"http:\/\/www.gruporioja.es\/es\/bodegas-palacios-remondo-s-a\"><span style=\"text-decoration: underline;\">Bodegas Palacios Remondo<\/span><\/a>.<br \/>\n\u2022 <strong>Location<\/strong>: Alfaro (Rioja oriental)<br \/>\n\u2022 <strong>Variety<\/strong>: 50% Garnacha, 50% Tempranillo<br \/>\n\u2022 <strong>Geographical indication<\/strong>: D.O. Rioja<br \/>\n\u2022 <strong>Alcohol:<\/strong>:14 %<br \/>\n\u2022 <strong>Vineyard<\/strong>: Grapes from various municipalities in the DOC. Rioja grown under the principles of organic viticulture.<br \/>\n\u2022 <strong>Soil type<\/strong>: From the Quaternary Era with a very varied composition: from volcanic rock to slate and sandstone, including silt and sand.<br \/>\n\u2022 <strong>Climate<\/strong>: Continental Mediterranean with Atlantic influence, characterised by extreme temperature differences between winter and summer.<br \/>\n\u2022 <strong>Processing method<\/strong>: Destemming and crushing. Spontaneous fermentation in stainless steel vats with pumping over and using indigenous yeasts. Maceration for about 20 days. Malolactic fermentation in stainless steel vats. Subsequent ageing for 4 months in French oak. The wine was bottled after clarification and without being stabilised or filtered.<br \/>\n\u2022 <strong>Certification<\/strong>:<\/p>","protected":false},"featured_media":5035,"template":"","meta":{"ocean_post_layout":"","ocean_both_sidebars_style":"","ocean_both_sidebars_content_width":0,"ocean_both_sidebars_sidebars_width":0,"ocean_sidebar":"0","ocean_second_sidebar":"0","ocean_disable_margins":"enable","ocean_add_body_class":"","ocean_shortcode_before_top_bar":"","ocean_shortcode_after_top_bar":"","ocean_shortcode_before_header":"","ocean_shortcode_after_header":"","ocean_has_shortcode":"","ocean_shortcode_after_title":"","ocean_shortcode_before_footer_widgets":"","ocean_shortcode_after_footer_widgets":"","ocean_shortcode_before_footer_bottom":"","ocean_shortcode_after_footer_bottom":"","ocean_display_top_bar":"default","ocean_display_header":"default","ocean_header_style":"","ocean_center_header_left_menu":"0","ocean_custom_header_template":"0","ocean_custom_logo":0,"ocean_custom_retina_logo":0,"ocean_custom_logo_max_width":0,"ocean_custom_logo_tablet_max_width":0,"ocean_custom_logo_mobile_max_width":0,"ocean_custom_logo_max_height":0,"ocean_custom_logo_tablet_max_height":0,"ocean_custom_logo_mobile_max_height":0,"ocean_header_custom_menu":"0","ocean_menu_typo_font_family":"0","ocean_menu_typo_font_subset":"","ocean_menu_typo_font_size":0,"ocean_menu_typo_font_size_tablet":0,"ocean_menu_typo_font_size_mobile":0,"ocean_menu_typo_font_size_unit":"px","ocean_menu_typo_font_weight":"","ocean_menu_typo_font_weight_tablet":"","ocean_menu_typo_font_weight_mobile":"","ocean_menu_typo_transform":"","ocean_menu_typo_transform_tablet":"","ocean_menu_typo_transform_mobile":"","ocean_menu_typo_line_height":0,"ocean_menu_typo_line_height_tablet":0,"ocean_menu_typo_line_height_mobile":0,"ocean_menu_typo_line_height_unit":"","ocean_menu_typo_spacing":0,"ocean_menu_typo_spacing_tablet":0,"ocean_menu_typo_spacing_mobile":0,"ocean_menu_typo_spacing_unit":"","ocean_menu_link_color":"","ocean_menu_link_color_hover":"","ocean_menu_link_color_active":"","ocean_menu_link_background":"","ocean_menu_link_hover_background":"","ocean_menu_link_active_background":"","ocean_menu_social_links_bg":"","ocean_menu_social_hover_links_bg":"","ocean_menu_social_links_color":"","ocean_menu_social_hover_links_color":"","ocean_disable_title":"default","ocean_disable_heading":"default","ocean_post_title":"","ocean_post_subheading":"","ocean_post_title_style":"","ocean_post_title_background_color":"","ocean_post_title_background":0,"ocean_post_title_bg_image_position":"","ocean_post_title_bg_image_attachment":"","ocean_post_title_bg_image_repeat":"","ocean_post_title_bg_image_size":"","ocean_post_title_height":0,"ocean_post_title_bg_overlay":0.5,"ocean_post_title_bg_overlay_color":"","ocean_disable_breadcrumbs":"default","ocean_breadcrumbs_color":"","ocean_breadcrumbs_separator_color":"","ocean_breadcrumbs_links_color":"","ocean_breadcrumbs_links_hover_color":"","ocean_display_footer_widgets":"default","ocean_display_footer_bottom":"default","ocean_custom_footer_template":"0"},"product_brand":[],"product_cat":[176,232,192,194],"product_tag":[234,239,238],"class_list":{"0":"post-4601","1":"product","2":"type-product","3":"status-publish","4":"has-post-thumbnail","6":"product_cat-colaboracion-el-salgueral","7":"product_cat-vinos","8":"product_cat-vinos-tintos","9":"product_cat-vinos-tintos-rioja","10":"product_tag-vino","11":"product_tag-vino-do-rioja","12":"product_tag-vino-tinto","14":"entry","15":"has-media","17":"first","18":"outofstock","19":"taxable","20":"shipping-taxable","21":"product-type-variable","22":"has-product-nav","23":"col","24":"span_1_of_4","25":"owp-content-center","26":"item-entry","27":"owp-thumbs-layout-horizontal","28":"owp-btn-very-big","29":"owp-tabs-layout-vertical"},"acf":[],"yoast_head":"<!-- This site is optimized with the Yoast SEO plugin v27.2 - https:\/\/yoast.com\/product\/yoast-seo-wordpress\/ -->\n<title>LA VENDIMIA - Mar de Especias<\/title>\n<meta name=\"description\" content=\"La Vendimia, es un vino fresco, frutal y jugoso, el m\u00e1s joven de Palacios Remondo. Por su entidad y calidad, estamos ante un extraordinario vino.\" \/>\n<meta name=\"robots\" content=\"index, follow, max-snippet:-1, max-image-preview:large, max-video-preview:-1\" \/>\n<link rel=\"canonical\" href=\"https:\/\/mardeespecias.com\/en\/product\/la-vendimia\/\" \/>\n<meta property=\"og:locale\" content=\"en_GB\" \/>\n<meta property=\"og:type\" content=\"article\" \/>\n<meta property=\"og:title\" content=\"LA VENDIMIA - Mar de Especias\" \/>\n<meta property=\"og:description\" content=\"La Vendimia, es un vino fresco, frutal y jugoso, el m\u00e1s joven de Palacios Remondo. Por su entidad y calidad, estamos ante un extraordinario vino.\" \/>\n<meta property=\"og:url\" content=\"https:\/\/mardeespecias.com\/en\/product\/la-vendimia\/\" \/>\n<meta property=\"og:site_name\" content=\"Mar de Especias\" \/>\n<meta property=\"article:publisher\" content=\"https:\/\/www.facebook.com\/mardeespeciasoficial\/\" \/>\n<meta property=\"article:modified_time\" content=\"2024-03-29T20:49:35+00:00\" \/>\n<meta property=\"og:image\" content=\"https:\/\/mardeespecias.com\/wp-content\/uploads\/2023\/05\/La-vendimia-fondo-blanco-1.jpg\" \/>\n\t<meta property=\"og:image:width\" content=\"612\" \/>\n\t<meta property=\"og:image:height\" content=\"612\" \/>\n\t<meta property=\"og:image:type\" content=\"image\/jpeg\" \/>\n<meta name=\"twitter:card\" content=\"summary_large_image\" \/>\n<meta name=\"twitter:site\" content=\"@MardeEspecias\" \/>\n<meta name=\"twitter:label1\" content=\"Estimated reading time\" \/>\n\t<meta name=\"twitter:data1\" content=\"1 minute\" \/>\n<script type=\"application\/ld+json\" class=\"yoast-schema-graph\">{\"@context\":\"https:\/\/schema.org\",\"@graph\":[{\"@type\":\"WebPage\",\"@id\":\"https:\/\/mardeespecias.com\/producto\/la-vendimia\/\",\"url\":\"https:\/\/mardeespecias.com\/producto\/la-vendimia\/\",\"name\":\"LA VENDIMIA - Mar de Especias\",\"isPartOf\":{\"@id\":\"https:\/\/mardeespecias.com\/#website\"},\"primaryImageOfPage\":{\"@id\":\"https:\/\/mardeespecias.com\/producto\/la-vendimia\/#primaryimage\"},\"image\":{\"@id\":\"https:\/\/mardeespecias.com\/producto\/la-vendimia\/#primaryimage\"},\"thumbnailUrl\":\"https:\/\/mardeespecias.com\/wp-content\/uploads\/2023\/05\/La-vendimia-fondo-blanco-1.jpg\",\"datePublished\":\"2023-02-09T08:34:26+00:00\",\"dateModified\":\"2024-03-29T20:49:35+00:00\",\"description\":\"La Vendimia, es un vino fresco, frutal y jugoso, el m\u00e1s joven de Palacios Remondo. Por su entidad y calidad, estamos ante un extraordinario vino.\",\"breadcrumb\":{\"@id\":\"https:\/\/mardeespecias.com\/producto\/la-vendimia\/#breadcrumb\"},\"inLanguage\":\"en-GB\",\"potentialAction\":[{\"@type\":\"ReadAction\",\"target\":[\"https:\/\/mardeespecias.com\/producto\/la-vendimia\/\"]}]},{\"@type\":\"ImageObject\",\"inLanguage\":\"en-GB\",\"@id\":\"https:\/\/mardeespecias.com\/producto\/la-vendimia\/#primaryimage\",\"url\":\"https:\/\/mardeespecias.com\/wp-content\/uploads\/2023\/05\/La-vendimia-fondo-blanco-1.jpg\",\"contentUrl\":\"https:\/\/mardeespecias.com\/wp-content\/uploads\/2023\/05\/La-vendimia-fondo-blanco-1.jpg\",\"width\":612,\"height\":612,\"caption\":\"La vendimia\"},{\"@type\":\"BreadcrumbList\",\"@id\":\"https:\/\/mardeespecias.com\/producto\/la-vendimia\/#breadcrumb\",\"itemListElement\":[{\"@type\":\"ListItem\",\"position\":1,\"name\":\"INICIO\",\"item\":\"https:\/\/mardeespecias.com\/\"},{\"@type\":\"ListItem\",\"position\":2,\"name\":\"Tienda\",\"item\":\"https:\/\/mardeespecias.com\/tienda\/\"},{\"@type\":\"ListItem\",\"position\":3,\"name\":\"LA VENDIMIA\"}]},{\"@type\":\"WebSite\",\"@id\":\"https:\/\/mardeespecias.com\/#website\",\"url\":\"https:\/\/mardeespecias.com\/\",\"name\":\"Mar de Especias\",\"description\":\"Sal y bot\u00e1nicos para cocteler\u00eda, cocina y reposter\u00eda\",\"publisher\":{\"@id\":\"https:\/\/mardeespecias.com\/#organization\"},\"potentialAction\":[{\"@type\":\"SearchAction\",\"target\":{\"@type\":\"EntryPoint\",\"urlTemplate\":\"https:\/\/mardeespecias.com\/?s={search_term_string}\"},\"query-input\":{\"@type\":\"PropertyValueSpecification\",\"valueRequired\":true,\"valueName\":\"search_term_string\"}}],\"inLanguage\":\"en-GB\"},{\"@type\":\"Organization\",\"@id\":\"https:\/\/mardeespecias.com\/#organization\",\"name\":\"Mar de Especias\",\"url\":\"https:\/\/mardeespecias.com\/\",\"logo\":{\"@type\":\"ImageObject\",\"inLanguage\":\"en-GB\",\"@id\":\"https:\/\/mardeespecias.com\/#\/schema\/logo\/image\/\",\"url\":\"https:\/\/mardeespecias.com\/wp-content\/uploads\/2018\/05\/LOGO_MDE-TRANSP.png\",\"contentUrl\":\"https:\/\/mardeespecias.com\/wp-content\/uploads\/2018\/05\/LOGO_MDE-TRANSP.png\",\"width\":244,\"height\":115,\"caption\":\"Mar de Especias\"},\"image\":{\"@id\":\"https:\/\/mardeespecias.com\/#\/schema\/logo\/image\/\"},\"sameAs\":[\"https:\/\/www.facebook.com\/mardeespeciasoficial\/\",\"https:\/\/x.com\/MardeEspecias\",\"https:\/\/www.instagram.com\/mardeespeciasoficial\/\"]}]}<\/script>\n<!-- \/ Yoast SEO plugin. -->","yoast_head_json":{"title":"LA VENDIMIA - Mar de Especias","description":"La Vendimia, es un vino fresco, frutal y jugoso, el m\u00e1s joven de Palacios Remondo. Por su entidad y calidad, estamos ante un extraordinario vino.","robots":{"index":"index","follow":"follow","max-snippet":"max-snippet:-1","max-image-preview":"max-image-preview:large","max-video-preview":"max-video-preview:-1"},"canonical":"https:\/\/mardeespecias.com\/en\/product\/la-vendimia\/","og_locale":"en_GB","og_type":"article","og_title":"LA VENDIMIA - Mar de Especias","og_description":"La Vendimia, es un vino fresco, frutal y jugoso, el m\u00e1s joven de Palacios Remondo. Por su entidad y calidad, estamos ante un extraordinario vino.","og_url":"https:\/\/mardeespecias.com\/en\/product\/la-vendimia\/","og_site_name":"Mar de Especias","article_publisher":"https:\/\/www.facebook.com\/mardeespeciasoficial\/","article_modified_time":"2024-03-29T20:49:35+00:00","og_image":[{"width":612,"height":612,"url":"https:\/\/mardeespecias.com\/wp-content\/uploads\/2023\/05\/La-vendimia-fondo-blanco-1.jpg","type":"image\/jpeg"}],"twitter_card":"summary_large_image","twitter_site":"@MardeEspecias","twitter_misc":{"Estimated reading time":"1 minute"},"schema":{"@context":"https:\/\/schema.org","@graph":[{"@type":"WebPage","@id":"https:\/\/mardeespecias.com\/producto\/la-vendimia\/","url":"https:\/\/mardeespecias.com\/producto\/la-vendimia\/","name":"LA VENDIMIA - Mar de Especias","isPartOf":{"@id":"https:\/\/mardeespecias.com\/#website"},"primaryImageOfPage":{"@id":"https:\/\/mardeespecias.com\/producto\/la-vendimia\/#primaryimage"},"image":{"@id":"https:\/\/mardeespecias.com\/producto\/la-vendimia\/#primaryimage"},"thumbnailUrl":"https:\/\/mardeespecias.com\/wp-content\/uploads\/2023\/05\/La-vendimia-fondo-blanco-1.jpg","datePublished":"2023-02-09T08:34:26+00:00","dateModified":"2024-03-29T20:49:35+00:00","description":"La Vendimia, es un vino fresco, frutal y jugoso, el m\u00e1s joven de Palacios Remondo. Por su entidad y calidad, estamos ante un extraordinario vino.","breadcrumb":{"@id":"https:\/\/mardeespecias.com\/producto\/la-vendimia\/#breadcrumb"},"inLanguage":"en-GB","potentialAction":[{"@type":"ReadAction","target":["https:\/\/mardeespecias.com\/producto\/la-vendimia\/"]}]},{"@type":"ImageObject","inLanguage":"en-GB","@id":"https:\/\/mardeespecias.com\/producto\/la-vendimia\/#primaryimage","url":"https:\/\/mardeespecias.com\/wp-content\/uploads\/2023\/05\/La-vendimia-fondo-blanco-1.jpg","contentUrl":"https:\/\/mardeespecias.com\/wp-content\/uploads\/2023\/05\/La-vendimia-fondo-blanco-1.jpg","width":612,"height":612,"caption":"La vendimia"},{"@type":"BreadcrumbList","@id":"https:\/\/mardeespecias.com\/producto\/la-vendimia\/#breadcrumb","itemListElement":[{"@type":"ListItem","position":1,"name":"INICIO","item":"https:\/\/mardeespecias.com\/"},{"@type":"ListItem","position":2,"name":"Tienda","item":"https:\/\/mardeespecias.com\/tienda\/"},{"@type":"ListItem","position":3,"name":"LA VENDIMIA"}]},{"@type":"WebSite","@id":"https:\/\/mardeespecias.com\/#website","url":"https:\/\/mardeespecias.com\/","name":"Mar de Especias","description":"Sal y bot\u00e1nicos para cocteler\u00eda, cocina y reposter\u00eda","publisher":{"@id":"https:\/\/mardeespecias.com\/#organization"},"potentialAction":[{"@type":"SearchAction","target":{"@type":"EntryPoint","urlTemplate":"https:\/\/mardeespecias.com\/?s={search_term_string}"},"query-input":{"@type":"PropertyValueSpecification","valueRequired":true,"valueName":"search_term_string"}}],"inLanguage":"en-GB"},{"@type":"Organization","@id":"https:\/\/mardeespecias.com\/#organization","name":"Mar de Especias","url":"https:\/\/mardeespecias.com\/","logo":{"@type":"ImageObject","inLanguage":"en-GB","@id":"https:\/\/mardeespecias.com\/#\/schema\/logo\/image\/","url":"https:\/\/mardeespecias.com\/wp-content\/uploads\/2018\/05\/LOGO_MDE-TRANSP.png","contentUrl":"https:\/\/mardeespecias.com\/wp-content\/uploads\/2018\/05\/LOGO_MDE-TRANSP.png","width":244,"height":115,"caption":"Mar de Especias"},"image":{"@id":"https:\/\/mardeespecias.com\/#\/schema\/logo\/image\/"},"sameAs":["https:\/\/www.facebook.com\/mardeespeciasoficial\/","https:\/\/x.com\/MardeEspecias","https:\/\/www.instagram.com\/mardeespeciasoficial\/"]}]}},"_links":{"self":[{"href":"https:\/\/mardeespecias.com\/en\/wp-json\/wp\/v2\/product\/4601","targetHints":{"allow":["GET"]}}],"collection":[{"href":"https:\/\/mardeespecias.com\/en\/wp-json\/wp\/v2\/product"}],"about":[{"href":"https:\/\/mardeespecias.com\/en\/wp-json\/wp\/v2\/types\/product"}],"version-history":[{"count":1,"href":"https:\/\/mardeespecias.com\/en\/wp-json\/wp\/v2\/product\/4601\/revisions"}],"predecessor-version":[{"id":5529,"href":"https:\/\/mardeespecias.com\/en\/wp-json\/wp\/v2\/product\/4601\/revisions\/5529"}],"wp:featuredmedia":[{"embeddable":true,"href":"https:\/\/mardeespecias.com\/en\/wp-json\/wp\/v2\/media\/5035"}],"wp:attachment":[{"href":"https:\/\/mardeespecias.com\/en\/wp-json\/wp\/v2\/media?parent=4601"}],"wp:term":[{"taxonomy":"product_brand","embeddable":true,"href":"https:\/\/mardeespecias.com\/en\/wp-json\/wp\/v2\/product_brand?post=4601"},{"taxonomy":"product_cat","embeddable":true,"href":"https:\/\/mardeespecias.com\/en\/wp-json\/wp\/v2\/product_cat?post=4601"},{"taxonomy":"product_tag","embeddable":true,"href":"https:\/\/mardeespecias.com\/en\/wp-json\/wp\/v2\/product_tag?post=4601"}],"curies":[{"name":"wp","href":"https:\/\/api.w.org\/{rel}","templated":true}]}}