{"id":4683,"date":"2023-02-28T19:09:26","date_gmt":"2023-02-28T18:09:26","guid":{"rendered":"https:\/\/mardeespecias.com\/?post_type=product&#038;p=4683"},"modified":"2024-03-29T21:47:43","modified_gmt":"2024-03-29T20:47:43","slug":"akilia-villa-san-lorenzo-tinto","status":"publish","type":"product","link":"https:\/\/mardeespecias.com\/en\/product\/akilia-villa-san-lorenzo-tinto\/","title":{"rendered":"AKILIA VILLA DE SAN LORENZO TINTO"},"content":{"rendered":"<p><strong>\"A very versatile Mencia\".<\/strong><br \/>\nAkilia is a young winery from Bierzo, and Mario Rovira, its manager, is a magician who works wonders with Menc\u00eda grapes such as Akilia Villa San Lorenzo red wine. This Bierzo is surprising for its marked varietal character in a place that makes it unique. The San Lorenzo area is much cooler and produces modern, clean, expressive and very pleasant wines, with aromas reminiscent of violets, clove and black fruit. It is balanced, mineral and with a perfectly integrated acidity. A versatile, gastronomic and very pleasant wine.<\/p>\n<p><strong>\u2022 The winery:<\/strong> <a href=\"http:\/\/www.akiliawines.com\/\"><span style=\"text-decoration: underline;\">AKILIA<\/span><\/a>.<br \/>\n<strong>\u2022 Location:<\/strong> San Lorenzo (Ponferrada)<br \/>\n<strong>\u2022 Variety:<\/strong> 100% Menc\u00eda<br \/>\n<strong>\u2022 Geographical indication:<\/strong> D.O. Bierzo<br \/>\n<strong>\u2022 Alcohol:<\/strong> 12,5 %<br \/>\n<strong>\u2022 Vineyard:<\/strong> Blend of 2 plots (Villarin and Fontairo) of vineyards cultivated under the principles of organic viticulture of more than 80 years old, trained in traditional goblet.<br \/>\n<strong>\u2022 Soil type:<\/strong> Clay loam soils on slate and quartzite.<br \/>\n<strong>\u2022 Climate:<\/strong> Continental Mediterranean with Atlantic influence, characterised by extreme temperature differences between winter and summer.<br \/>\n<strong>\u2022 Processing method:<\/strong> The grapes were harvested by hand in boxes and vinified separately in concrete tanks where they remained throughout fermentation. Villarin is aged in the same concrete tanks for 9 months, and the Fontairo plot is aged in French oak barrels for 12 months.<br \/>\n<strong>\u2022 Certification: <\/strong>Certified ecological.<\/p>","protected":false},"excerpt":{"rendered":"<p><strong>\u2022 The winery:<\/strong> <a href=\"http:\/\/www.akiliawines.com\/\"><span style=\"text-decoration: underline;\">AKILIA<\/span><\/a>.<br \/>\n<strong>\u2022 Location:<\/strong> San Lorenzo (Ponferrada)<br \/>\n<strong>\u2022 Variety:<\/strong> 100% Menc\u00eda<br \/>\n<strong>\u2022 Geographical indication:<\/strong> D.O. Bierzo<br \/>\n<strong>\u2022 Alcohol:<\/strong> 12,5 %<br \/>\n<strong>\u2022 Vineyard:<\/strong> Blend of 2 plots (Villarin and Fontairo) of vineyards cultivated under the principles of organic viticulture of more than 80 years old, trained in traditional goblet.<br \/>\n<strong>\u2022 Soil type:<\/strong> Clay loam soils on slate and quartzite.<br \/>\n<strong>\u2022 Climate:<\/strong> Continental Mediterranean with Atlantic influence, characterised by extreme temperature differences between winter and summer.<br \/>\n<strong>\u2022 Processing method:<\/strong> The grapes were harvested by hand in boxes and vinified separately in concrete tanks where they remained throughout fermentation. Villarin is aged in the same concrete tanks for 9 months, and the Fontairo plot is aged in French oak barrels for 12 months.<br \/>\n<strong>\u2022 Certification: <\/strong>Certified ecological.<\/p>","protected":false},"featured_media":5005,"template":"","meta":{"ocean_post_layout":"","ocean_both_sidebars_style":"","ocean_both_sidebars_content_width":0,"ocean_both_sidebars_sidebars_width":0,"ocean_sidebar":"0","ocean_second_sidebar":"0","ocean_disable_margins":"enable","ocean_add_body_class":"","ocean_shortcode_before_top_bar":"","ocean_shortcode_after_top_bar":"","ocean_shortcode_before_header":"","ocean_shortcode_after_header":"","ocean_has_shortcode":"","ocean_shortcode_after_title":"","ocean_shortcode_before_footer_widgets":"","ocean_shortcode_after_footer_widgets":"","ocean_shortcode_before_footer_bottom":"","ocean_shortcode_after_footer_bottom":"","ocean_display_top_bar":"default","ocean_display_header":"default","ocean_header_style":"","ocean_center_header_left_menu":"0","ocean_custom_header_template":"0","ocean_custom_logo":0,"ocean_custom_retina_logo":0,"ocean_custom_logo_max_width":0,"ocean_custom_logo_tablet_max_width":0,"ocean_custom_logo_mobile_max_width":0,"ocean_custom_logo_max_height":0,"ocean_custom_logo_tablet_max_height":0,"ocean_custom_logo_mobile_max_height":0,"ocean_header_custom_menu":"0","ocean_menu_typo_font_family":"0","ocean_menu_typo_font_subset":"","ocean_menu_typo_font_size":0,"ocean_menu_typo_font_size_tablet":0,"ocean_menu_typo_font_size_mobile":0,"ocean_menu_typo_font_size_unit":"px","ocean_menu_typo_font_weight":"","ocean_menu_typo_font_weight_tablet":"","ocean_menu_typo_font_weight_mobile":"","ocean_menu_typo_transform":"","ocean_menu_typo_transform_tablet":"","ocean_menu_typo_transform_mobile":"","ocean_menu_typo_line_height":0,"ocean_menu_typo_line_height_tablet":0,"ocean_menu_typo_line_height_mobile":0,"ocean_menu_typo_line_height_unit":"","ocean_menu_typo_spacing":0,"ocean_menu_typo_spacing_tablet":0,"ocean_menu_typo_spacing_mobile":0,"ocean_menu_typo_spacing_unit":"","ocean_menu_link_color":"","ocean_menu_link_color_hover":"","ocean_menu_link_color_active":"","ocean_menu_link_background":"","ocean_menu_link_hover_background":"","ocean_menu_link_active_background":"","ocean_menu_social_links_bg":"","ocean_menu_social_hover_links_bg":"","ocean_menu_social_links_color":"","ocean_menu_social_hover_links_color":"","ocean_disable_title":"default","ocean_disable_heading":"default","ocean_post_title":"","ocean_post_subheading":"","ocean_post_title_style":"","ocean_post_title_background_color":"","ocean_post_title_background":0,"ocean_post_title_bg_image_position":"","ocean_post_title_bg_image_attachment":"","ocean_post_title_bg_image_repeat":"","ocean_post_title_bg_image_size":"","ocean_post_title_height":0,"ocean_post_title_bg_overlay":0.5,"ocean_post_title_bg_overlay_color":"","ocean_disable_breadcrumbs":"default","ocean_breadcrumbs_color":"","ocean_breadcrumbs_separator_color":"","ocean_breadcrumbs_links_color":"","ocean_breadcrumbs_links_hover_color":"","ocean_display_footer_widgets":"default","ocean_display_footer_bottom":"default","ocean_custom_footer_template":"0"},"product_brand":[],"product_cat":[176,232,192,193],"product_tag":[234,237,238],"class_list":{"0":"post-4683","1":"product","2":"type-product","3":"status-publish","4":"has-post-thumbnail","6":"product_cat-colaboracion-el-salgueral","7":"product_cat-vinos","8":"product_cat-vinos-tintos","9":"product_cat-vinos-tintos-bierzo","10":"product_tag-vino","11":"product_tag-vino-do-bierzo","12":"product_tag-vino-tinto","14":"entry","15":"has-media","17":"first","18":"instock","19":"taxable","20":"shipping-taxable","21":"purchasable","22":"product-type-variable","23":"has-product-nav","24":"col","25":"span_1_of_4","26":"owp-content-center","27":"item-entry","28":"owp-thumbs-layout-horizontal","29":"owp-btn-very-big","30":"owp-tabs-layout-vertical"},"acf":[],"yoast_head":"<!-- This site is optimized with the Yoast SEO plugin v27.4 - https:\/\/yoast.com\/product\/yoast-seo-wordpress\/ -->\n<title>AKILIA VILLA DE SAN LORENZO TINTO - Mar de Especias<\/title>\n<meta name=\"description\" content=\"Akilia Villa San Lorenzo tinto, un vino vers\u00e1til, gastron\u00f3mico y muy agradable. Sorprende por ese marcado car\u00e1cter varietal, es equilibrado, mineral y de una acidez perfectamente integrada.\" \/>\n<meta name=\"robots\" content=\"index, follow, max-snippet:-1, max-image-preview:large, max-video-preview:-1\" \/>\n<link rel=\"canonical\" href=\"https:\/\/mardeespecias.com\/en\/product\/akilia-villa-san-lorenzo-tinto\/\" \/>\n<meta property=\"og:locale\" content=\"en_GB\" \/>\n<meta property=\"og:type\" content=\"article\" \/>\n<meta property=\"og:title\" content=\"AKILIA VILLA DE SAN LORENZO TINTO - Mar de Especias\" \/>\n<meta property=\"og:description\" content=\"Akilia Villa San Lorenzo tinto, un vino vers\u00e1til, gastron\u00f3mico y muy agradable. Sorprende por ese marcado car\u00e1cter varietal, es equilibrado, mineral y de una acidez perfectamente integrada.\" \/>\n<meta property=\"og:url\" content=\"https:\/\/mardeespecias.com\/en\/product\/akilia-villa-san-lorenzo-tinto\/\" \/>\n<meta property=\"og:site_name\" content=\"Mar de Especias\" \/>\n<meta property=\"article:publisher\" content=\"https:\/\/www.facebook.com\/mardeespeciasoficial\/\" \/>\n<meta property=\"article:modified_time\" content=\"2024-03-29T20:47:43+00:00\" \/>\n<meta property=\"og:image\" content=\"https:\/\/mardeespecias.com\/wp-content\/uploads\/2023\/05\/Akilia-San-Lorenzo-fondo-blanco-1.jpg\" \/>\n\t<meta property=\"og:image:width\" content=\"612\" \/>\n\t<meta property=\"og:image:height\" content=\"612\" \/>\n\t<meta property=\"og:image:type\" content=\"image\/jpeg\" \/>\n<meta name=\"twitter:card\" content=\"summary_large_image\" \/>\n<meta name=\"twitter:site\" content=\"@MardeEspecias\" \/>\n<meta name=\"twitter:label1\" content=\"Estimated reading time\" \/>\n\t<meta name=\"twitter:data1\" content=\"1 minute\" \/>\n<script type=\"application\/ld+json\" class=\"yoast-schema-graph\">{\"@context\":\"https:\\\/\\\/schema.org\",\"@graph\":[{\"@type\":\"WebPage\",\"@id\":\"https:\\\/\\\/mardeespecias.com\\\/producto\\\/akilia-villa-san-lorenzo-tinto\\\/\",\"url\":\"https:\\\/\\\/mardeespecias.com\\\/producto\\\/akilia-villa-san-lorenzo-tinto\\\/\",\"name\":\"AKILIA VILLA DE SAN LORENZO TINTO - Mar de Especias\",\"isPartOf\":{\"@id\":\"https:\\\/\\\/mardeespecias.com\\\/#website\"},\"primaryImageOfPage\":{\"@id\":\"https:\\\/\\\/mardeespecias.com\\\/producto\\\/akilia-villa-san-lorenzo-tinto\\\/#primaryimage\"},\"image\":{\"@id\":\"https:\\\/\\\/mardeespecias.com\\\/producto\\\/akilia-villa-san-lorenzo-tinto\\\/#primaryimage\"},\"thumbnailUrl\":\"https:\\\/\\\/mardeespecias.com\\\/wp-content\\\/uploads\\\/2023\\\/05\\\/Akilia-San-Lorenzo-fondo-blanco-1.jpg\",\"datePublished\":\"2023-02-28T18:09:26+00:00\",\"dateModified\":\"2024-03-29T20:47:43+00:00\",\"description\":\"Akilia Villa San Lorenzo tinto, un vino vers\u00e1til, gastron\u00f3mico y muy agradable. Sorprende por ese marcado car\u00e1cter varietal, es equilibrado, mineral y de una acidez perfectamente integrada.\",\"breadcrumb\":{\"@id\":\"https:\\\/\\\/mardeespecias.com\\\/producto\\\/akilia-villa-san-lorenzo-tinto\\\/#breadcrumb\"},\"inLanguage\":\"en-GB\",\"potentialAction\":[{\"@type\":\"ReadAction\",\"target\":[\"https:\\\/\\\/mardeespecias.com\\\/producto\\\/akilia-villa-san-lorenzo-tinto\\\/\"]}]},{\"@type\":\"ImageObject\",\"inLanguage\":\"en-GB\",\"@id\":\"https:\\\/\\\/mardeespecias.com\\\/producto\\\/akilia-villa-san-lorenzo-tinto\\\/#primaryimage\",\"url\":\"https:\\\/\\\/mardeespecias.com\\\/wp-content\\\/uploads\\\/2023\\\/05\\\/Akilia-San-Lorenzo-fondo-blanco-1.jpg\",\"contentUrl\":\"https:\\\/\\\/mardeespecias.com\\\/wp-content\\\/uploads\\\/2023\\\/05\\\/Akilia-San-Lorenzo-fondo-blanco-1.jpg\",\"width\":612,\"height\":612,\"caption\":\"Akilia San Lorenzo\"},{\"@type\":\"BreadcrumbList\",\"@id\":\"https:\\\/\\\/mardeespecias.com\\\/producto\\\/akilia-villa-san-lorenzo-tinto\\\/#breadcrumb\",\"itemListElement\":[{\"@type\":\"ListItem\",\"position\":1,\"name\":\"INICIO\",\"item\":\"https:\\\/\\\/mardeespecias.com\\\/\"},{\"@type\":\"ListItem\",\"position\":2,\"name\":\"Tienda\",\"item\":\"https:\\\/\\\/mardeespecias.com\\\/tienda\\\/\"},{\"@type\":\"ListItem\",\"position\":3,\"name\":\"AKILIA VILLA DE SAN LORENZO TINTO\"}]},{\"@type\":\"WebSite\",\"@id\":\"https:\\\/\\\/mardeespecias.com\\\/#website\",\"url\":\"https:\\\/\\\/mardeespecias.com\\\/\",\"name\":\"Mar de Especias\",\"description\":\"Sal y bot\u00e1nicos para cocteler\u00eda, cocina y reposter\u00eda\",\"publisher\":{\"@id\":\"https:\\\/\\\/mardeespecias.com\\\/#organization\"},\"potentialAction\":[{\"@type\":\"SearchAction\",\"target\":{\"@type\":\"EntryPoint\",\"urlTemplate\":\"https:\\\/\\\/mardeespecias.com\\\/?s={search_term_string}\"},\"query-input\":{\"@type\":\"PropertyValueSpecification\",\"valueRequired\":true,\"valueName\":\"search_term_string\"}}],\"inLanguage\":\"en-GB\"},{\"@type\":\"Organization\",\"@id\":\"https:\\\/\\\/mardeespecias.com\\\/#organization\",\"name\":\"Mar de Especias\",\"url\":\"https:\\\/\\\/mardeespecias.com\\\/\",\"logo\":{\"@type\":\"ImageObject\",\"inLanguage\":\"en-GB\",\"@id\":\"https:\\\/\\\/mardeespecias.com\\\/#\\\/schema\\\/logo\\\/image\\\/\",\"url\":\"https:\\\/\\\/mardeespecias.com\\\/wp-content\\\/uploads\\\/2018\\\/05\\\/LOGO_MDE-TRANSP.png\",\"contentUrl\":\"https:\\\/\\\/mardeespecias.com\\\/wp-content\\\/uploads\\\/2018\\\/05\\\/LOGO_MDE-TRANSP.png\",\"width\":244,\"height\":115,\"caption\":\"Mar de Especias\"},\"image\":{\"@id\":\"https:\\\/\\\/mardeespecias.com\\\/#\\\/schema\\\/logo\\\/image\\\/\"},\"sameAs\":[\"https:\\\/\\\/www.facebook.com\\\/mardeespeciasoficial\\\/\",\"https:\\\/\\\/x.com\\\/MardeEspecias\",\"https:\\\/\\\/www.instagram.com\\\/mardeespeciasoficial\\\/\"]}]}<\/script>\n<!-- \/ Yoast SEO plugin. -->","yoast_head_json":{"title":"AKILIA VILLA DE SAN LORENZO TINTO - Mar de Especias","description":"Akilia Villa San Lorenzo tinto, un vino vers\u00e1til, gastron\u00f3mico y muy agradable. Sorprende por ese marcado car\u00e1cter varietal, es equilibrado, mineral y de una acidez perfectamente integrada.","robots":{"index":"index","follow":"follow","max-snippet":"max-snippet:-1","max-image-preview":"max-image-preview:large","max-video-preview":"max-video-preview:-1"},"canonical":"https:\/\/mardeespecias.com\/en\/product\/akilia-villa-san-lorenzo-tinto\/","og_locale":"en_GB","og_type":"article","og_title":"AKILIA VILLA DE SAN LORENZO TINTO - Mar de Especias","og_description":"Akilia Villa San Lorenzo tinto, un vino vers\u00e1til, gastron\u00f3mico y muy agradable. Sorprende por ese marcado car\u00e1cter varietal, es equilibrado, mineral y de una acidez perfectamente integrada.","og_url":"https:\/\/mardeespecias.com\/en\/product\/akilia-villa-san-lorenzo-tinto\/","og_site_name":"Mar de Especias","article_publisher":"https:\/\/www.facebook.com\/mardeespeciasoficial\/","article_modified_time":"2024-03-29T20:47:43+00:00","og_image":[{"width":612,"height":612,"url":"https:\/\/mardeespecias.com\/wp-content\/uploads\/2023\/05\/Akilia-San-Lorenzo-fondo-blanco-1.jpg","type":"image\/jpeg"}],"twitter_card":"summary_large_image","twitter_site":"@MardeEspecias","twitter_misc":{"Estimated reading time":"1 minute"},"schema":{"@context":"https:\/\/schema.org","@graph":[{"@type":"WebPage","@id":"https:\/\/mardeespecias.com\/producto\/akilia-villa-san-lorenzo-tinto\/","url":"https:\/\/mardeespecias.com\/producto\/akilia-villa-san-lorenzo-tinto\/","name":"AKILIA VILLA DE SAN LORENZO TINTO - Mar de Especias","isPartOf":{"@id":"https:\/\/mardeespecias.com\/#website"},"primaryImageOfPage":{"@id":"https:\/\/mardeespecias.com\/producto\/akilia-villa-san-lorenzo-tinto\/#primaryimage"},"image":{"@id":"https:\/\/mardeespecias.com\/producto\/akilia-villa-san-lorenzo-tinto\/#primaryimage"},"thumbnailUrl":"https:\/\/mardeespecias.com\/wp-content\/uploads\/2023\/05\/Akilia-San-Lorenzo-fondo-blanco-1.jpg","datePublished":"2023-02-28T18:09:26+00:00","dateModified":"2024-03-29T20:47:43+00:00","description":"Akilia Villa San Lorenzo tinto, un vino vers\u00e1til, gastron\u00f3mico y muy agradable. Sorprende por ese marcado car\u00e1cter varietal, es equilibrado, mineral y de una acidez perfectamente integrada.","breadcrumb":{"@id":"https:\/\/mardeespecias.com\/producto\/akilia-villa-san-lorenzo-tinto\/#breadcrumb"},"inLanguage":"en-GB","potentialAction":[{"@type":"ReadAction","target":["https:\/\/mardeespecias.com\/producto\/akilia-villa-san-lorenzo-tinto\/"]}]},{"@type":"ImageObject","inLanguage":"en-GB","@id":"https:\/\/mardeespecias.com\/producto\/akilia-villa-san-lorenzo-tinto\/#primaryimage","url":"https:\/\/mardeespecias.com\/wp-content\/uploads\/2023\/05\/Akilia-San-Lorenzo-fondo-blanco-1.jpg","contentUrl":"https:\/\/mardeespecias.com\/wp-content\/uploads\/2023\/05\/Akilia-San-Lorenzo-fondo-blanco-1.jpg","width":612,"height":612,"caption":"Akilia San Lorenzo"},{"@type":"BreadcrumbList","@id":"https:\/\/mardeespecias.com\/producto\/akilia-villa-san-lorenzo-tinto\/#breadcrumb","itemListElement":[{"@type":"ListItem","position":1,"name":"INICIO","item":"https:\/\/mardeespecias.com\/"},{"@type":"ListItem","position":2,"name":"Tienda","item":"https:\/\/mardeespecias.com\/tienda\/"},{"@type":"ListItem","position":3,"name":"AKILIA VILLA DE SAN LORENZO TINTO"}]},{"@type":"WebSite","@id":"https:\/\/mardeespecias.com\/#website","url":"https:\/\/mardeespecias.com\/","name":"Mar de Especias","description":"Sal y bot\u00e1nicos para cocteler\u00eda, cocina y reposter\u00eda","publisher":{"@id":"https:\/\/mardeespecias.com\/#organization"},"potentialAction":[{"@type":"SearchAction","target":{"@type":"EntryPoint","urlTemplate":"https:\/\/mardeespecias.com\/?s={search_term_string}"},"query-input":{"@type":"PropertyValueSpecification","valueRequired":true,"valueName":"search_term_string"}}],"inLanguage":"en-GB"},{"@type":"Organization","@id":"https:\/\/mardeespecias.com\/#organization","name":"Mar de Especias","url":"https:\/\/mardeespecias.com\/","logo":{"@type":"ImageObject","inLanguage":"en-GB","@id":"https:\/\/mardeespecias.com\/#\/schema\/logo\/image\/","url":"https:\/\/mardeespecias.com\/wp-content\/uploads\/2018\/05\/LOGO_MDE-TRANSP.png","contentUrl":"https:\/\/mardeespecias.com\/wp-content\/uploads\/2018\/05\/LOGO_MDE-TRANSP.png","width":244,"height":115,"caption":"Mar de Especias"},"image":{"@id":"https:\/\/mardeespecias.com\/#\/schema\/logo\/image\/"},"sameAs":["https:\/\/www.facebook.com\/mardeespeciasoficial\/","https:\/\/x.com\/MardeEspecias","https:\/\/www.instagram.com\/mardeespeciasoficial\/"]}]}},"_links":{"self":[{"href":"https:\/\/mardeespecias.com\/en\/wp-json\/wp\/v2\/product\/4683","targetHints":{"allow":["GET"]}}],"collection":[{"href":"https:\/\/mardeespecias.com\/en\/wp-json\/wp\/v2\/product"}],"about":[{"href":"https:\/\/mardeespecias.com\/en\/wp-json\/wp\/v2\/types\/product"}],"version-history":[{"count":1,"href":"https:\/\/mardeespecias.com\/en\/wp-json\/wp\/v2\/product\/4683\/revisions"}],"predecessor-version":[{"id":5526,"href":"https:\/\/mardeespecias.com\/en\/wp-json\/wp\/v2\/product\/4683\/revisions\/5526"}],"wp:featuredmedia":[{"embeddable":true,"href":"https:\/\/mardeespecias.com\/en\/wp-json\/wp\/v2\/media\/5005"}],"wp:attachment":[{"href":"https:\/\/mardeespecias.com\/en\/wp-json\/wp\/v2\/media?parent=4683"}],"wp:term":[{"taxonomy":"product_brand","embeddable":true,"href":"https:\/\/mardeespecias.com\/en\/wp-json\/wp\/v2\/product_brand?post=4683"},{"taxonomy":"product_cat","embeddable":true,"href":"https:\/\/mardeespecias.com\/en\/wp-json\/wp\/v2\/product_cat?post=4683"},{"taxonomy":"product_tag","embeddable":true,"href":"https:\/\/mardeespecias.com\/en\/wp-json\/wp\/v2\/product_tag?post=4683"}],"curies":[{"name":"wp","href":"https:\/\/api.w.org\/{rel}","templated":true}]}}