{"id":4743,"date":"2023-03-03T17:57:20","date_gmt":"2023-03-03T16:57:20","guid":{"rendered":"https:\/\/mardeespecias.com\/?post_type=product&#038;p=4743"},"modified":"2024-03-29T21:47:31","modified_gmt":"2024-03-29T20:47:31","slug":"la-jurisdiccion","status":"publish","type":"product","link":"https:\/\/mardeespecias.com\/en\/product\/la-jurisdiccion\/","title":{"rendered":"LA JURISDICCI\u00d3N"},"content":{"rendered":"<p><strong>\"A Godello that has it all\".<\/strong><br \/>\nLa Jurisdicci\u00f3n is a wine made with 100% Godello grapes from family plots, mostly from the village of Villalibre de la Jurisdicci\u00f3n, from which it takes its name. These old vines, at an altitude of about 900 meters, give us a wine with a different profile, we find a friendly, fruity, ripe, balanced and tasty wine, a tribute to the summer and the greenish colours of the vines in full bloom and exuberant colour.<\/p>\n<p><strong>\u2022 The winery:<\/strong> <a href=\"https:\/\/www.vinoslof.com\/\"><span style=\"text-decoration: underline;\">LOF<\/span><\/a>.<br \/>\n<strong>\u2022 Location:<\/strong> Valtuille de Abajo<br \/>\n<strong>\u2022 Variety:<\/strong> 100% Godello<br \/>\n<strong>\u2022 Geographical indication:<\/strong> D.O. Bierzo<br \/>\n<strong>\u2022 Alcohol:<\/strong> 12 %<br \/>\n<strong>\u2022 Vineyard:<\/strong> La Jurisdicci\u00f3n comes from several plots with a variety of years, from old vineyards grafted in Godello variety to new plantation of only 5 years old. The vineyards are north-facing on the southern slopes of the mountains in the southern part of the Bierzo region.<br \/>\n<strong>\u2022 Soil type:<\/strong> Soft soils with fine slate in clayey gullies.<br \/>\n<strong>\u2022 Climate:<\/strong> Continental Mediterranean with Atlantic influence, characterised by extreme temperature differences between winter and summer.<br \/>\n<strong>\u2022 Processing method:<\/strong> The grapes are manually selected in 20kg baskets and at the entrance to the winery they are directly destemmed and pressed to begin fermentation in stainless steel tanks. The must is racked at a low temperature for 24 hours. It is aged in wood with its fine lees for 6 months, at the end of which it is decanted and filtered mechanically. After 6 months it is bottled.<br \/>\n<strong>\u2022 Certification:<\/strong> Sustainable viticulture.<\/p>","protected":false},"excerpt":{"rendered":"<p><strong>\u2022 The winery:<\/strong> <a href=\"https:\/\/www.vinoslof.com\/\"><span style=\"text-decoration: underline;\">LOF<\/span><\/a>.<br \/>\n<strong>\u2022 Location:<\/strong> Valtuille de Abajo<br \/>\n<strong>\u2022 Variety:<\/strong> 100% Godello<br \/>\n<strong>\u2022 Geographical indication:<\/strong> D.O. Bierzo<br \/>\n<strong>\u2022 Alcohol:<\/strong> 12 %<br \/>\n<strong>\u2022 Vineyard:<\/strong> La Jurisdicci\u00f3n comes from several plots with a variety of years, from old vineyards grafted in Godello variety to new plantation of only 5 years old. The vineyards are north-facing on the southern slopes of the mountains in the southern part of the Bierzo region.<br \/>\n<strong>\u2022 Soil type:<\/strong> Soft soils with fine slate in clayey gullies.<br \/>\n<strong>\u2022 Climate:<\/strong> Continental Mediterranean with Atlantic influence, characterised by extreme temperature differences between winter and summer.<br \/>\n<strong>\u2022 Processing method:<\/strong> The grapes are manually selected in 20kg baskets and at the entrance to the winery they are directly destemmed and pressed to begin fermentation in stainless steel tanks. The must is racked at a low temperature for 24 hours. It is aged in wood with its fine lees for 6 months, at the end of which it is decanted and filtered mechanically. After 6 months it is bottled.<br \/>\n<strong>\u2022 Certification:<\/strong> Sustainable viticulture.<\/p>","protected":false},"featured_media":5027,"template":"","meta":{"ocean_post_layout":"","ocean_both_sidebars_style":"","ocean_both_sidebars_content_width":0,"ocean_both_sidebars_sidebars_width":0,"ocean_sidebar":"0","ocean_second_sidebar":"0","ocean_disable_margins":"enable","ocean_add_body_class":"","ocean_shortcode_before_top_bar":"","ocean_shortcode_after_top_bar":"","ocean_shortcode_before_header":"","ocean_shortcode_after_header":"","ocean_has_shortcode":"","ocean_shortcode_after_title":"","ocean_shortcode_before_footer_widgets":"","ocean_shortcode_after_footer_widgets":"","ocean_shortcode_before_footer_bottom":"","ocean_shortcode_after_footer_bottom":"","ocean_display_top_bar":"default","ocean_display_header":"default","ocean_header_style":"","ocean_center_header_left_menu":"0","ocean_custom_header_template":"0","ocean_custom_logo":0,"ocean_custom_retina_logo":0,"ocean_custom_logo_max_width":0,"ocean_custom_logo_tablet_max_width":0,"ocean_custom_logo_mobile_max_width":0,"ocean_custom_logo_max_height":0,"ocean_custom_logo_tablet_max_height":0,"ocean_custom_logo_mobile_max_height":0,"ocean_header_custom_menu":"0","ocean_menu_typo_font_family":"0","ocean_menu_typo_font_subset":"","ocean_menu_typo_font_size":0,"ocean_menu_typo_font_size_tablet":0,"ocean_menu_typo_font_size_mobile":0,"ocean_menu_typo_font_size_unit":"px","ocean_menu_typo_font_weight":"","ocean_menu_typo_font_weight_tablet":"","ocean_menu_typo_font_weight_mobile":"","ocean_menu_typo_transform":"","ocean_menu_typo_transform_tablet":"","ocean_menu_typo_transform_mobile":"","ocean_menu_typo_line_height":0,"ocean_menu_typo_line_height_tablet":0,"ocean_menu_typo_line_height_mobile":0,"ocean_menu_typo_line_height_unit":"","ocean_menu_typo_spacing":0,"ocean_menu_typo_spacing_tablet":0,"ocean_menu_typo_spacing_mobile":0,"ocean_menu_typo_spacing_unit":"","ocean_menu_link_color":"","ocean_menu_link_color_hover":"","ocean_menu_link_color_active":"","ocean_menu_link_background":"","ocean_menu_link_hover_background":"","ocean_menu_link_active_background":"","ocean_menu_social_links_bg":"","ocean_menu_social_hover_links_bg":"","ocean_menu_social_links_color":"","ocean_menu_social_hover_links_color":"","ocean_disable_title":"default","ocean_disable_heading":"default","ocean_post_title":"","ocean_post_subheading":"","ocean_post_title_style":"","ocean_post_title_background_color":"","ocean_post_title_background":0,"ocean_post_title_bg_image_position":"","ocean_post_title_bg_image_attachment":"","ocean_post_title_bg_image_repeat":"","ocean_post_title_bg_image_size":"","ocean_post_title_height":0,"ocean_post_title_bg_overlay":0.5,"ocean_post_title_bg_overlay_color":"","ocean_disable_breadcrumbs":"default","ocean_breadcrumbs_color":"","ocean_breadcrumbs_separator_color":"","ocean_breadcrumbs_links_color":"","ocean_breadcrumbs_links_hover_color":"","ocean_display_footer_widgets":"default","ocean_display_footer_bottom":"default","ocean_custom_footer_template":"0"},"product_brand":[],"product_cat":[176,232,195,196],"product_tag":[236,234,235,237],"class_list":{"0":"post-4743","1":"product","2":"type-product","3":"status-publish","4":"has-post-thumbnail","6":"product_cat-colaboracion-el-salgueral","7":"product_cat-vinos","8":"product_cat-vinos-blancos","9":"product_cat-vinos-blancos-bierzo","10":"product_tag-godello","11":"product_tag-vino","12":"product_tag-vino-blanco","13":"product_tag-vino-do-bierzo","15":"entry","16":"has-media","18":"first","19":"instock","20":"taxable","21":"shipping-taxable","22":"purchasable","23":"product-type-variable","24":"has-product-nav","25":"col","26":"span_1_of_4","27":"owp-content-center","28":"item-entry","29":"owp-thumbs-layout-horizontal","30":"owp-btn-very-big","31":"owp-tabs-layout-vertical"},"acf":[],"yoast_head":"<!-- This site is optimized with the Yoast SEO plugin v27.2 - https:\/\/yoast.com\/product\/yoast-seo-wordpress\/ -->\n<title>LA JURISDICCI\u00d3N - Mar de Especias<\/title>\n<meta name=\"description\" content=\"La Jurisdicci\u00f3n Godello vino amable, frutal, maduro, equilibrado y sabroso, viejas vi\u00f1as, a una altitud de unos 900 metros.\" \/>\n<meta name=\"robots\" content=\"index, follow, max-snippet:-1, max-image-preview:large, max-video-preview:-1\" \/>\n<link rel=\"canonical\" href=\"https:\/\/mardeespecias.com\/en\/product\/la-jurisdiccion\/\" \/>\n<meta property=\"og:locale\" content=\"en_GB\" \/>\n<meta property=\"og:type\" content=\"article\" \/>\n<meta property=\"og:title\" content=\"LA JURISDICCI\u00d3N - Mar de Especias\" \/>\n<meta property=\"og:description\" content=\"La Jurisdicci\u00f3n Godello vino amable, frutal, maduro, equilibrado y sabroso, viejas vi\u00f1as, a una altitud de unos 900 metros.\" \/>\n<meta property=\"og:url\" content=\"https:\/\/mardeespecias.com\/en\/product\/la-jurisdiccion\/\" \/>\n<meta property=\"og:site_name\" content=\"Mar de Especias\" \/>\n<meta property=\"article:publisher\" content=\"https:\/\/www.facebook.com\/mardeespeciasoficial\/\" \/>\n<meta property=\"article:modified_time\" content=\"2024-03-29T20:47:31+00:00\" \/>\n<meta property=\"og:image\" content=\"https:\/\/mardeespecias.com\/wp-content\/uploads\/2023\/05\/La-jurisdiccion-fondo-blanco-1.jpg\" \/>\n\t<meta property=\"og:image:width\" content=\"612\" \/>\n\t<meta property=\"og:image:height\" content=\"612\" \/>\n\t<meta property=\"og:image:type\" content=\"image\/jpeg\" \/>\n<meta name=\"twitter:card\" content=\"summary_large_image\" \/>\n<meta name=\"twitter:site\" content=\"@MardeEspecias\" \/>\n<meta name=\"twitter:label1\" content=\"Estimated reading time\" \/>\n\t<meta name=\"twitter:data1\" content=\"1 minute\" \/>\n<script type=\"application\/ld+json\" class=\"yoast-schema-graph\">{\"@context\":\"https:\/\/schema.org\",\"@graph\":[{\"@type\":\"WebPage\",\"@id\":\"https:\/\/mardeespecias.com\/producto\/la-jurisdiccion\/\",\"url\":\"https:\/\/mardeespecias.com\/producto\/la-jurisdiccion\/\",\"name\":\"LA JURISDICCI\u00d3N - Mar de Especias\",\"isPartOf\":{\"@id\":\"https:\/\/mardeespecias.com\/#website\"},\"primaryImageOfPage\":{\"@id\":\"https:\/\/mardeespecias.com\/producto\/la-jurisdiccion\/#primaryimage\"},\"image\":{\"@id\":\"https:\/\/mardeespecias.com\/producto\/la-jurisdiccion\/#primaryimage\"},\"thumbnailUrl\":\"https:\/\/mardeespecias.com\/wp-content\/uploads\/2023\/05\/La-jurisdiccion-fondo-blanco-1.jpg\",\"datePublished\":\"2023-03-03T16:57:20+00:00\",\"dateModified\":\"2024-03-29T20:47:31+00:00\",\"description\":\"La Jurisdicci\u00f3n Godello vino amable, frutal, maduro, equilibrado y sabroso, viejas vi\u00f1as, a una altitud de unos 900 metros.\",\"breadcrumb\":{\"@id\":\"https:\/\/mardeespecias.com\/producto\/la-jurisdiccion\/#breadcrumb\"},\"inLanguage\":\"en-GB\",\"potentialAction\":[{\"@type\":\"ReadAction\",\"target\":[\"https:\/\/mardeespecias.com\/producto\/la-jurisdiccion\/\"]}]},{\"@type\":\"ImageObject\",\"inLanguage\":\"en-GB\",\"@id\":\"https:\/\/mardeespecias.com\/producto\/la-jurisdiccion\/#primaryimage\",\"url\":\"https:\/\/mardeespecias.com\/wp-content\/uploads\/2023\/05\/La-jurisdiccion-fondo-blanco-1.jpg\",\"contentUrl\":\"https:\/\/mardeespecias.com\/wp-content\/uploads\/2023\/05\/La-jurisdiccion-fondo-blanco-1.jpg\",\"width\":612,\"height\":612,\"caption\":\"La jurisdiccion\"},{\"@type\":\"BreadcrumbList\",\"@id\":\"https:\/\/mardeespecias.com\/producto\/la-jurisdiccion\/#breadcrumb\",\"itemListElement\":[{\"@type\":\"ListItem\",\"position\":1,\"name\":\"INICIO\",\"item\":\"https:\/\/mardeespecias.com\/\"},{\"@type\":\"ListItem\",\"position\":2,\"name\":\"Tienda\",\"item\":\"https:\/\/mardeespecias.com\/tienda\/\"},{\"@type\":\"ListItem\",\"position\":3,\"name\":\"LA JURISDICCI\u00d3N\"}]},{\"@type\":\"WebSite\",\"@id\":\"https:\/\/mardeespecias.com\/#website\",\"url\":\"https:\/\/mardeespecias.com\/\",\"name\":\"Mar de Especias\",\"description\":\"Sal y bot\u00e1nicos para cocteler\u00eda, cocina y reposter\u00eda\",\"publisher\":{\"@id\":\"https:\/\/mardeespecias.com\/#organization\"},\"potentialAction\":[{\"@type\":\"SearchAction\",\"target\":{\"@type\":\"EntryPoint\",\"urlTemplate\":\"https:\/\/mardeespecias.com\/?s={search_term_string}\"},\"query-input\":{\"@type\":\"PropertyValueSpecification\",\"valueRequired\":true,\"valueName\":\"search_term_string\"}}],\"inLanguage\":\"en-GB\"},{\"@type\":\"Organization\",\"@id\":\"https:\/\/mardeespecias.com\/#organization\",\"name\":\"Mar de Especias\",\"url\":\"https:\/\/mardeespecias.com\/\",\"logo\":{\"@type\":\"ImageObject\",\"inLanguage\":\"en-GB\",\"@id\":\"https:\/\/mardeespecias.com\/#\/schema\/logo\/image\/\",\"url\":\"https:\/\/mardeespecias.com\/wp-content\/uploads\/2018\/05\/LOGO_MDE-TRANSP.png\",\"contentUrl\":\"https:\/\/mardeespecias.com\/wp-content\/uploads\/2018\/05\/LOGO_MDE-TRANSP.png\",\"width\":244,\"height\":115,\"caption\":\"Mar de Especias\"},\"image\":{\"@id\":\"https:\/\/mardeespecias.com\/#\/schema\/logo\/image\/\"},\"sameAs\":[\"https:\/\/www.facebook.com\/mardeespeciasoficial\/\",\"https:\/\/x.com\/MardeEspecias\",\"https:\/\/www.instagram.com\/mardeespeciasoficial\/\"]}]}<\/script>\n<!-- \/ Yoast SEO plugin. -->","yoast_head_json":{"title":"LA JURISDICCI\u00d3N - Mar de Especias","description":"La Jurisdicci\u00f3n Godello vino amable, frutal, maduro, equilibrado y sabroso, viejas vi\u00f1as, a una altitud de unos 900 metros.","robots":{"index":"index","follow":"follow","max-snippet":"max-snippet:-1","max-image-preview":"max-image-preview:large","max-video-preview":"max-video-preview:-1"},"canonical":"https:\/\/mardeespecias.com\/en\/product\/la-jurisdiccion\/","og_locale":"en_GB","og_type":"article","og_title":"LA JURISDICCI\u00d3N - Mar de Especias","og_description":"La Jurisdicci\u00f3n Godello vino amable, frutal, maduro, equilibrado y sabroso, viejas vi\u00f1as, a una altitud de unos 900 metros.","og_url":"https:\/\/mardeespecias.com\/en\/product\/la-jurisdiccion\/","og_site_name":"Mar de Especias","article_publisher":"https:\/\/www.facebook.com\/mardeespeciasoficial\/","article_modified_time":"2024-03-29T20:47:31+00:00","og_image":[{"width":612,"height":612,"url":"https:\/\/mardeespecias.com\/wp-content\/uploads\/2023\/05\/La-jurisdiccion-fondo-blanco-1.jpg","type":"image\/jpeg"}],"twitter_card":"summary_large_image","twitter_site":"@MardeEspecias","twitter_misc":{"Estimated reading time":"1 minute"},"schema":{"@context":"https:\/\/schema.org","@graph":[{"@type":"WebPage","@id":"https:\/\/mardeespecias.com\/producto\/la-jurisdiccion\/","url":"https:\/\/mardeespecias.com\/producto\/la-jurisdiccion\/","name":"LA JURISDICCI\u00d3N - Mar de Especias","isPartOf":{"@id":"https:\/\/mardeespecias.com\/#website"},"primaryImageOfPage":{"@id":"https:\/\/mardeespecias.com\/producto\/la-jurisdiccion\/#primaryimage"},"image":{"@id":"https:\/\/mardeespecias.com\/producto\/la-jurisdiccion\/#primaryimage"},"thumbnailUrl":"https:\/\/mardeespecias.com\/wp-content\/uploads\/2023\/05\/La-jurisdiccion-fondo-blanco-1.jpg","datePublished":"2023-03-03T16:57:20+00:00","dateModified":"2024-03-29T20:47:31+00:00","description":"La Jurisdicci\u00f3n Godello vino amable, frutal, maduro, equilibrado y sabroso, viejas vi\u00f1as, a una altitud de unos 900 metros.","breadcrumb":{"@id":"https:\/\/mardeespecias.com\/producto\/la-jurisdiccion\/#breadcrumb"},"inLanguage":"en-GB","potentialAction":[{"@type":"ReadAction","target":["https:\/\/mardeespecias.com\/producto\/la-jurisdiccion\/"]}]},{"@type":"ImageObject","inLanguage":"en-GB","@id":"https:\/\/mardeespecias.com\/producto\/la-jurisdiccion\/#primaryimage","url":"https:\/\/mardeespecias.com\/wp-content\/uploads\/2023\/05\/La-jurisdiccion-fondo-blanco-1.jpg","contentUrl":"https:\/\/mardeespecias.com\/wp-content\/uploads\/2023\/05\/La-jurisdiccion-fondo-blanco-1.jpg","width":612,"height":612,"caption":"La jurisdiccion"},{"@type":"BreadcrumbList","@id":"https:\/\/mardeespecias.com\/producto\/la-jurisdiccion\/#breadcrumb","itemListElement":[{"@type":"ListItem","position":1,"name":"INICIO","item":"https:\/\/mardeespecias.com\/"},{"@type":"ListItem","position":2,"name":"Tienda","item":"https:\/\/mardeespecias.com\/tienda\/"},{"@type":"ListItem","position":3,"name":"LA JURISDICCI\u00d3N"}]},{"@type":"WebSite","@id":"https:\/\/mardeespecias.com\/#website","url":"https:\/\/mardeespecias.com\/","name":"Mar de Especias","description":"Sal y bot\u00e1nicos para cocteler\u00eda, cocina y reposter\u00eda","publisher":{"@id":"https:\/\/mardeespecias.com\/#organization"},"potentialAction":[{"@type":"SearchAction","target":{"@type":"EntryPoint","urlTemplate":"https:\/\/mardeespecias.com\/?s={search_term_string}"},"query-input":{"@type":"PropertyValueSpecification","valueRequired":true,"valueName":"search_term_string"}}],"inLanguage":"en-GB"},{"@type":"Organization","@id":"https:\/\/mardeespecias.com\/#organization","name":"Mar de Especias","url":"https:\/\/mardeespecias.com\/","logo":{"@type":"ImageObject","inLanguage":"en-GB","@id":"https:\/\/mardeespecias.com\/#\/schema\/logo\/image\/","url":"https:\/\/mardeespecias.com\/wp-content\/uploads\/2018\/05\/LOGO_MDE-TRANSP.png","contentUrl":"https:\/\/mardeespecias.com\/wp-content\/uploads\/2018\/05\/LOGO_MDE-TRANSP.png","width":244,"height":115,"caption":"Mar de Especias"},"image":{"@id":"https:\/\/mardeespecias.com\/#\/schema\/logo\/image\/"},"sameAs":["https:\/\/www.facebook.com\/mardeespeciasoficial\/","https:\/\/x.com\/MardeEspecias","https:\/\/www.instagram.com\/mardeespeciasoficial\/"]}]}},"_links":{"self":[{"href":"https:\/\/mardeespecias.com\/en\/wp-json\/wp\/v2\/product\/4743","targetHints":{"allow":["GET"]}}],"collection":[{"href":"https:\/\/mardeespecias.com\/en\/wp-json\/wp\/v2\/product"}],"about":[{"href":"https:\/\/mardeespecias.com\/en\/wp-json\/wp\/v2\/types\/product"}],"version-history":[{"count":1,"href":"https:\/\/mardeespecias.com\/en\/wp-json\/wp\/v2\/product\/4743\/revisions"}],"predecessor-version":[{"id":5523,"href":"https:\/\/mardeespecias.com\/en\/wp-json\/wp\/v2\/product\/4743\/revisions\/5523"}],"wp:featuredmedia":[{"embeddable":true,"href":"https:\/\/mardeespecias.com\/en\/wp-json\/wp\/v2\/media\/5027"}],"wp:attachment":[{"href":"https:\/\/mardeespecias.com\/en\/wp-json\/wp\/v2\/media?parent=4743"}],"wp:term":[{"taxonomy":"product_brand","embeddable":true,"href":"https:\/\/mardeespecias.com\/en\/wp-json\/wp\/v2\/product_brand?post=4743"},{"taxonomy":"product_cat","embeddable":true,"href":"https:\/\/mardeespecias.com\/en\/wp-json\/wp\/v2\/product_cat?post=4743"},{"taxonomy":"product_tag","embeddable":true,"href":"https:\/\/mardeespecias.com\/en\/wp-json\/wp\/v2\/product_tag?post=4743"}],"curies":[{"name":"wp","href":"https:\/\/api.w.org\/{rel}","templated":true}]}}