{"id":4746,"date":"2023-03-03T20:00:43","date_gmt":"2023-03-03T19:00:43","guid":{"rendered":"https:\/\/mardeespecias.com\/?post_type=product&#038;p=4746"},"modified":"2024-03-29T21:47:25","modified_gmt":"2024-03-29T20:47:25","slug":"matalospardos","status":"publish","type":"product","link":"https:\/\/mardeespecias.com\/en\/product\/matalospardos\/","title":{"rendered":"MATALOSPARDOS"},"content":{"rendered":"<p><strong>\"A Paraje wine that dazzles\".<\/strong><br \/>\nMatalospardos \"vino de paraje\", a vineyard located in the heart of Valtuille de Abajo, emerges on one of its main hills in the area of Mata Los Pardos, from which it takes its name. Set on clay and sandy soils, the small adjoining family plots are located, one slope facing north-east and the other south-west. The particularity of the site and its vines of more than 80 years old give rise to this special wine.<\/p>\n<p><strong>\u2022 The winery:<\/strong> <a href=\"https:\/\/www.vinoslof.com\/\"><span style=\"text-decoration: underline;\">LOF<\/span><\/a>.<br \/>\n<strong>\u2022 Location:<\/strong> Valtuille de Abajo<br \/>\n<strong>\u2022 Variety:<\/strong> 100% Menc\u00eda<br \/>\n<strong>\u2022 Geographical indication:<\/strong> D.O. Bierzo<br \/>\n<strong>\u2022 Alcohol:<\/strong> 13 %<br \/>\n<strong>\u2022 Vineyard:<\/strong> Matalospardos comes from adjoining plots located in the area from which it takes its name, facing southwest and northeast. The vineyard has belonged to the family for several generations, with vines that are not very vigorous, with reduced, aerated and scattered production.<br \/>\n<strong>\u2022 Soil type:<\/strong> Clayey-sandy soil<br \/>\n<strong>\u2022 Climate:<\/strong> Continental Mediterranean with Atlantic influence, characterised by extreme temperature differences between winter and summer.<br \/>\n<strong>\u2022 Processing method:<\/strong> The grapes enter the winery with ripe stems and the bunches are crushed in a stainless steel tank using the traditional method. Spontaneous fermentation with indigenous yeasts at room temperature. It is pumped over daily to aid fermentation and produce aeration. At the end of alcoholic fermentation the must is racked and decanted to fill the barrels. Aged for 18 months in French oak barrels and 12 months in the bottle.<br \/>\n<strong>\u2022 Certification:<\/strong> Sustainable viticulture.<\/p>","protected":false},"excerpt":{"rendered":"<p><strong>\u2022 The winery:<\/strong> <a href=\"https:\/\/www.vinoslof.com\/\"><span style=\"text-decoration: underline;\">LOF<\/span><\/a>.<br \/>\n<strong>\u2022 Location:<\/strong> Valtuille de Abajo<br \/>\n<strong>\u2022 Variety:<\/strong> 100% Menc\u00eda<br \/>\n<strong>\u2022 Geographical indication:<\/strong> D.O. Bierzo<br \/>\n<strong>\u2022 Alcohol:<\/strong> 13 %<br \/>\n<strong>\u2022 Vineyard:<\/strong> Matalospardos comes from adjoining plots located in the area from which it takes its name, facing southwest and northeast. The vineyard has belonged to the family for several generations, with vines that are not very vigorous, with reduced, aerated and scattered production.<br \/>\n<strong>\u2022 Soil type:<\/strong> Clayey-sandy soil<br \/>\n<strong>\u2022 Climate:<\/strong> Continental Mediterranean with Atlantic influence, characterised by extreme temperature differences between winter and summer.<br \/>\n<strong>\u2022 Processing method:<\/strong> The grapes enter the winery with ripe stems and the bunches are crushed in a stainless steel tank using the traditional method. Spontaneous fermentation with indigenous yeasts at room temperature. It is pumped over daily to aid fermentation and produce aeration. At the end of alcoholic fermentation the must is racked and decanted to fill the barrels. Aged for 18 months in French oak barrels and 12 months in the bottle.<br \/>\n<strong>\u2022 Certification:<\/strong> Sustainable viticulture.<\/p>","protected":false},"featured_media":5031,"template":"","meta":{"ocean_post_layout":"","ocean_both_sidebars_style":"","ocean_both_sidebars_content_width":0,"ocean_both_sidebars_sidebars_width":0,"ocean_sidebar":"0","ocean_second_sidebar":"0","ocean_disable_margins":"enable","ocean_add_body_class":"","ocean_shortcode_before_top_bar":"","ocean_shortcode_after_top_bar":"","ocean_shortcode_before_header":"","ocean_shortcode_after_header":"","ocean_has_shortcode":"","ocean_shortcode_after_title":"","ocean_shortcode_before_footer_widgets":"","ocean_shortcode_after_footer_widgets":"","ocean_shortcode_before_footer_bottom":"","ocean_shortcode_after_footer_bottom":"","ocean_display_top_bar":"default","ocean_display_header":"default","ocean_header_style":"","ocean_center_header_left_menu":"0","ocean_custom_header_template":"0","ocean_custom_logo":0,"ocean_custom_retina_logo":0,"ocean_custom_logo_max_width":0,"ocean_custom_logo_tablet_max_width":0,"ocean_custom_logo_mobile_max_width":0,"ocean_custom_logo_max_height":0,"ocean_custom_logo_tablet_max_height":0,"ocean_custom_logo_mobile_max_height":0,"ocean_header_custom_menu":"0","ocean_menu_typo_font_family":"0","ocean_menu_typo_font_subset":"","ocean_menu_typo_font_size":0,"ocean_menu_typo_font_size_tablet":0,"ocean_menu_typo_font_size_mobile":0,"ocean_menu_typo_font_size_unit":"px","ocean_menu_typo_font_weight":"","ocean_menu_typo_font_weight_tablet":"","ocean_menu_typo_font_weight_mobile":"","ocean_menu_typo_transform":"","ocean_menu_typo_transform_tablet":"","ocean_menu_typo_transform_mobile":"","ocean_menu_typo_line_height":0,"ocean_menu_typo_line_height_tablet":0,"ocean_menu_typo_line_height_mobile":0,"ocean_menu_typo_line_height_unit":"","ocean_menu_typo_spacing":0,"ocean_menu_typo_spacing_tablet":0,"ocean_menu_typo_spacing_mobile":0,"ocean_menu_typo_spacing_unit":"","ocean_menu_link_color":"","ocean_menu_link_color_hover":"","ocean_menu_link_color_active":"","ocean_menu_link_background":"","ocean_menu_link_hover_background":"","ocean_menu_link_active_background":"","ocean_menu_social_links_bg":"","ocean_menu_social_hover_links_bg":"","ocean_menu_social_links_color":"","ocean_menu_social_hover_links_color":"","ocean_disable_title":"default","ocean_disable_heading":"default","ocean_post_title":"","ocean_post_subheading":"","ocean_post_title_style":"","ocean_post_title_background_color":"","ocean_post_title_background":0,"ocean_post_title_bg_image_position":"","ocean_post_title_bg_image_attachment":"","ocean_post_title_bg_image_repeat":"","ocean_post_title_bg_image_size":"","ocean_post_title_height":0,"ocean_post_title_bg_overlay":0.5,"ocean_post_title_bg_overlay_color":"","ocean_disable_breadcrumbs":"default","ocean_breadcrumbs_color":"","ocean_breadcrumbs_separator_color":"","ocean_breadcrumbs_links_color":"","ocean_breadcrumbs_links_hover_color":"","ocean_display_footer_widgets":"default","ocean_display_footer_bottom":"default","ocean_custom_footer_template":"0"},"product_brand":[],"product_cat":[176,232,192,193],"product_tag":[234,237,238],"class_list":{"0":"post-4746","1":"product","2":"type-product","3":"status-publish","4":"has-post-thumbnail","6":"product_cat-colaboracion-el-salgueral","7":"product_cat-vinos","8":"product_cat-vinos-tintos","9":"product_cat-vinos-tintos-bierzo","10":"product_tag-vino","11":"product_tag-vino-do-bierzo","12":"product_tag-vino-tinto","14":"entry","15":"has-media","17":"first","18":"instock","19":"taxable","20":"shipping-taxable","21":"purchasable","22":"product-type-variable","23":"has-product-nav","24":"col","25":"span_1_of_4","26":"owp-content-center","27":"item-entry","28":"owp-thumbs-layout-horizontal","29":"owp-btn-very-big","30":"owp-tabs-layout-vertical"},"acf":[],"yoast_head":"<!-- This site is optimized with the Yoast SEO plugin v27.4 - https:\/\/yoast.com\/product\/yoast-seo-wordpress\/ -->\n<title>MATALOSPARDOS - Mar de Especias<\/title>\n<meta name=\"description\" content=\"Matalospardos, vino de paraje exraido de vi\u00f1as de mas de 80 a\u00f1os. Crianza de 18 meses en barrica francesa y 12 en botella.\" \/>\n<meta name=\"robots\" content=\"index, follow, max-snippet:-1, max-image-preview:large, max-video-preview:-1\" \/>\n<link rel=\"canonical\" href=\"https:\/\/mardeespecias.com\/en\/product\/matalospardos\/\" \/>\n<meta property=\"og:locale\" content=\"en_GB\" \/>\n<meta property=\"og:type\" content=\"article\" \/>\n<meta property=\"og:title\" content=\"MATALOSPARDOS - Mar de Especias\" \/>\n<meta property=\"og:description\" content=\"Matalospardos, vino de paraje exraido de vi\u00f1as de mas de 80 a\u00f1os. Crianza de 18 meses en barrica francesa y 12 en botella.\" \/>\n<meta property=\"og:url\" content=\"https:\/\/mardeespecias.com\/en\/product\/matalospardos\/\" \/>\n<meta property=\"og:site_name\" content=\"Mar de Especias\" \/>\n<meta property=\"article:publisher\" content=\"https:\/\/www.facebook.com\/mardeespeciasoficial\/\" \/>\n<meta property=\"article:modified_time\" content=\"2024-03-29T20:47:25+00:00\" \/>\n<meta property=\"og:image\" content=\"https:\/\/mardeespecias.com\/wp-content\/uploads\/2023\/05\/Matalospardos-fondo-blanco-1.jpg\" \/>\n\t<meta property=\"og:image:width\" content=\"612\" \/>\n\t<meta property=\"og:image:height\" content=\"612\" \/>\n\t<meta property=\"og:image:type\" content=\"image\/jpeg\" \/>\n<meta name=\"twitter:card\" content=\"summary_large_image\" \/>\n<meta name=\"twitter:site\" content=\"@MardeEspecias\" \/>\n<meta name=\"twitter:label1\" content=\"Estimated reading time\" \/>\n\t<meta name=\"twitter:data1\" content=\"1 minute\" \/>\n<script type=\"application\/ld+json\" class=\"yoast-schema-graph\">{\"@context\":\"https:\\\/\\\/schema.org\",\"@graph\":[{\"@type\":\"WebPage\",\"@id\":\"https:\\\/\\\/mardeespecias.com\\\/producto\\\/matalospardos\\\/\",\"url\":\"https:\\\/\\\/mardeespecias.com\\\/producto\\\/matalospardos\\\/\",\"name\":\"MATALOSPARDOS - Mar de Especias\",\"isPartOf\":{\"@id\":\"https:\\\/\\\/mardeespecias.com\\\/#website\"},\"primaryImageOfPage\":{\"@id\":\"https:\\\/\\\/mardeespecias.com\\\/producto\\\/matalospardos\\\/#primaryimage\"},\"image\":{\"@id\":\"https:\\\/\\\/mardeespecias.com\\\/producto\\\/matalospardos\\\/#primaryimage\"},\"thumbnailUrl\":\"https:\\\/\\\/mardeespecias.com\\\/wp-content\\\/uploads\\\/2023\\\/05\\\/Matalospardos-fondo-blanco-1.jpg\",\"datePublished\":\"2023-03-03T19:00:43+00:00\",\"dateModified\":\"2024-03-29T20:47:25+00:00\",\"description\":\"Matalospardos, vino de paraje exraido de vi\u00f1as de mas de 80 a\u00f1os. Crianza de 18 meses en barrica francesa y 12 en botella.\",\"breadcrumb\":{\"@id\":\"https:\\\/\\\/mardeespecias.com\\\/producto\\\/matalospardos\\\/#breadcrumb\"},\"inLanguage\":\"en-GB\",\"potentialAction\":[{\"@type\":\"ReadAction\",\"target\":[\"https:\\\/\\\/mardeespecias.com\\\/producto\\\/matalospardos\\\/\"]}]},{\"@type\":\"ImageObject\",\"inLanguage\":\"en-GB\",\"@id\":\"https:\\\/\\\/mardeespecias.com\\\/producto\\\/matalospardos\\\/#primaryimage\",\"url\":\"https:\\\/\\\/mardeespecias.com\\\/wp-content\\\/uploads\\\/2023\\\/05\\\/Matalospardos-fondo-blanco-1.jpg\",\"contentUrl\":\"https:\\\/\\\/mardeespecias.com\\\/wp-content\\\/uploads\\\/2023\\\/05\\\/Matalospardos-fondo-blanco-1.jpg\",\"width\":612,\"height\":612,\"caption\":\"Matalospardos\"},{\"@type\":\"BreadcrumbList\",\"@id\":\"https:\\\/\\\/mardeespecias.com\\\/producto\\\/matalospardos\\\/#breadcrumb\",\"itemListElement\":[{\"@type\":\"ListItem\",\"position\":1,\"name\":\"INICIO\",\"item\":\"https:\\\/\\\/mardeespecias.com\\\/\"},{\"@type\":\"ListItem\",\"position\":2,\"name\":\"Tienda\",\"item\":\"https:\\\/\\\/mardeespecias.com\\\/tienda\\\/\"},{\"@type\":\"ListItem\",\"position\":3,\"name\":\"MATALOSPARDOS\"}]},{\"@type\":\"WebSite\",\"@id\":\"https:\\\/\\\/mardeespecias.com\\\/#website\",\"url\":\"https:\\\/\\\/mardeespecias.com\\\/\",\"name\":\"Mar de Especias\",\"description\":\"Sal y bot\u00e1nicos para cocteler\u00eda, cocina y reposter\u00eda\",\"publisher\":{\"@id\":\"https:\\\/\\\/mardeespecias.com\\\/#organization\"},\"potentialAction\":[{\"@type\":\"SearchAction\",\"target\":{\"@type\":\"EntryPoint\",\"urlTemplate\":\"https:\\\/\\\/mardeespecias.com\\\/?s={search_term_string}\"},\"query-input\":{\"@type\":\"PropertyValueSpecification\",\"valueRequired\":true,\"valueName\":\"search_term_string\"}}],\"inLanguage\":\"en-GB\"},{\"@type\":\"Organization\",\"@id\":\"https:\\\/\\\/mardeespecias.com\\\/#organization\",\"name\":\"Mar de Especias\",\"url\":\"https:\\\/\\\/mardeespecias.com\\\/\",\"logo\":{\"@type\":\"ImageObject\",\"inLanguage\":\"en-GB\",\"@id\":\"https:\\\/\\\/mardeespecias.com\\\/#\\\/schema\\\/logo\\\/image\\\/\",\"url\":\"https:\\\/\\\/mardeespecias.com\\\/wp-content\\\/uploads\\\/2018\\\/05\\\/LOGO_MDE-TRANSP.png\",\"contentUrl\":\"https:\\\/\\\/mardeespecias.com\\\/wp-content\\\/uploads\\\/2018\\\/05\\\/LOGO_MDE-TRANSP.png\",\"width\":244,\"height\":115,\"caption\":\"Mar de Especias\"},\"image\":{\"@id\":\"https:\\\/\\\/mardeespecias.com\\\/#\\\/schema\\\/logo\\\/image\\\/\"},\"sameAs\":[\"https:\\\/\\\/www.facebook.com\\\/mardeespeciasoficial\\\/\",\"https:\\\/\\\/x.com\\\/MardeEspecias\",\"https:\\\/\\\/www.instagram.com\\\/mardeespeciasoficial\\\/\"]}]}<\/script>\n<!-- \/ Yoast SEO plugin. -->","yoast_head_json":{"title":"MATALOSPARDOS - Mar de Especias","description":"Matalospardos, vino de paraje exraido de vi\u00f1as de mas de 80 a\u00f1os. Crianza de 18 meses en barrica francesa y 12 en botella.","robots":{"index":"index","follow":"follow","max-snippet":"max-snippet:-1","max-image-preview":"max-image-preview:large","max-video-preview":"max-video-preview:-1"},"canonical":"https:\/\/mardeespecias.com\/en\/product\/matalospardos\/","og_locale":"en_GB","og_type":"article","og_title":"MATALOSPARDOS - Mar de Especias","og_description":"Matalospardos, vino de paraje exraido de vi\u00f1as de mas de 80 a\u00f1os. Crianza de 18 meses en barrica francesa y 12 en botella.","og_url":"https:\/\/mardeespecias.com\/en\/product\/matalospardos\/","og_site_name":"Mar de Especias","article_publisher":"https:\/\/www.facebook.com\/mardeespeciasoficial\/","article_modified_time":"2024-03-29T20:47:25+00:00","og_image":[{"width":612,"height":612,"url":"https:\/\/mardeespecias.com\/wp-content\/uploads\/2023\/05\/Matalospardos-fondo-blanco-1.jpg","type":"image\/jpeg"}],"twitter_card":"summary_large_image","twitter_site":"@MardeEspecias","twitter_misc":{"Estimated reading time":"1 minute"},"schema":{"@context":"https:\/\/schema.org","@graph":[{"@type":"WebPage","@id":"https:\/\/mardeespecias.com\/producto\/matalospardos\/","url":"https:\/\/mardeespecias.com\/producto\/matalospardos\/","name":"MATALOSPARDOS - Mar de Especias","isPartOf":{"@id":"https:\/\/mardeespecias.com\/#website"},"primaryImageOfPage":{"@id":"https:\/\/mardeespecias.com\/producto\/matalospardos\/#primaryimage"},"image":{"@id":"https:\/\/mardeespecias.com\/producto\/matalospardos\/#primaryimage"},"thumbnailUrl":"https:\/\/mardeespecias.com\/wp-content\/uploads\/2023\/05\/Matalospardos-fondo-blanco-1.jpg","datePublished":"2023-03-03T19:00:43+00:00","dateModified":"2024-03-29T20:47:25+00:00","description":"Matalospardos, vino de paraje exraido de vi\u00f1as de mas de 80 a\u00f1os. Crianza de 18 meses en barrica francesa y 12 en botella.","breadcrumb":{"@id":"https:\/\/mardeespecias.com\/producto\/matalospardos\/#breadcrumb"},"inLanguage":"en-GB","potentialAction":[{"@type":"ReadAction","target":["https:\/\/mardeespecias.com\/producto\/matalospardos\/"]}]},{"@type":"ImageObject","inLanguage":"en-GB","@id":"https:\/\/mardeespecias.com\/producto\/matalospardos\/#primaryimage","url":"https:\/\/mardeespecias.com\/wp-content\/uploads\/2023\/05\/Matalospardos-fondo-blanco-1.jpg","contentUrl":"https:\/\/mardeespecias.com\/wp-content\/uploads\/2023\/05\/Matalospardos-fondo-blanco-1.jpg","width":612,"height":612,"caption":"Matalospardos"},{"@type":"BreadcrumbList","@id":"https:\/\/mardeespecias.com\/producto\/matalospardos\/#breadcrumb","itemListElement":[{"@type":"ListItem","position":1,"name":"INICIO","item":"https:\/\/mardeespecias.com\/"},{"@type":"ListItem","position":2,"name":"Tienda","item":"https:\/\/mardeespecias.com\/tienda\/"},{"@type":"ListItem","position":3,"name":"MATALOSPARDOS"}]},{"@type":"WebSite","@id":"https:\/\/mardeespecias.com\/#website","url":"https:\/\/mardeespecias.com\/","name":"Mar de Especias","description":"Sal y bot\u00e1nicos para cocteler\u00eda, cocina y reposter\u00eda","publisher":{"@id":"https:\/\/mardeespecias.com\/#organization"},"potentialAction":[{"@type":"SearchAction","target":{"@type":"EntryPoint","urlTemplate":"https:\/\/mardeespecias.com\/?s={search_term_string}"},"query-input":{"@type":"PropertyValueSpecification","valueRequired":true,"valueName":"search_term_string"}}],"inLanguage":"en-GB"},{"@type":"Organization","@id":"https:\/\/mardeespecias.com\/#organization","name":"Mar de Especias","url":"https:\/\/mardeespecias.com\/","logo":{"@type":"ImageObject","inLanguage":"en-GB","@id":"https:\/\/mardeespecias.com\/#\/schema\/logo\/image\/","url":"https:\/\/mardeespecias.com\/wp-content\/uploads\/2018\/05\/LOGO_MDE-TRANSP.png","contentUrl":"https:\/\/mardeespecias.com\/wp-content\/uploads\/2018\/05\/LOGO_MDE-TRANSP.png","width":244,"height":115,"caption":"Mar de Especias"},"image":{"@id":"https:\/\/mardeespecias.com\/#\/schema\/logo\/image\/"},"sameAs":["https:\/\/www.facebook.com\/mardeespeciasoficial\/","https:\/\/x.com\/MardeEspecias","https:\/\/www.instagram.com\/mardeespeciasoficial\/"]}]}},"_links":{"self":[{"href":"https:\/\/mardeespecias.com\/en\/wp-json\/wp\/v2\/product\/4746","targetHints":{"allow":["GET"]}}],"collection":[{"href":"https:\/\/mardeespecias.com\/en\/wp-json\/wp\/v2\/product"}],"about":[{"href":"https:\/\/mardeespecias.com\/en\/wp-json\/wp\/v2\/types\/product"}],"version-history":[{"count":1,"href":"https:\/\/mardeespecias.com\/en\/wp-json\/wp\/v2\/product\/4746\/revisions"}],"predecessor-version":[{"id":5522,"href":"https:\/\/mardeespecias.com\/en\/wp-json\/wp\/v2\/product\/4746\/revisions\/5522"}],"wp:featuredmedia":[{"embeddable":true,"href":"https:\/\/mardeespecias.com\/en\/wp-json\/wp\/v2\/media\/5031"}],"wp:attachment":[{"href":"https:\/\/mardeespecias.com\/en\/wp-json\/wp\/v2\/media?parent=4746"}],"wp:term":[{"taxonomy":"product_brand","embeddable":true,"href":"https:\/\/mardeespecias.com\/en\/wp-json\/wp\/v2\/product_brand?post=4746"},{"taxonomy":"product_cat","embeddable":true,"href":"https:\/\/mardeespecias.com\/en\/wp-json\/wp\/v2\/product_cat?post=4746"},{"taxonomy":"product_tag","embeddable":true,"href":"https:\/\/mardeespecias.com\/en\/wp-json\/wp\/v2\/product_tag?post=4746"}],"curies":[{"name":"wp","href":"https:\/\/api.w.org\/{rel}","templated":true}]}}